{"id":2764,"date":"2024-03-27T14:52:13","date_gmt":"2024-03-27T14:52:13","guid":{"rendered":"https:\/\/nuovosito.kinsta.cloud\/?page_id=2764"},"modified":"2025-02-06T09:02:55","modified_gmt":"2025-02-06T09:02:55","slug":"kehrt-zurueck","status":"publish","type":"page","link":"https:\/\/nokobike.com\/de\/kehrt-zurueck\/","title":{"rendered":"Kehrt zur\u00fcck"},"content":{"rendered":"\t\t<div data-elementor-type=\"wp-page\" data-elementor-id=\"2764\" class=\"elementor elementor-2764 elementor-2076\" data-elementor-post-type=\"page\">\n\t\t\t\t\t\t<section class=\"elementor-section elementor-top-section elementor-element elementor-element-eb25715 elementor-section-boxed elementor-section-height-default elementor-section-height-default\" data-id=\"eb25715\" data-element_type=\"section\" data-settings=\"{&quot;background_background&quot;:&quot;classic&quot;,&quot;shape_divider_bottom&quot;:&quot;curve&quot;,&quot;shape_divider_bottom_negative&quot;:&quot;yes&quot;}\">\n\t\t\t\t\t\t\t<div class=\"elementor-background-overlay\"><\/div>\n\t\t\t\t\t\t<div class=\"elementor-shape elementor-shape-bottom\" aria-hidden=\"true\" data-negative=\"true\">\n\t\t\t<svg xmlns=\"http:\/\/www.w3.org\/2000\/svg\" viewBox=\"0 0 1000 100\" preserveAspectRatio=\"none\">\n\t<path class=\"elementor-shape-fill\" d=\"M500,97C126.7,96.3,0.8,19.8,0,0v100l1000,0V1C1000,19.4,873.3,97.8,500,97z\"\/>\n<\/svg>\t\t<\/div>\n\t\t\t\t\t<div class=\"elementor-container elementor-column-gap-default\">\n\t\t\t\t\t<div class=\"elementor-column elementor-col-100 elementor-top-column elementor-element elementor-element-20aa974\" data-id=\"20aa974\" data-element_type=\"column\">\n\t\t\t<div class=\"elementor-widget-wrap elementor-element-populated\">\n\t\t\t\t\t\t<section class=\"elementor-section elementor-inner-section elementor-element elementor-element-1b7c05a elementor-section-boxed elementor-section-height-default elementor-section-height-default\" data-id=\"1b7c05a\" data-element_type=\"section\">\n\t\t\t\t\t\t<div class=\"elementor-container elementor-column-gap-default\">\n\t\t\t\t\t<div class=\"elementor-column elementor-col-100 elementor-inner-column elementor-element elementor-element-eb223ba\" data-id=\"eb223ba\" data-element_type=\"column\">\n\t\t\t<div class=\"elementor-widget-wrap elementor-element-populated\">\n\t\t\t\t\t\t<div class=\"elementor-element elementor-element-96f736c elementor-widget elementor-widget-text-editor\" data-id=\"96f736c\" data-element_type=\"widget\" data-widget_type=\"text-editor.default\">\n\t\t\t\t<div class=\"elementor-widget-container\">\n\t\t\t\t\t\t\t\t\t<p><span style=\"vertical-align: inherit;\">R\u00fcckgabe und Stornierung<\/span><\/p>\t\t\t\t\t\t\t\t<\/div>\n\t\t\t\t<\/div>\n\t\t\t\t\t<\/div>\n\t\t<\/div>\n\t\t\t\t\t<\/div>\n\t\t<\/section>\n\t\t\t\t\t<\/div>\n\t\t<\/div>\n\t\t\t\t\t<\/div>\n\t\t<\/section>\n\t\t\t\t<section class=\"elementor-section elementor-top-section elementor-element elementor-element-ecc64e8 elementor-section-boxed elementor-section-height-default elementor-section-height-default\" data-id=\"ecc64e8\" data-element_type=\"section\">\n\t\t\t\t\t\t<div class=\"elementor-container elementor-column-gap-default\">\n\t\t\t\t\t<div class=\"elementor-column elementor-col-100 elementor-top-column elementor-element elementor-element-4e5cd38\" data-id=\"4e5cd38\" data-element_type=\"column\">\n\t\t\t<div class=\"elementor-widget-wrap elementor-element-populated\">\n\t\t\t\t\t\t<div class=\"elementor-element elementor-element-f5b9b0a elementor-widget elementor-widget-spacer\" data-id=\"f5b9b0a\" data-element_type=\"widget\" data-widget_type=\"spacer.default\">\n\t\t\t\t<div class=\"elementor-widget-container\">\n\t\t\t\t\t\t\t<div class=\"elementor-spacer\">\n\t\t\t<div class=\"elementor-spacer-inner\"><\/div>\n\t\t<\/div>\n\t\t\t\t\t\t<\/div>\n\t\t\t\t<\/div>\n\t\t\t\t\t<\/div>\n\t\t<\/div>\n\t\t\t\t\t<\/div>\n\t\t<\/section>\n\t\t\t\t<section class=\"elementor-section elementor-top-section elementor-element elementor-element-6586678 elementor-section-boxed elementor-section-height-default elementor-section-height-default\" data-id=\"6586678\" data-element_type=\"section\">\n\t\t\t\t\t\t<div class=\"elementor-container elementor-column-gap-default\">\n\t\t\t\t\t<div class=\"elementor-column elementor-col-100 elementor-top-column elementor-element elementor-element-4241b37\" data-id=\"4241b37\" data-element_type=\"column\">\n\t\t\t<div class=\"elementor-widget-wrap elementor-element-populated\">\n\t\t\t\t\t\t<div class=\"elementor-element elementor-element-159c1e6 elementor-widget elementor-widget-text-editor\" data-id=\"159c1e6\" data-element_type=\"widget\" data-widget_type=\"text-editor.default\">\n\t\t\t\t<div class=\"elementor-widget-container\">\n\t\t\t\t\t\t\t\t\t<p><span style=\"vertical-align: inherit;\">NOKO glaubt fest an die Qualit\u00e4t unserer \u201eMade in Italy\u201c-Produkte und wir sind zuversichtlich, dass unsere E-Bikes Ihre Erwartungen erf\u00fcllen werden.<\/span><\/p><p><span style=\"vertical-align: inherit;\">Aus diesem Grund bieten wir Ihnen die M\u00f6glichkeit, das gekaufte NOKO-E-Bike\u00a0 innerhalb von 20 Tagen ab Lieferdatum <\/span><strong><span style=\"vertical-align: inherit;\">kostenlos<\/span><\/strong><span style=\"vertical-align: inherit;\"> zur\u00fcckzugeben \u00a0. Wenn Sie Ihren Kauf \u00fcberlegt haben oder NOKO nicht Ihren Erwartungen entsprach, folgen Sie einfach den nachstehenden Anweisungen, um eine kostenlose R\u00fcckgabe des E-Bikes anzufordern.<\/span><\/p><p><span style=\"vertical-align: inherit;\">Das\u00a0 <\/span><strong><span style=\"vertical-align: inherit;\">kostenlose R\u00fcckgaberecht innerhalb von 20 Tagen<\/span><\/strong><span style=\"vertical-align: inherit;\"> \u00a0unterliegt folgenden Bedingungen: Die Produkte d\u00fcrfen nicht besch\u00e4digt sein und d\u00fcrfen keine Anzeichen von starkem Verschlei\u00df, Abrieb oder Kratzern aufweisen, die den Weiterverkauf der Ware im \u201eneuen\u201c Zustand beeintr\u00e4chtigen k\u00f6nnten. Keine Sorge, der Reifenverschlei\u00df beeintr\u00e4chtigt Ihr R\u00fcckgaberecht nicht!<\/span><\/p><p><strong><span style=\"vertical-align: inherit;\">NOKO muss in der Originalverpackung, komplett mit Verpackungsmaterial und allen zum Zeitpunkt der Lieferung erhaltenen Gegenst\u00e4nden, Komponenten und Zubeh\u00f6rteilen versendet werden.<\/span><\/strong><\/p><p><span style=\"vertical-align: inherit;\">Gem\u00e4\u00df den geltenden Gesetzen ist das Widerrufsrecht ausgeschlossen und kann daher nicht ausge\u00fcbt werden, wenn die gekauften Waren auf ausdr\u00fccklichen Wunsch des Kunden zum Zeitpunkt der Bestellung individuell angepasst wurden.<\/span><\/p><p><span style=\"vertical-align: inherit;\">Die R\u00fccksendung muss in einer einzigen Sendung und niemals in getrennten Sendungen erfolgen, da andernfalls das Recht verf\u00e4llt.<\/span><\/p><p><span style=\"vertical-align: inherit;\">Die Frist ist gewahrt, wenn der K\u00e4ufer vor Ablauf der Frist von 20 Tagen von seinem Widerrufsrecht Gebrauch macht.<\/span><\/p><p><span style=\"vertical-align: inherit;\">Gem\u00e4\u00df italienischem Recht reisen die zur\u00fcckgesandten Waren nach Ablauf der 20-t\u00e4gigen Widerrufsfrist auf Risiko und Kosten des Kunden, der daher gebeten wird, sich per E-Mail oder Telefon mit NOKO \u00fcber die Wahl der am besten geeigneten Versandart abzustimmen. Die Kosten f\u00fcr die R\u00fccksendung tr\u00e4gt der Kunde, der von seinem Widerrufsrecht Gebrauch machen m\u00f6chte, vollst\u00e4ndig, au\u00dfer im Falle eines von NOKO anerkannten Fehlers. Jedes Paket, f\u00fcr das der Kurier eine Zahlung verlangt, wird abgelehnt, sei es per Nachnahme, f\u00fcr Versandkosten oder jede andere Art von Kosten.<\/span><\/p><p><span style=\"vertical-align: inherit;\">Sobald Ihr R\u00fccksendeantrag vom NOKO-Kundendienst genehmigt wurde, erhalten Sie eine E-Mail mit den Versandanweisungen. Die Verpackung muss an allen potenziell br\u00fcchigen Stellen ordnungsgem\u00e4\u00df mit signiertem Klebeband versiegelt werden, um die Verpackung einzigartig und unwiederholbar zu machen.<\/span><\/p><p><span style=\"vertical-align: inherit;\">Im Falle offensichtlicher Manipulationen an der Verpackung beim Empfang Ihrer R\u00fccksendung wird diese abgelehnt, um dem Kunden die M\u00f6glichkeit zu geben, eine Beschwerde beim Transportunternehmen einzureichen und so das Versicherungsverfahren des Kuriers oder der Post einzuleiten.<\/span><\/p><p><span style=\"vertical-align: inherit;\">Die R\u00fcckerstattung des an den Kunden gezahlten Preises erfolgt innerhalb von 5-7 Werktagen nach Annahme und Lieferung der zur\u00fcckgesandten Ware an NOKO, ausschlie\u00dflich durch Zahlung auf das Bank- oder Postkonto des Kunden.<\/span><\/p><ul><li><b><span style=\"vertical-align: inherit;\">Wie kann ich eine Bestellung stornieren?<\/span><\/b><\/li><\/ul><p><span style=\"vertical-align: inherit;\">Vor dem Versand haben Sie das Recht*, einen oder mehrere Artikel Ihrer Bestellung zu stornieren. W\u00e4hlen Sie dazu einfach die einzelnen zu stornierenden Artikel auf der Seite \u201eBestellungen\u201c aus und best\u00e4tigen Sie die Stornierung durch Klicken auf die Schaltfl\u00e4che \u201eBest\u00e4tigen\u201c.<\/span><\/p><p><span style=\"vertical-align: inherit;\">*Dieses Recht steht Ihnen nur zu, wenn Ihre Bestellung noch nicht im Bearbeitungsstatus \u201eAbgeschlossen\u201c steht, da sonst keine \u00c4nderungen an der Bestellung mehr m\u00f6glich sind.<\/span><\/p><p><span style=\"vertical-align: inherit;\">Sobald der Stornierungsprozess abgeschlossen ist, nehmen wir die R\u00fcckerstattung vor. Diese erfolgt innerhalb von 5-7 Werktagen \u00fcber die beim Kauf verwendete Zahlungsmethode.<\/span><\/p><ul><li><b><span style=\"vertical-align: inherit;\">Was sind die R\u00fcckgabebedingungen?<\/span><\/b><\/li><\/ul><p><span style=\"vertical-align: inherit;\">Die R\u00fcckgabebedingungen sind nicht immer gleich. F\u00fcr jede R\u00fcckgabe ist es erforderlich, eine Reklamation im Zusammenhang mit der Bestellung einzuleiten. Bitte kontaktieren Sie uns und f\u00fcgen Sie alle erforderlichen Informationen sowie Fotos und\/oder Videos bei, die den tats\u00e4chlichen Grund f\u00fcr die R\u00fcckgabe belegen.<\/span><\/p><ul><li><b><span style=\"vertical-align: inherit;\">Ich habe die Bestellung bereits erhalten, wie soll ich vorgehen?<\/span><\/b><\/li><\/ul><p><span style=\"vertical-align: inherit;\">Wenn die Bestellung bereits an Sie geliefert wurde, k\u00f6nnen Sie das Produkt innerhalb von 20 Tagen ab Lieferdatum KOSTENLOS und ohne jegliche Verpflichtung zur\u00fcckgeben. Das Produkt muss sich in genau demselben Zustand befinden, in dem es geliefert wurde, unbenutzt und mit der Verpackung und allen Originalkomponenten.<\/span><\/p><ul><li><b><span style=\"vertical-align: inherit;\">Senden Sie Ihre Bestellung in 6 einfachen Schritten zur\u00fcck!<\/span><\/b><\/li><\/ul><p><span style=\"vertical-align: inherit;\">Eine R\u00fcckgabe der bestellten Artikel ist innerhalb von 20 Tagen (ab Lieferung) m\u00f6glich.<\/span><\/p><p><i><\/i><b><i><span style=\"vertical-align: inherit;\">Um Ihre Artikel kostenlos<\/span><\/i><\/b><span style=\"vertical-align: inherit;\"><i> zur\u00fcckzusenden\u00a0 <\/i><\/span><i><span style=\"vertical-align: inherit;\">, folgen Sie den Anweisungen auf dem R\u00fccksendeschein:<\/span><\/i><\/p><ul><li><span style=\"vertical-align: inherit;\">Senden Sie Ihre R\u00fccksendeanforderung, indem Sie auf den folgenden\u00a0 <\/span><strong><a href=\"https:\/\/www.nokobike.com\/support\/\"><span style=\"vertical-align: inherit;\">Link<\/span><\/a><\/strong><span style=\"vertical-align: inherit;\"> klicken \u00a0oder eine ausf\u00fchrliche E-Mail an customercare@nokobike.com senden.<\/span><\/li><li><span style=\"vertical-align: inherit;\">Nun wird unser Team Ihre Daten pr\u00fcfen. Sollten wir R\u00fcckfragen zu Ihrer R\u00fccksendung haben, werden Sie von unserem Kundenservice kontaktiert. Nach Pr\u00fcfung und Genehmigung Ihres Anliegens senden wir Ihnen die Versandanweisungen zu.<\/span><\/li><li><span style=\"vertical-align: inherit;\">Senden Sie die Artikel in der Originalverpackung inklusive aller Unterlagen so zur\u00fcck, wie Sie sie erhalten haben.<\/span><\/li><li><span style=\"vertical-align: inherit;\">Kleben Sie den beigef\u00fcgten R\u00fccksendeaufkleber (vorzugsweise \u00fcber den Versandaufkleber), den Sie per E-Mail von unserem Support-Team erhalten haben, auf das Paket.<\/span><\/li><li><span style=\"vertical-align: inherit;\">Geben Sie das Paket beim Kurier oder beim n\u00e4chstgelegenen KURIER-Zugangspunkt ab.<\/span><\/li><li><span style=\"vertical-align: inherit;\">Bewahren Sie den Lieferschein des Kuriers auf.<\/span><\/li><\/ul><p><span style=\"vertical-align: inherit;\">Wir benachrichtigen Sie, sobald die R\u00fccksendung in unserem Lager eintrifft. Die Artikel und alle angegebenen Daten werden \u00fcberpr\u00fcft und wenn alles korrekt ist, erstatten wir Ihnen den vollen Betrag der angegebenen Artikel so schnell wie m\u00f6glich zur\u00fcck. Wir erinnern Sie daran, dass wir f\u00fcr die R\u00fcckerstattung die Zahlungsdaten Ihrer Bestellung verwenden. Die vollst\u00e4ndige R\u00fcckerstattung der R\u00fccksendung kann zwischen 7 und 14 Werktagen dauern.<\/span><\/p><p><span style=\"vertical-align: inherit;\">Bei Fragen zum R\u00fccksendevorgang k\u00f6nnen Sie den NOKO-Kundenservice \u00fcber den folgenden\u00a0 <\/span><a href=\"https:\/\/www.nokobike.com\/support\/\"><span style=\"vertical-align: inherit;\">Link<\/span><\/a><span style=\"vertical-align: inherit;\"> kontaktieren .<\/span><\/p><ul><li><b><span style=\"vertical-align: inherit;\">Ich habe das falsche Produkt erhalten!<\/span><\/b><\/li><\/ul><p><span style=\"vertical-align: inherit;\">Sollten wir aus Versehen einen Artikel geliefert haben, der nicht der Bestellung entspricht, nehmen Sie bitte \u00fcber das Formular \u201eKontakt\u201c unter folgendem\u00a0 <\/span><a href=\"https:\/\/www.nokobike.com\/support\/\"><span style=\"vertical-align: inherit;\">Link<\/span><\/a><span style=\"vertical-align: inherit;\"> Kontakt mit uns auf . Wir werden den falschen Artikel umgehend ersetzen.<\/span><\/p><ul><li><b><span style=\"vertical-align: inherit;\">Der Artikel, den ich erhalten habe, ist besch\u00e4digt!<\/span><\/b><\/li><\/ul><p><span style=\"vertical-align: inherit;\">Um eventuelle Transportsch\u00e4den an den Paketen geltend machen zu k\u00f6nnen, muss der Kunde jedes Paket unter Vorbehalt annehmen und die Unversehrtheit des Inhalts unverz\u00fcglich \u00fcberpr\u00fcfen sowie eventuelle Sch\u00e4den innerhalb von 24 Stunden nach der Lieferung melden.<\/span><\/p><ul><li><b><span style=\"vertical-align: inherit;\">Kann ich ein personalisiertes Produkt zur\u00fcckgeben?<\/span><\/b><\/li><\/ul><p><span style=\"vertical-align: inherit;\">Gem\u00e4\u00df den geltenden Gesetzen ist das Widerrufsrecht ausgeschlossen und kann daher nicht ausge\u00fcbt werden, wenn der gekaufte Artikel auf Kundenwunsch bei der Bestellung individuell angepasst wurde.<\/span><\/p>\t\t\t\t\t\t\t\t<\/div>\n\t\t\t\t<\/div>\n\t\t\t\t\t<\/div>\n\t\t<\/div>\n\t\t\t\t\t<\/div>\n\t\t<\/section>\n\t\t\t\t<section class=\"elementor-section elementor-top-section elementor-element elementor-element-e7ca8ff elementor-section-boxed elementor-section-height-default elementor-section-height-default\" data-id=\"e7ca8ff\" data-element_type=\"section\">\n\t\t\t\t\t\t<div class=\"elementor-container elementor-column-gap-default\">\n\t\t\t\t\t<div class=\"elementor-column elementor-col-100 elementor-top-column elementor-element elementor-element-40fba8d\" data-id=\"40fba8d\" data-element_type=\"column\">\n\t\t\t<div class=\"elementor-widget-wrap elementor-element-populated\">\n\t\t\t\t\t\t<div class=\"elementor-element elementor-element-736951a elementor-widget elementor-widget-spacer\" data-id=\"736951a\" data-element_type=\"widget\" data-widget_type=\"spacer.default\">\n\t\t\t\t<div class=\"elementor-widget-container\">\n\t\t\t\t\t\t\t<div class=\"elementor-spacer\">\n\t\t\t<div class=\"elementor-spacer-inner\"><\/div>\n\t\t<\/div>\n\t\t\t\t\t\t<\/div>\n\t\t\t\t<\/div>\n\t\t\t\t\t<\/div>\n\t\t<\/div>\n\t\t\t\t\t<\/div>\n\t\t<\/section>\n\t\t\t\t<\/div>\n\t\t","protected":false},"excerpt":{"rendered":"<p>R\u00fcckgabe und Stornierung NOKO glaubt fest an die Qualit\u00e4t unserer \u201eMade in Italy\u201c-Produkte und wir sind zuversichtlich, dass unsere E-Bikes Ihre Erwartungen erf\u00fcllen werden. Aus diesem Grund bieten wir Ihnen die M\u00f6glichkeit, das gekaufte NOKO-E-Bike\u00a0 innerhalb von 20 Tagen ab Lieferdatum kostenlos zur\u00fcckzugeben \u00a0. Wenn Sie Ihren Kauf \u00fcberlegt haben oder NOKO nicht Ihren Erwartungen [&hellip;]<\/p>\n","protected":false},"author":1,"featured_media":0,"parent":0,"menu_order":0,"comment_status":"closed","ping_status":"closed","template":"","meta":{"footnotes":""},"class_list":["post-2764","page","type-page","status-publish","hentry"],"_links":{"self":[{"href":"https:\/\/nokobike.com\/de\/wp-json\/wp\/v2\/pages\/2764","targetHints":{"allow":["GET"]}}],"collection":[{"href":"https:\/\/nokobike.com\/de\/wp-json\/wp\/v2\/pages"}],"about":[{"href":"https:\/\/nokobike.com\/de\/wp-json\/wp\/v2\/types\/page"}],"author":[{"embeddable":true,"href":"https:\/\/nokobike.com\/de\/wp-json\/wp\/v2\/users\/1"}],"replies":[{"embeddable":true,"href":"https:\/\/nokobike.com\/de\/wp-json\/wp\/v2\/comments?post=2764"}],"version-history":[{"count":13,"href":"https:\/\/nokobike.com\/de\/wp-json\/wp\/v2\/pages\/2764\/revisions"}],"predecessor-version":[{"id":987544134,"href":"https:\/\/nokobike.com\/de\/wp-json\/wp\/v2\/pages\/2764\/revisions\/987544134"}],"wp:attachment":[{"href":"https:\/\/nokobike.com\/de\/wp-json\/wp\/v2\/media?parent=2764"}],"curies":[{"name":"wp","href":"https:\/\/api.w.org\/{rel}","templated":true}]}}