{"id":987510729,"date":"2024-05-14T12:12:22","date_gmt":"2024-05-14T12:12:22","guid":{"rendered":"https:\/\/nuovosito.kinsta.cloud\/?page_id=987510729"},"modified":"2024-06-11T09:22:54","modified_gmt":"2024-06-11T09:22:54","slug":"regierungsinitiativen","status":"publish","type":"page","link":"https:\/\/nokobike.com\/de\/regierungsinitiativen\/","title":{"rendered":"Regierungsinitiativen"},"content":{"rendered":"\t\t<div data-elementor-type=\"wp-page\" data-elementor-id=\"987510729\" class=\"elementor elementor-987510729 elementor-987507113\" data-elementor-post-type=\"page\">\n\t\t\t\t\t\t<section class=\"elementor-section elementor-top-section elementor-element elementor-element-9aea280 elementor-section-boxed elementor-section-height-default elementor-section-height-default\" data-id=\"9aea280\" data-element_type=\"section\" data-settings=\"{&quot;background_background&quot;:&quot;classic&quot;,&quot;shape_divider_bottom&quot;:&quot;curve&quot;,&quot;shape_divider_bottom_negative&quot;:&quot;yes&quot;}\">\n\t\t\t\t\t\t\t<div class=\"elementor-background-overlay\"><\/div>\n\t\t\t\t\t\t<div class=\"elementor-shape elementor-shape-bottom\" aria-hidden=\"true\" data-negative=\"true\">\n\t\t\t<svg xmlns=\"http:\/\/www.w3.org\/2000\/svg\" viewBox=\"0 0 1000 100\" preserveAspectRatio=\"none\">\n\t<path class=\"elementor-shape-fill\" d=\"M500,97C126.7,96.3,0.8,19.8,0,0v100l1000,0V1C1000,19.4,873.3,97.8,500,97z\"\/>\n<\/svg>\t\t<\/div>\n\t\t\t\t\t<div class=\"elementor-container elementor-column-gap-default\">\n\t\t\t\t\t<div class=\"elementor-column elementor-col-100 elementor-top-column elementor-element elementor-element-18e9a18\" data-id=\"18e9a18\" data-element_type=\"column\">\n\t\t\t<div class=\"elementor-widget-wrap elementor-element-populated\">\n\t\t\t\t\t\t<section class=\"elementor-section elementor-inner-section elementor-element elementor-element-6a2da9d elementor-section-boxed elementor-section-height-default elementor-section-height-default\" data-id=\"6a2da9d\" data-element_type=\"section\">\n\t\t\t\t\t\t<div class=\"elementor-container elementor-column-gap-default\">\n\t\t\t\t\t<div class=\"elementor-column elementor-col-50 elementor-inner-column elementor-element elementor-element-0942c4f\" data-id=\"0942c4f\" data-element_type=\"column\">\n\t\t\t<div class=\"elementor-widget-wrap elementor-element-populated\">\n\t\t\t\t\t\t<div class=\"elementor-element elementor-element-7755f42 elementor-widget elementor-widget-text-editor\" data-id=\"7755f42\" data-element_type=\"widget\" data-widget_type=\"text-editor.default\">\n\t\t\t\t<div class=\"elementor-widget-container\">\n\t\t\t\t\t\t\t\t\t<p>Regierungsinitiativen<\/p>\t\t\t\t\t\t\t\t<\/div>\n\t\t\t\t<\/div>\n\t\t\t\t<div class=\"elementor-element elementor-element-4a4b1e6 elementor-widget elementor-widget-text-editor\" data-id=\"4a4b1e6\" data-element_type=\"widget\" data-widget_type=\"text-editor.default\">\n\t\t\t\t<div class=\"elementor-widget-container\">\n\t\t\t\t\t\t\t\t\t<p>IN ITALIEN &amp; WELT<\/p>\t\t\t\t\t\t\t\t<\/div>\n\t\t\t\t<\/div>\n\t\t\t\t\t<\/div>\n\t\t<\/div>\n\t\t\t\t<div class=\"elementor-column elementor-col-50 elementor-inner-column elementor-element elementor-element-adf979e\" data-id=\"adf979e\" data-element_type=\"column\">\n\t\t\t<div class=\"elementor-widget-wrap elementor-element-populated\">\n\t\t\t\t\t\t<div class=\"elementor-element elementor-element-605d3c1 elementor-widget elementor-widget-image\" data-id=\"605d3c1\" data-element_type=\"widget\" data-widget_type=\"image.default\">\n\t\t\t\t<div class=\"elementor-widget-container\">\n\t\t\t\t\t\t\t\t\t\t\t\t\t\t\t<img decoding=\"async\" src=\"https:\/\/nokobike.com\/wp-content\/uploads\/noko-stand.webp\" title=\"noko stand\" alt=\"noko stand\" loading=\"lazy\" \/>\t\t\t\t\t\t\t\t\t\t\t\t\t\t\t<\/div>\n\t\t\t\t<\/div>\n\t\t\t\t\t<\/div>\n\t\t<\/div>\n\t\t\t\t\t<\/div>\n\t\t<\/section>\n\t\t\t\t\t<\/div>\n\t\t<\/div>\n\t\t\t\t\t<\/div>\n\t\t<\/section>\n\t\t<div class=\"elementor-element elementor-element-a5a2bd8 e-flex e-con-boxed e-con e-parent\" data-id=\"a5a2bd8\" data-element_type=\"container\">\n\t\t\t\t\t<div class=\"e-con-inner\">\n\t\t<div class=\"elementor-element elementor-element-9e5099d e-flex e-con-boxed e-con e-child\" data-id=\"9e5099d\" data-element_type=\"container\" data-settings=\"{&quot;background_background&quot;:&quot;classic&quot;}\">\n\t\t\t\t\t<div class=\"e-con-inner\">\n\t\t\t\t<div class=\"elementor-element elementor-element-c6cccdf elementor-widget elementor-widget-text-editor\" data-id=\"c6cccdf\" data-element_type=\"widget\" data-widget_type=\"text-editor.default\">\n\t\t\t\t<div class=\"elementor-widget-container\">\n\t\t\t\t\t\t\t\t\t<p>Es gibt fast 300 steuerliche Anreize und Kaufpr\u00e4mien f\u00fcr das Radfahren in ganz Europa, die von nationalen, regionalen und lokalen Beh\u00f6rden angeboten werden, um es attraktiver zu machen, mehr Rad zu fahren und weniger Auto zu fahren. W\u00e4hrend viele Anreize in Europa bereits im letzten Jahrzehnt eingef\u00fchrt wurden, ist die Zahl der Programme seit 2019 deutlich gestiegen.<\/p><p>ECF hat diese Programme in einem neuen Online-Tool abgebildet, das Informationen \u00fcber die H\u00f6he der Subvention, die Art des Fahrrads und die f\u00f6rderf\u00e4higen Zielgruppen liefert. Das Tool gibt einen \u00dcberblick \u00fcber Radanreize auf nationaler, regionaler und lokaler Ebene und richtet sich an ein breites Spektrum von Interessengruppen<\/p>\t\t\t\t\t\t\t\t<\/div>\n\t\t\t\t<\/div>\n\t\t\t\t\t<\/div>\n\t\t\t\t<\/div>\n\t\t\t\t\t<\/div>\n\t\t\t\t<\/div>\n\t\t<div class=\"elementor-element elementor-element-2484998 e-flex e-con-boxed e-con e-parent\" data-id=\"2484998\" data-element_type=\"container\" data-settings=\"{&quot;background_background&quot;:&quot;classic&quot;}\">\n\t\t\t\t\t<div class=\"e-con-inner\">\n\t\t<div class=\"elementor-element elementor-element-5040f36 e-flex e-con-boxed e-con e-child\" data-id=\"5040f36\" data-element_type=\"container\">\n\t\t\t\t\t<div class=\"e-con-inner\">\n\t\t<div class=\"elementor-element elementor-element-f6a3775 e-flex e-con-boxed e-con e-child\" data-id=\"f6a3775\" data-element_type=\"container\" data-settings=\"{&quot;background_background&quot;:&quot;classic&quot;}\">\n\t\t\t\t\t<div class=\"e-con-inner\">\n\t\t\t\t<div class=\"elementor-element elementor-element-87b5b24 elementor-widget elementor-widget-image\" data-id=\"87b5b24\" data-element_type=\"widget\" data-widget_type=\"image.default\">\n\t\t\t\t<div class=\"elementor-widget-container\">\n\t\t\t\t\t\t\t\t\t\t\t\t\t\t\t<img decoding=\"async\" src=\"https:\/\/nokobike.com\/wp-content\/uploads\/Logo-black-icon.png\" title=\"Logo black icon\" alt=\"Logo black icon\" loading=\"lazy\" \/>\t\t\t\t\t\t\t\t\t\t\t\t\t\t\t<\/div>\n\t\t\t\t<\/div>\n\t\t\t\t<div class=\"elementor-element elementor-element-695d813 elementor-widget elementor-widget-heading\" data-id=\"695d813\" data-element_type=\"widget\" data-widget_type=\"heading.default\">\n\t\t\t\t<div class=\"elementor-widget-container\">\n\t\t\t\t\t<h2 class=\"elementor-heading-title elementor-size-default\">Friuli Venezia Giulia<\/h2>\t\t\t\t<\/div>\n\t\t\t\t<\/div>\n\t\t\t\t<div class=\"elementor-element elementor-element-f95c855 elementor-widget elementor-widget-text-editor\" data-id=\"f95c855\" data-element_type=\"widget\" data-widget_type=\"text-editor.default\">\n\t\t\t\t<div class=\"elementor-widget-container\">\n\t\t\t\t\t\t\t\t\t<div class=\"elementor-element elementor-element-95f73c0 text-left text--mobilecenter elementor-widget elementor-widget-tp-adv-text-block\" data-id=\"95f73c0\" data-element_type=\"widget\" data-widget_type=\"tp-adv-text-block.default\"><div class=\"elementor-widget-container\"><div class=\"pt-plus-text-block-wrapper\"><div class=\"text_block_parallax\"><div class=\"pt_plus_adv_text_block \"><div class=\"text-content-block\"><p>e-bike<br \/>300\u20ac<\/p><\/div><\/div><\/div><\/div><\/div><\/div><div class=\"elementor-element elementor-element-deb0405 elementor-widget elementor-widget-tp-button\" data-id=\"deb0405\" data-element_type=\"widget\" data-widget_type=\"tp-button.default\"><div class=\"elementor-widget-container\"><div class=\"pt-plus-button-wrapper text-left text--mobilecenter \"><div class=\"button_parallax \"><div id=\"button66435b31a713a\" class=\" text-left text--mobilecenter ts-button content_hover_effect \"><div class=\"pt_plus_button btn66435b31a7128 button-style-1 \"><div class=\"animted-content-inner \"><a class=\"button-link-wrap \" role=\"button\" href=\"https:\/\/www.regione.fvg.it\/rafvg\/cms\/RAFVG\/ambiente-territorio\/valutazione-ambientale-autorizzazioni-contributi\/FOGLIA214\/\" target=\"_blank\" rel=\"nofollow noopener\" data-hover=\"https:\/\/www.regione.fvg.it\">https:\/\/www.regione.fvg.it<\/a><\/div><\/div><\/div><\/div><\/div><\/div><\/div>\t\t\t\t\t\t\t\t<\/div>\n\t\t\t\t<\/div>\n\t\t\t\t\t<\/div>\n\t\t\t\t<\/div>\n\t\t<div class=\"elementor-element elementor-element-4b75095 e-flex e-con-boxed e-con e-child\" data-id=\"4b75095\" data-element_type=\"container\" data-settings=\"{&quot;background_background&quot;:&quot;classic&quot;}\">\n\t\t\t\t\t<div class=\"e-con-inner\">\n\t\t\t\t<div class=\"elementor-element elementor-element-1a66fc4 elementor-widget elementor-widget-image\" data-id=\"1a66fc4\" data-element_type=\"widget\" data-widget_type=\"image.default\">\n\t\t\t\t<div class=\"elementor-widget-container\">\n\t\t\t\t\t\t\t\t\t\t\t\t\t\t\t<img decoding=\"async\" src=\"https:\/\/nokobike.com\/wp-content\/uploads\/Logo-black-icon.png\" title=\"Logo black icon\" alt=\"Logo black icon\" loading=\"lazy\" \/>\t\t\t\t\t\t\t\t\t\t\t\t\t\t\t<\/div>\n\t\t\t\t<\/div>\n\t\t\t\t<div class=\"elementor-element elementor-element-57aa800 elementor-widget elementor-widget-heading\" data-id=\"57aa800\" data-element_type=\"widget\" data-widget_type=\"heading.default\">\n\t\t\t\t<div class=\"elementor-widget-container\">\n\t\t\t\t\t<h2 class=\"elementor-heading-title elementor-size-default\">Friuli Venezia Giulia<\/h2>\t\t\t\t<\/div>\n\t\t\t\t<\/div>\n\t\t\t\t<div class=\"elementor-element elementor-element-bd43a1e elementor-widget elementor-widget-text-editor\" data-id=\"bd43a1e\" data-element_type=\"widget\" data-widget_type=\"text-editor.default\">\n\t\t\t\t<div class=\"elementor-widget-container\">\n\t\t\t\t\t\t\t\t\t<div class=\"elementor-element elementor-element-95f73c0 text-left text--mobilecenter elementor-widget elementor-widget-tp-adv-text-block\" data-id=\"95f73c0\" data-element_type=\"widget\" data-widget_type=\"tp-adv-text-block.default\"><div class=\"elementor-widget-container\"><div class=\"pt-plus-text-block-wrapper\"><div class=\"text_block_parallax\"><div class=\"pt_plus_adv_text_block \"><div class=\"text-content-block\"><p>e-bike<br \/>300\u20ac<\/p><\/div><\/div><\/div><\/div><\/div><\/div><div class=\"elementor-element elementor-element-deb0405 elementor-widget elementor-widget-tp-button\" data-id=\"deb0405\" data-element_type=\"widget\" data-widget_type=\"tp-button.default\"><div class=\"elementor-widget-container\"><div class=\"pt-plus-button-wrapper text-left text--mobilecenter \"><div class=\"button_parallax \"><div id=\"button66435b31a713a\" class=\" text-left text--mobilecenter ts-button content_hover_effect \"><div class=\"pt_plus_button btn66435b31a7128 button-style-1 \"><div class=\"animted-content-inner \"><a class=\"button-link-wrap \" role=\"button\" href=\"https:\/\/www.regione.fvg.it\/rafvg\/cms\/RAFVG\/ambiente-territorio\/valutazione-ambientale-autorizzazioni-contributi\/FOGLIA214\/\" target=\"_blank\" rel=\"nofollow noopener\" data-hover=\"https:\/\/www.regione.fvg.it\">https:\/\/www.regione.fvg.it<\/a><\/div><\/div><\/div><\/div><\/div><\/div><\/div>\t\t\t\t\t\t\t\t<\/div>\n\t\t\t\t<\/div>\n\t\t\t\t\t<\/div>\n\t\t\t\t<\/div>\n\t\t<div class=\"elementor-element elementor-element-cfd1e24 e-flex e-con-boxed e-con e-child\" data-id=\"cfd1e24\" data-element_type=\"container\" data-settings=\"{&quot;background_background&quot;:&quot;classic&quot;}\">\n\t\t\t\t\t<div class=\"e-con-inner\">\n\t\t\t\t<div class=\"elementor-element elementor-element-8c6e6ce elementor-widget elementor-widget-image\" data-id=\"8c6e6ce\" data-element_type=\"widget\" data-widget_type=\"image.default\">\n\t\t\t\t<div class=\"elementor-widget-container\">\n\t\t\t\t\t\t\t\t\t\t\t\t\t\t\t<img decoding=\"async\" src=\"https:\/\/nokobike.com\/wp-content\/uploads\/Logo-black-icon.png\" title=\"Logo black icon\" alt=\"Logo black icon\" loading=\"lazy\" \/>\t\t\t\t\t\t\t\t\t\t\t\t\t\t\t<\/div>\n\t\t\t\t<\/div>\n\t\t\t\t<div class=\"elementor-element elementor-element-8189a38 elementor-widget elementor-widget-heading\" data-id=\"8189a38\" data-element_type=\"widget\" data-widget_type=\"heading.default\">\n\t\t\t\t<div class=\"elementor-widget-container\">\n\t\t\t\t\t<h2 class=\"elementor-heading-title elementor-size-default\">Friuli Venezia Giulia<\/h2>\t\t\t\t<\/div>\n\t\t\t\t<\/div>\n\t\t\t\t<div class=\"elementor-element elementor-element-d49bb7b elementor-widget elementor-widget-text-editor\" data-id=\"d49bb7b\" data-element_type=\"widget\" data-widget_type=\"text-editor.default\">\n\t\t\t\t<div class=\"elementor-widget-container\">\n\t\t\t\t\t\t\t\t\t<div class=\"elementor-element elementor-element-95f73c0 text-left text--mobilecenter elementor-widget elementor-widget-tp-adv-text-block\" data-id=\"95f73c0\" data-element_type=\"widget\" data-widget_type=\"tp-adv-text-block.default\"><div class=\"elementor-widget-container\"><div class=\"pt-plus-text-block-wrapper\"><div class=\"text_block_parallax\"><div class=\"pt_plus_adv_text_block \"><div class=\"text-content-block\"><p>e-bike<br \/>300\u20ac<\/p><\/div><\/div><\/div><\/div><\/div><\/div><div class=\"elementor-element elementor-element-deb0405 elementor-widget elementor-widget-tp-button\" data-id=\"deb0405\" data-element_type=\"widget\" data-widget_type=\"tp-button.default\"><div class=\"elementor-widget-container\"><div class=\"pt-plus-button-wrapper text-left text--mobilecenter \"><div class=\"button_parallax \"><div id=\"button66435b31a713a\" class=\" text-left text--mobilecenter ts-button content_hover_effect \"><div class=\"pt_plus_button btn66435b31a7128 button-style-1 \"><div class=\"animted-content-inner \"><a class=\"button-link-wrap \" role=\"button\" href=\"https:\/\/www.regione.fvg.it\/rafvg\/cms\/RAFVG\/ambiente-territorio\/valutazione-ambientale-autorizzazioni-contributi\/FOGLIA214\/\" target=\"_blank\" rel=\"nofollow noopener\" data-hover=\"https:\/\/www.regione.fvg.it\">https:\/\/www.regione.fvg.it<\/a><\/div><\/div><\/div><\/div><\/div><\/div><\/div>\t\t\t\t\t\t\t\t<\/div>\n\t\t\t\t<\/div>\n\t\t\t\t\t<\/div>\n\t\t\t\t<\/div>\n\t\t\t\t\t<\/div>\n\t\t\t\t<\/div>\n\t\t\t\t\t<\/div>\n\t\t\t\t<\/div>\n\t\t\t\t<\/div>\n\t\t","protected":false},"excerpt":{"rendered":"<p>Regierungsinitiativen IN ITALIEN &amp; WELT Es gibt fast 300 steuerliche Anreize und Kaufpr\u00e4mien f\u00fcr das Radfahren in ganz Europa, die von nationalen, regionalen und lokalen Beh\u00f6rden angeboten werden, um es attraktiver zu machen, mehr Rad zu fahren und weniger Auto zu fahren. W\u00e4hrend viele Anreize in Europa bereits im letzten Jahrzehnt eingef\u00fchrt wurden, ist die [&hellip;]<\/p>\n","protected":false},"author":1,"featured_media":0,"parent":0,"menu_order":0,"comment_status":"closed","ping_status":"closed","template":"","meta":{"footnotes":""},"class_list":["post-987510729","page","type-page","status-publish","hentry"],"_links":{"self":[{"href":"https:\/\/nokobike.com\/de\/wp-json\/wp\/v2\/pages\/987510729","targetHints":{"allow":["GET"]}}],"collection":[{"href":"https:\/\/nokobike.com\/de\/wp-json\/wp\/v2\/pages"}],"about":[{"href":"https:\/\/nokobike.com\/de\/wp-json\/wp\/v2\/types\/page"}],"author":[{"embeddable":true,"href":"https:\/\/nokobike.com\/de\/wp-json\/wp\/v2\/users\/1"}],"replies":[{"embeddable":true,"href":"https:\/\/nokobike.com\/de\/wp-json\/wp\/v2\/comments?post=987510729"}],"version-history":[{"count":4,"href":"https:\/\/nokobike.com\/de\/wp-json\/wp\/v2\/pages\/987510729\/revisions"}],"predecessor-version":[{"id":987510737,"href":"https:\/\/nokobike.com\/de\/wp-json\/wp\/v2\/pages\/987510729\/revisions\/987510737"}],"wp:attachment":[{"href":"https:\/\/nokobike.com\/de\/wp-json\/wp\/v2\/media?parent=987510729"}],"curies":[{"name":"wp","href":"https:\/\/api.w.org\/{rel}","templated":true}]}}