{"id":987541749,"date":"2024-03-27T14:00:59","date_gmt":"2024-03-27T14:00:59","guid":{"rendered":"https:\/\/nokobike.com\/?page_id=987541749"},"modified":"2025-08-06T05:59:51","modified_gmt":"2025-08-06T05:59:51","slug":"versuchen-noko","status":"publish","type":"page","link":"https:\/\/nokobike.com\/de\/versuchen-noko\/","title":{"rendered":"Versuchen Noko"},"content":{"rendered":"\t\t<div data-elementor-type=\"wp-page\" data-elementor-id=\"987541749\" class=\"elementor elementor-987541749 elementor-2004\" data-elementor-post-type=\"page\">\n\t\t\t\t\t\t<section class=\"elementor-section elementor-top-section elementor-element elementor-element-41c218e elementor-section-boxed elementor-section-height-default elementor-section-height-default\" data-id=\"41c218e\" data-element_type=\"section\">\n\t\t\t\t\t\t<div class=\"elementor-container elementor-column-gap-default\">\n\t\t\t\t\t<div class=\"elementor-column elementor-col-100 elementor-top-column elementor-element elementor-element-fefdb7e\" data-id=\"fefdb7e\" data-element_type=\"column\">\n\t\t\t<div class=\"elementor-widget-wrap elementor-element-populated\">\n\t\t\t\t\t\t<div class=\"elementor-element elementor-element-d21f3cd elementor-widget elementor-widget-spacer\" data-id=\"d21f3cd\" data-element_type=\"widget\" data-widget_type=\"spacer.default\">\n\t\t\t\t<div class=\"elementor-widget-container\">\n\t\t\t\t\t\t\t<div class=\"elementor-spacer\">\n\t\t\t<div class=\"elementor-spacer-inner\"><\/div>\n\t\t<\/div>\n\t\t\t\t\t\t<\/div>\n\t\t\t\t<\/div>\n\t\t\t\t\t<\/div>\n\t\t<\/div>\n\t\t\t\t\t<\/div>\n\t\t<\/section>\n\t\t\t\t<section class=\"elementor-section elementor-top-section elementor-element elementor-element-753cd0d elementor-section-boxed elementor-section-height-default elementor-section-height-default\" data-id=\"753cd0d\" data-element_type=\"section\" data-settings=\"{&quot;background_background&quot;:&quot;classic&quot;,&quot;shape_divider_bottom&quot;:&quot;curve&quot;,&quot;shape_divider_bottom_negative&quot;:&quot;yes&quot;}\">\n\t\t\t\t\t\t\t<div class=\"elementor-background-overlay\"><\/div>\n\t\t\t\t\t\t<div class=\"elementor-shape elementor-shape-bottom\" aria-hidden=\"true\" data-negative=\"true\">\n\t\t\t<svg xmlns=\"http:\/\/www.w3.org\/2000\/svg\" viewBox=\"0 0 1000 100\" preserveAspectRatio=\"none\">\n\t<path class=\"elementor-shape-fill\" d=\"M500,97C126.7,96.3,0.8,19.8,0,0v100l1000,0V1C1000,19.4,873.3,97.8,500,97z\"\/>\n<\/svg>\t\t<\/div>\n\t\t\t\t\t<div class=\"elementor-container elementor-column-gap-default\">\n\t\t\t\t\t<div class=\"elementor-column elementor-col-100 elementor-top-column elementor-element elementor-element-e079d91\" data-id=\"e079d91\" data-element_type=\"column\">\n\t\t\t<div class=\"elementor-widget-wrap elementor-element-populated\">\n\t\t\t\t\t\t<section class=\"elementor-section elementor-inner-section elementor-element elementor-element-f011a2c elementor-section-boxed elementor-section-height-default elementor-section-height-default\" data-id=\"f011a2c\" data-element_type=\"section\">\n\t\t\t\t\t\t<div class=\"elementor-container elementor-column-gap-default\">\n\t\t\t\t\t<div class=\"elementor-column elementor-col-50 elementor-inner-column elementor-element elementor-element-3861ea5\" data-id=\"3861ea5\" data-element_type=\"column\">\n\t\t\t<div class=\"elementor-widget-wrap elementor-element-populated\">\n\t\t\t\t\t\t<div class=\"elementor-element elementor-element-a250c2d elementor-widget elementor-widget-text-editor\" data-id=\"a250c2d\" data-element_type=\"widget\" data-widget_type=\"text-editor.default\">\n\t\t\t\t<div class=\"elementor-widget-container\">\n\t\t\t\t\t\t\t\t\t<p>TESTEN SIE UNSERE PRODUKTE<\/p>\t\t\t\t\t\t\t\t<\/div>\n\t\t\t\t<\/div>\n\t\t\t\t<div class=\"elementor-element elementor-element-1b21270 elementor-widget elementor-widget-text-editor\" data-id=\"1b21270\" data-element_type=\"widget\" data-widget_type=\"text-editor.default\">\n\t\t\t\t<div class=\"elementor-widget-container\">\n\t\t\t\t\t\t\t\t\t<p>M\u00f6chten Sie Ihr zuk\u00fcnftiges NOKOBIKE sehen und testen?<\/p><p>\u00a0<\/p>\t\t\t\t\t\t\t\t<\/div>\n\t\t\t\t<\/div>\n\t\t\t\t<div class=\"elementor-element elementor-element-148d2b5 elementor-widget elementor-widget-text-editor\" data-id=\"148d2b5\" data-element_type=\"widget\" data-widget_type=\"text-editor.default\">\n\t\t\t\t<div class=\"elementor-widget-container\">\n\t\t\t\t\t\t\t\t\t<p>Besuchen Sie unser Flaggschiff-Gesch\u00e4ft in Europa oder eine unserer Partnerfilialen. Sehen Sie sich die Karte unten f\u00fcr alle verf\u00fcgbaren Standorte an.<\/p>\t\t\t\t\t\t\t\t<\/div>\n\t\t\t\t<\/div>\n\t\t\t\t<div class=\"elementor-element elementor-element-6265dcd elementor-widget elementor-widget-button\" data-id=\"6265dcd\" data-element_type=\"widget\" data-widget_type=\"button.default\">\n\t\t\t\t<div class=\"elementor-widget-container\">\n\t\t\t\t\t\t\t\t\t<div class=\"elementor-button-wrapper\">\n\t\t\t\t\t<a class=\"elementor-button elementor-button-link elementor-size-sm\" href=\"#map-desktop\">\n\t\t\t\t\t\t<span class=\"elementor-button-content-wrapper\">\n\t\t\t\t\t\t\t\t\t<span class=\"elementor-button-text\">Finden Sie einen Laden<\/span>\n\t\t\t\t\t<\/span>\n\t\t\t\t\t<\/a>\n\t\t\t\t<\/div>\n\t\t\t\t\t\t\t\t<\/div>\n\t\t\t\t<\/div>\n\t\t\t\t\t<\/div>\n\t\t<\/div>\n\t\t\t\t<div class=\"elementor-column elementor-col-50 elementor-inner-column elementor-element elementor-element-eeda493\" data-id=\"eeda493\" data-element_type=\"column\">\n\t\t\t<div class=\"elementor-widget-wrap elementor-element-populated\">\n\t\t\t\t\t\t<div class=\"elementor-element elementor-element-6b9d6bc elementor-widget elementor-widget-image\" data-id=\"6b9d6bc\" data-element_type=\"widget\" data-widget_type=\"image.default\">\n\t\t\t\t<div class=\"elementor-widget-container\">\n\t\t\t\t\t\t\t\t\t\t\t\t\t\t\t<img decoding=\"async\" src=\"https:\/\/nokobike.com\/wp-content\/uploads\/noko-stand.webp\" title=\"noko stand\" alt=\"noko stand\" loading=\"lazy\" \/>\t\t\t\t\t\t\t\t\t\t\t\t\t\t\t<\/div>\n\t\t\t\t<\/div>\n\t\t\t\t\t<\/div>\n\t\t<\/div>\n\t\t\t\t\t<\/div>\n\t\t<\/section>\n\t\t\t\t\t<\/div>\n\t\t<\/div>\n\t\t\t\t\t<\/div>\n\t\t<\/section>\n\t\t<div class=\"elementor-element elementor-element-94cdbda e-flex e-con-boxed e-con e-parent\" data-id=\"94cdbda\" data-element_type=\"container\">\n\t\t\t\t\t<div class=\"e-con-inner\">\n\t\t<div class=\"elementor-element elementor-element-db64bb0 e-flex e-con-boxed e-con e-child\" data-id=\"db64bb0\" data-element_type=\"container\">\n\t\t\t\t\t<div class=\"e-con-inner\">\n\t\t<div class=\"elementor-element elementor-element-b3358df e-flex e-con-boxed e-con e-child\" data-id=\"b3358df\" data-element_type=\"container\" data-settings=\"{&quot;background_background&quot;:&quot;classic&quot;}\">\n\t\t\t\t\t<div class=\"e-con-inner\">\n\t\t\t\t<div class=\"elementor-element elementor-element-9c8ab3e elementor-widget elementor-widget-heading\" data-id=\"9c8ab3e\" data-element_type=\"widget\" data-widget_type=\"heading.default\">\n\t\t\t\t<div class=\"elementor-widget-container\">\n\t\t\t\t\t<h4 class=\"elementor-heading-title elementor-size-default\">Sind Sie Ladenbesitzer oder Distributor?\n\n<\/h4>\t\t\t\t<\/div>\n\t\t\t\t<\/div>\n\t\t\t\t<div class=\"elementor-element elementor-element-d80da93 elementor-widget elementor-widget-text-editor\" data-id=\"d80da93\" data-element_type=\"widget\" data-widget_type=\"text-editor.default\">\n\t\t\t\t<div class=\"elementor-widget-container\">\n\t\t\t\t\t\t\t\t\t<p>M\u00f6chten Sie NOKOBIKE in Ihr Produktsortiment aufnehmen?<\/p><p>\u00a0<\/p>\t\t\t\t\t\t\t\t<\/div>\n\t\t\t\t<\/div>\n\t\t\t\t<div class=\"elementor-element elementor-element-2961f6d elementor-align-center elementor-widget elementor-widget-button\" data-id=\"2961f6d\" data-element_type=\"widget\" data-widget_type=\"button.default\">\n\t\t\t\t<div class=\"elementor-widget-container\">\n\t\t\t\t\t\t\t\t\t<div class=\"elementor-button-wrapper\">\n\t\t\t\t\t<a class=\"elementor-button elementor-button-link elementor-size-sm\" href=\"\/support\/\">\n\t\t\t\t\t\t<span class=\"elementor-button-content-wrapper\">\n\t\t\t\t\t\t\t\t\t<span class=\"elementor-button-text\">Kontaktieren Sie uns jetzt.<\/span>\n\t\t\t\t\t<\/span>\n\t\t\t\t\t<\/a>\n\t\t\t\t<\/div>\n\t\t\t\t\t\t\t\t<\/div>\n\t\t\t\t<\/div>\n\t\t\t\t\t<\/div>\n\t\t\t\t<\/div>\n\t\t\t\t\t<\/div>\n\t\t\t\t<\/div>\n\t\t\t\t\t<\/div>\n\t\t\t\t<\/div>\n\t\t<div class=\"elementor-element elementor-element-16cc6f9 e-con-full e-flex e-con e-parent\" data-id=\"16cc6f9\" data-element_type=\"container\">\n\t\t\t\t<div class=\"elementor-element elementor-element-812ce5c elementor-widget elementor-widget-shortcode\" data-id=\"812ce5c\" data-element_type=\"widget\" data-widget_type=\"shortcode.default\">\n\t\t\t\t<div class=\"elementor-widget-container\">\n\t\t\t\t\t\t\t<div class=\"elementor-shortcode\"><div class=\"gmw-shortcode-widget\"><\/div>\n\n\n\n<\/div>\n\t\t\t\t\t\t<\/div>\n\t\t\t\t<\/div>\n\t\t\t\t<\/div>\n\t\t<div class=\"elementor-element elementor-element-245e61b e-con-full e-flex e-con e-parent\" data-id=\"245e61b\" data-element_type=\"container\" data-settings=\"{&quot;background_background&quot;:&quot;classic&quot;}\">\n\t\t<div class=\"elementor-element elementor-element-35ab7e2 e-flex e-con-boxed e-con e-child\" data-id=\"35ab7e2\" data-element_type=\"container\">\n\t\t\t\t\t<div class=\"e-con-inner\">\n\t\t<div class=\"elementor-element elementor-element-6c3df4f e-flex e-con-boxed e-con e-child\" data-id=\"6c3df4f\" data-element_type=\"container\" data-settings=\"{&quot;background_background&quot;:&quot;classic&quot;}\">\n\t\t\t\t\t<div class=\"e-con-inner\">\n\t\t\t\t<div class=\"elementor-element elementor-element-0c2774a elementor-position-left elementor-vertical-align-middle elementor-position-left elementor-widget elementor-widget-image-box\" data-id=\"0c2774a\" data-element_type=\"widget\" data-widget_type=\"image-box.default\">\n\t\t\t\t<div class=\"elementor-widget-container\">\n\t\t\t\t\t<div class=\"elementor-image-box-wrapper\"><figure class=\"elementor-image-box-img\"><img decoding=\"async\" width=\"131\" height=\"130\" src=\"https:\/\/nokobike.com\/wp-content\/uploads\/Logo-black-icon.png\" class=\"attachment-full size-full wp-image-987506805\" alt=\"\" srcset=\"https:\/\/nokobike.com\/wp-content\/uploads\/Logo-black-icon.png 131w, https:\/\/nokobike.com\/wp-content\/uploads\/Logo-black-icon-100x100.png 100w\" sizes=\"(max-width: 131px) 100vw, 131px\" \/><\/figure><div class=\"elementor-image-box-content\"><h3 class=\"elementor-image-box-title\">ITALY<\/h3><\/div><\/div>\t\t\t\t<\/div>\n\t\t\t\t<\/div>\n\t\t\t\t<div class=\"elementor-element elementor-element-4d9df85 elementor-widget elementor-widget-heading\" data-id=\"4d9df85\" data-element_type=\"widget\" data-widget_type=\"heading.default\">\n\t\t\t\t<div class=\"elementor-widget-container\">\n\t\t\t\t\t<h2 class=\"elementor-heading-title elementor-size-default\">Tra.Fi.Me S.p.A<\/h2>\t\t\t\t<\/div>\n\t\t\t\t<\/div>\n\t\t\t\t<div class=\"elementor-element elementor-element-4481c60 elementor-widget elementor-widget-text-editor\" data-id=\"4481c60\" data-element_type=\"widget\" data-widget_type=\"text-editor.default\">\n\t\t\t\t<div class=\"elementor-widget-container\">\n\t\t\t\t\t\t\t\t\t<p>Contrada Pezzamandra<br \/>95045 Misterbianco CT<\/p>\t\t\t\t\t\t\t\t<\/div>\n\t\t\t\t<\/div>\n\t\t\t\t<div class=\"elementor-element elementor-element-def053a elementor-widget elementor-widget-text-editor\" data-id=\"def053a\" data-element_type=\"widget\" data-widget_type=\"text-editor.default\">\n\t\t\t\t<div class=\"elementor-widget-container\">\n\t\t\t\t\t\t\t\t\t<p>BUCHEN SIE EINE TESTFAHRT:<\/p><p><a style=\"color: black; text-decoration: underline;\" href=\"mailto:customercare@nokobike.com\">customercare@nokobike.com<\/a><\/p><p><a style=\"color: black;\" href=\"tel:+390270800\">+39 02 70 800<\/a><\/p>\t\t\t\t\t\t\t\t<\/div>\n\t\t\t\t<\/div>\n\t\t\t\t\t<\/div>\n\t\t\t\t<\/div>\n\t\t<div class=\"elementor-element elementor-element-00e03b3 e-flex e-con-boxed e-con e-child\" data-id=\"00e03b3\" data-element_type=\"container\" data-settings=\"{&quot;background_background&quot;:&quot;classic&quot;}\">\n\t\t\t\t\t<div class=\"e-con-inner\">\n\t\t\t\t<div class=\"elementor-element elementor-element-83182eb elementor-position-left elementor-vertical-align-middle elementor-widget elementor-widget-image-box\" data-id=\"83182eb\" data-element_type=\"widget\" data-widget_type=\"image-box.default\">\n\t\t\t\t<div class=\"elementor-widget-container\">\n\t\t\t\t\t<div class=\"elementor-image-box-wrapper\"><figure class=\"elementor-image-box-img\"><img decoding=\"async\" width=\"131\" height=\"130\" src=\"https:\/\/nokobike.com\/wp-content\/uploads\/Logo-black-icon.png\" class=\"attachment-full size-full wp-image-987506805\" alt=\"\" srcset=\"https:\/\/nokobike.com\/wp-content\/uploads\/Logo-black-icon.png 131w, https:\/\/nokobike.com\/wp-content\/uploads\/Logo-black-icon-100x100.png 100w\" sizes=\"(max-width: 131px) 100vw, 131px\" \/><\/figure><div class=\"elementor-image-box-content\"><h3 class=\"elementor-image-box-title\">ITALY<\/h3><\/div><\/div>\t\t\t\t<\/div>\n\t\t\t\t<\/div>\n\t\t\t\t<div class=\"elementor-element elementor-element-61c6cfc elementor-widget elementor-widget-heading\" data-id=\"61c6cfc\" data-element_type=\"widget\" data-widget_type=\"heading.default\">\n\t\t\t\t<div class=\"elementor-widget-container\">\n\t\t\t\t\t<h2 class=\"elementor-heading-title elementor-size-default\">Tra.Fi.Me S.p.A<\/h2>\t\t\t\t<\/div>\n\t\t\t\t<\/div>\n\t\t\t\t<div class=\"elementor-element elementor-element-6f10791 elementor-widget elementor-widget-text-editor\" data-id=\"6f10791\" data-element_type=\"widget\" data-widget_type=\"text-editor.default\">\n\t\t\t\t<div class=\"elementor-widget-container\">\n\t\t\t\t\t\t\t\t\t<p>Via A. Simonini, 3<br \/>42021 Bibbiano (RE) Italia<\/p>\t\t\t\t\t\t\t\t<\/div>\n\t\t\t\t<\/div>\n\t\t\t\t<div class=\"elementor-element elementor-element-e5e127d elementor-widget elementor-widget-text-editor\" data-id=\"e5e127d\" data-element_type=\"widget\" data-widget_type=\"text-editor.default\">\n\t\t\t\t<div class=\"elementor-widget-container\">\n\t\t\t\t\t\t\t\t\t<p>BUCHEN SIE EINE TESTFAHRT:<\/p><p><a style=\"color: black; text-decoration: underline;\" href=\"mailto:customercare@nokobike.com\">customercare@nokobike.com<\/a><\/p><p><a style=\"color: black;\" href=\"tel:+39095476582\">+39 095 476582<\/a><\/p>\t\t\t\t\t\t\t\t<\/div>\n\t\t\t\t<\/div>\n\t\t\t\t\t<\/div>\n\t\t\t\t<\/div>\n\t\t<div class=\"elementor-element elementor-element-bcf4b0f e-con-full e-flex e-con e-child\" data-id=\"bcf4b0f\" data-element_type=\"container\" data-settings=\"{&quot;background_background&quot;:&quot;classic&quot;}\">\n\t\t\t\t<div class=\"elementor-element elementor-element-2f9d2c2 elementor-position-left elementor-vertical-align-middle elementor-position-left elementor-widget elementor-widget-image-box\" data-id=\"2f9d2c2\" data-element_type=\"widget\" data-widget_type=\"image-box.default\">\n\t\t\t\t<div class=\"elementor-widget-container\">\n\t\t\t\t\t<div class=\"elementor-image-box-wrapper\"><figure class=\"elementor-image-box-img\"><img decoding=\"async\" width=\"131\" height=\"130\" src=\"https:\/\/nokobike.com\/wp-content\/uploads\/Logo-black-icon-1.png\" class=\"attachment-full size-full wp-image-987510587\" alt=\"\" \/><\/figure><div class=\"elementor-image-box-content\"><h3 class=\"elementor-image-box-title\">ITALY<\/h3><\/div><\/div>\t\t\t\t<\/div>\n\t\t\t\t<\/div>\n\t\t\t\t<div class=\"elementor-element elementor-element-5d2f1d9 elementor-widget elementor-widget-heading\" data-id=\"5d2f1d9\" data-element_type=\"widget\" data-widget_type=\"heading.default\">\n\t\t\t\t<div class=\"elementor-widget-container\">\n\t\t\t\t\t<h2 class=\"elementor-heading-title elementor-size-default\">Garozzo Pietro &amp; Figli<\/h2>\t\t\t\t<\/div>\n\t\t\t\t<\/div>\n\t\t\t\t<div class=\"elementor-element elementor-element-5c0e505 elementor-widget elementor-widget-text-editor\" data-id=\"5c0e505\" data-element_type=\"widget\" data-widget_type=\"text-editor.default\">\n\t\t\t\t<div class=\"elementor-widget-container\">\n\t\t\t\t\t\t\t\t\t<p>Via Gelso Bianco, 27, 95121 Catania CT<\/p>\t\t\t\t\t\t\t\t<\/div>\n\t\t\t\t<\/div>\n\t\t\t\t<div class=\"elementor-element elementor-element-43ca068 elementor-widget elementor-widget-text-editor\" data-id=\"43ca068\" data-element_type=\"widget\" data-widget_type=\"text-editor.default\">\n\t\t\t\t<div class=\"elementor-widget-container\">\n\t\t\t\t\t\t\t\t\t<p>BUCHEN SIE EINE TESTFAHRT:<\/p><p><a style=\"color: black; text-decoration: underline;\" href=\"mailto:customercare@nokobike.com\">customercare@nokobike.com<\/a><\/p><p><a style=\"color: black;\" href=\"tel:+39095576927\">095 576927<\/a>\u00a0<\/p>\t\t\t\t\t\t\t\t<\/div>\n\t\t\t\t<\/div>\n\t\t\t\t<\/div>\n\t\t\t\t\t<\/div>\n\t\t\t\t<\/div>\n\t\t\t\t<\/div>\n\t\t<div class=\"elementor-element elementor-element-239cc13 e-con-full e-flex e-con e-parent\" data-id=\"239cc13\" data-element_type=\"container\" data-settings=\"{&quot;background_background&quot;:&quot;classic&quot;}\">\n\t\t<div class=\"elementor-element elementor-element-b925d44 e-flex e-con-boxed e-con e-child\" data-id=\"b925d44\" data-element_type=\"container\">\n\t\t\t\t\t<div class=\"e-con-inner\">\n\t\t<div class=\"elementor-element elementor-element-c0f484b e-flex e-con-boxed e-con e-child\" data-id=\"c0f484b\" data-element_type=\"container\" data-settings=\"{&quot;background_background&quot;:&quot;classic&quot;}\">\n\t\t\t\t\t<div class=\"e-con-inner\">\n\t\t\t\t<div class=\"elementor-element elementor-element-f341731 elementor-position-left elementor-vertical-align-middle elementor-widget elementor-widget-image-box\" data-id=\"f341731\" data-element_type=\"widget\" data-widget_type=\"image-box.default\">\n\t\t\t\t<div class=\"elementor-widget-container\">\n\t\t\t\t\t<div class=\"elementor-image-box-wrapper\"><figure class=\"elementor-image-box-img\"><img decoding=\"async\" width=\"131\" height=\"130\" src=\"https:\/\/nokobike.com\/wp-content\/uploads\/Logo-white-icon.png\" class=\"attachment-full size-full wp-image-987506788\" alt=\"\" srcset=\"https:\/\/nokobike.com\/wp-content\/uploads\/Logo-white-icon.png 131w, https:\/\/nokobike.com\/wp-content\/uploads\/Logo-white-icon-100x100.png 100w\" sizes=\"(max-width: 131px) 100vw, 131px\" \/><\/figure><div class=\"elementor-image-box-content\"><h3 class=\"elementor-image-box-title\">GERMANY<\/h3><\/div><\/div>\t\t\t\t<\/div>\n\t\t\t\t<\/div>\n\t\t\t\t<div class=\"elementor-element elementor-element-15a5524 elementor-widget elementor-widget-heading\" data-id=\"15a5524\" data-element_type=\"widget\" data-widget_type=\"heading.default\">\n\t\t\t\t<div class=\"elementor-widget-container\">\n\t\t\t\t\t<h2 class=\"elementor-heading-title elementor-size-default\">Centro Italia\n<\/h2>\t\t\t\t<\/div>\n\t\t\t\t<\/div>\n\t\t\t\t<div class=\"elementor-element elementor-element-843b10c elementor-widget elementor-widget-text-editor\" data-id=\"843b10c\" data-element_type=\"widget\" data-widget_type=\"text-editor.default\">\n\t\t\t\t<div class=\"elementor-widget-container\">\n\t\t\t\t\t\t\t\t\t<p>Greifswalder Str. 80C, 10405 Berlin, Germany<\/p>\t\t\t\t\t\t\t\t<\/div>\n\t\t\t\t<\/div>\n\t\t\t\t<div class=\"elementor-element elementor-element-2caf8f7 elementor-widget elementor-widget-text-editor\" data-id=\"2caf8f7\" data-element_type=\"widget\" data-widget_type=\"text-editor.default\">\n\t\t\t\t<div class=\"elementor-widget-container\">\n\t\t\t\t\t\t\t\t\t<p>BUCHEN SIE EINE TESTFAHRT:<\/p><p><a style=\"color: white;\" href=\"tel:+493049855369\">+49 30 49855369<\/a><\/p>\t\t\t\t\t\t\t\t<\/div>\n\t\t\t\t<\/div>\n\t\t\t\t\t<\/div>\n\t\t\t\t<\/div>\n\t\t<div class=\"elementor-element elementor-element-890d024 e-flex e-con-boxed e-con e-child\" data-id=\"890d024\" data-element_type=\"container\" data-settings=\"{&quot;background_background&quot;:&quot;classic&quot;}\">\n\t\t\t\t\t<div class=\"e-con-inner\">\n\t\t\t\t<div class=\"elementor-element elementor-element-7b03c1b elementor-position-left elementor-vertical-align-middle elementor-widget elementor-widget-image-box\" data-id=\"7b03c1b\" data-element_type=\"widget\" data-widget_type=\"image-box.default\">\n\t\t\t\t<div class=\"elementor-widget-container\">\n\t\t\t\t\t<div class=\"elementor-image-box-wrapper\"><figure class=\"elementor-image-box-img\"><img decoding=\"async\" width=\"131\" height=\"130\" src=\"https:\/\/nokobike.com\/wp-content\/uploads\/Logo-white-icon.png\" class=\"attachment-full size-full wp-image-987506788\" alt=\"\" srcset=\"https:\/\/nokobike.com\/wp-content\/uploads\/Logo-white-icon.png 131w, https:\/\/nokobike.com\/wp-content\/uploads\/Logo-white-icon-100x100.png 100w\" sizes=\"(max-width: 131px) 100vw, 131px\" \/><\/figure><div class=\"elementor-image-box-content\"><h3 class=\"elementor-image-box-title\">ITALY<\/h3><\/div><\/div>\t\t\t\t<\/div>\n\t\t\t\t<\/div>\n\t\t\t\t<div class=\"elementor-element elementor-element-82e62ce elementor-widget elementor-widget-heading\" data-id=\"82e62ce\" data-element_type=\"widget\" data-widget_type=\"heading.default\">\n\t\t\t\t<div class=\"elementor-widget-container\">\n\t\t\t\t\t<h2 class=\"elementor-heading-title elementor-size-default\">David Lloyd Malaspina<\/h2>\t\t\t\t<\/div>\n\t\t\t\t<\/div>\n\t\t\t\t<div class=\"elementor-element elementor-element-1443bfd elementor-widget elementor-widget-text-editor\" data-id=\"1443bfd\" data-element_type=\"widget\" data-widget_type=\"text-editor.default\">\n\t\t\t\t<div class=\"elementor-widget-container\">\n\t\t\t\t\t\t\t\t\t<p>Via dello Sport, 1, 20068 Milano MI<\/p>\t\t\t\t\t\t\t\t<\/div>\n\t\t\t\t<\/div>\n\t\t\t\t<div class=\"elementor-element elementor-element-d85d4c9 elementor-widget elementor-widget-text-editor\" data-id=\"d85d4c9\" data-element_type=\"widget\" data-widget_type=\"text-editor.default\">\n\t\t\t\t<div class=\"elementor-widget-container\">\n\t\t\t\t\t\t\t\t\tBUCHEN SIE EINE TESTFAHRT:\n<br>\n<a style=\"color: white;\" href=\"tel:+390270800\">+39 027 08 00<\/a>\t\t\t\t\t\t\t\t<\/div>\n\t\t\t\t<\/div>\n\t\t\t\t\t<\/div>\n\t\t\t\t<\/div>\n\t\t<div class=\"elementor-element elementor-element-14bd99b e-flex e-con-boxed e-con e-child\" data-id=\"14bd99b\" data-element_type=\"container\" data-settings=\"{&quot;background_background&quot;:&quot;classic&quot;}\">\n\t\t\t\t\t<div class=\"e-con-inner\">\n\t\t\t\t<div class=\"elementor-element elementor-element-dc304e2 elementor-position-left elementor-vertical-align-middle elementor-widget elementor-widget-image-box\" data-id=\"dc304e2\" data-element_type=\"widget\" data-widget_type=\"image-box.default\">\n\t\t\t\t<div class=\"elementor-widget-container\">\n\t\t\t\t\t<div class=\"elementor-image-box-wrapper\"><figure class=\"elementor-image-box-img\"><img decoding=\"async\" width=\"131\" height=\"130\" src=\"https:\/\/nokobike.com\/wp-content\/uploads\/Logo-white-icon.png\" class=\"attachment-full size-full wp-image-987506788\" alt=\"\" srcset=\"https:\/\/nokobike.com\/wp-content\/uploads\/Logo-white-icon.png 131w, https:\/\/nokobike.com\/wp-content\/uploads\/Logo-white-icon-100x100.png 100w\" sizes=\"(max-width: 131px) 100vw, 131px\" \/><\/figure><div class=\"elementor-image-box-content\"><h3 class=\"elementor-image-box-title\">ITALY<\/h3><\/div><\/div>\t\t\t\t<\/div>\n\t\t\t\t<\/div>\n\t\t\t\t<div class=\"elementor-element elementor-element-272df3d elementor-widget elementor-widget-heading\" data-id=\"272df3d\" data-element_type=\"widget\" data-widget_type=\"heading.default\">\n\t\t\t\t<div class=\"elementor-widget-container\">\n\t\t\t\t\t<h2 class=\"elementor-heading-title elementor-size-default\">Doriani Cashmere\n<\/h2>\t\t\t\t<\/div>\n\t\t\t\t<\/div>\n\t\t\t\t<div class=\"elementor-element elementor-element-6042dd3 elementor-widget elementor-widget-text-editor\" data-id=\"6042dd3\" data-element_type=\"widget\" data-widget_type=\"text-editor.default\">\n\t\t\t\t<div class=\"elementor-widget-container\">\n\t\t\t\t\t\t\t\t\tVia Sant&#8217;Andrea, 2, 20121 Milano MI\n<br>\nVia Giovanni Montauti, 7, 55042 Forte dei Marmi LU\t\t\t\t\t\t\t\t<\/div>\n\t\t\t\t<\/div>\n\t\t\t\t<div class=\"elementor-element elementor-element-42a61a0 elementor-widget elementor-widget-text-editor\" data-id=\"42a61a0\" data-element_type=\"widget\" data-widget_type=\"text-editor.default\">\n\t\t\t\t<div class=\"elementor-widget-container\">\n\t\t\t\t\t\t\t\t\tBUCHEN SIE EINE TESTFAHRT:\n<br>\n<a style=\"color: white;\" href=\"tel:+390270800\">+39 027 08 00<\/a>\t\t\t\t\t\t\t\t<\/div>\n\t\t\t\t<\/div>\n\t\t\t\t\t<\/div>\n\t\t\t\t<\/div>\n\t\t\t\t\t<\/div>\n\t\t\t\t<\/div>\n\t\t\t\t<\/div>\n\t\t\t\t<\/div>\n\t\t","protected":false},"excerpt":{"rendered":"<p>TESTEN SIE UNSERE PRODUKTE M\u00f6chten Sie Ihr zuk\u00fcnftiges NOKOBIKE sehen und testen? \u00a0 Besuchen Sie unser Flaggschiff-Gesch\u00e4ft in Europa oder eine unserer Partnerfilialen. Sehen Sie sich die Karte unten f\u00fcr alle verf\u00fcgbaren Standorte an. Finden Sie einen Laden Sind Sie Ladenbesitzer oder Distributor? M\u00f6chten Sie NOKOBIKE in Ihr Produktsortiment aufnehmen? \u00a0 Kontaktieren Sie uns jetzt. [&hellip;]<\/p>\n","protected":false},"author":1,"featured_media":0,"parent":0,"menu_order":0,"comment_status":"closed","ping_status":"closed","template":"","meta":{"footnotes":""},"class_list":["post-987541749","page","type-page","status-publish","hentry"],"_links":{"self":[{"href":"https:\/\/nokobike.com\/de\/wp-json\/wp\/v2\/pages\/987541749","targetHints":{"allow":["GET"]}}],"collection":[{"href":"https:\/\/nokobike.com\/de\/wp-json\/wp\/v2\/pages"}],"about":[{"href":"https:\/\/nokobike.com\/de\/wp-json\/wp\/v2\/types\/page"}],"author":[{"embeddable":true,"href":"https:\/\/nokobike.com\/de\/wp-json\/wp\/v2\/users\/1"}],"replies":[{"embeddable":true,"href":"https:\/\/nokobike.com\/de\/wp-json\/wp\/v2\/comments?post=987541749"}],"version-history":[{"count":31,"href":"https:\/\/nokobike.com\/de\/wp-json\/wp\/v2\/pages\/987541749\/revisions"}],"predecessor-version":[{"id":987599750,"href":"https:\/\/nokobike.com\/de\/wp-json\/wp\/v2\/pages\/987541749\/revisions\/987599750"}],"wp:attachment":[{"href":"https:\/\/nokobike.com\/de\/wp-json\/wp\/v2\/media?parent=987541749"}],"curies":[{"name":"wp","href":"https:\/\/api.w.org\/{rel}","templated":true}]}}