{"id":987533668,"date":"2024-07-12T08:32:13","date_gmt":"2024-07-12T08:32:13","guid":{"rendered":"https:\/\/nuovosito.kinsta.cloud\/?post_type=product&#038;p=987533668"},"modified":"2024-07-15T09:36:26","modified_gmt":"2024-07-15T09:36:26","slug":"shock-absorber-handlebar","status":"publish","type":"product","link":"https:\/\/nokobike.com\/de\/shock-absorber-handlebar\/","title":{"rendered":"SHOCK ABSORBER HANDLEBAR"},"content":{"rendered":"<p>Wir pr\u00e4sentieren unsere Lenker \u2013 ein Durchbruch in der Fahrradtechnologie, entworfen, um Ihre h\u00e4rtesten Fahrten m\u00fchelos zu bew\u00e4ltigen. Mit einem hochmodernen Einstecksystem konstruiert, sind diese Lenker darauf ausgelegt, St\u00f6\u00dfe zu absorbieren und Vibrationen zu gl\u00e4tten, was un\u00fcbertroffenen Komfort und pr\u00e4zise Fahrradkontrolle selbst auf den rauhesten Stra\u00dfen und holprigsten Wegen sicherstellt.<\/p>\n<p>Sagen Sie der Erm\u00fcdung der oberen Gliedma\u00dfen Lebewohl, da unsere Lenker Ihre biomechanische Effizienz optimieren und es Ihnen erm\u00f6glichen, h\u00e4rter zu dr\u00fccken und l\u00e4nger ohne Unbehagen zu fahren. Aus einem hybriden fortschrittlichen Verbundmaterial gefertigt, das auch in der Luft- und Raumfahrt verwendet wird, bieten sie die perfekte Balance zwischen St\u00e4rke, Flexibilit\u00e4t und Leichtigkeit und erf\u00fcllen strenge Leistungsstandards.<\/p>\n<p>Mit einem patentierten Design, das \u00fcber drei Jahre Forschung und Entwicklung verfeinert wurde, setzen unsere Lenker neue Ma\u00dfst\u00e4be in der Fahrradinnovation. Ob Sie felsige Abfahrten navigieren oder durch st\u00e4dtische Stra\u00dfen powern, vertrauen Sie darauf, dass unsere Lenker Ihr Fahrerlebnis verbessern und muskuloskelettale Probleme wie das Karpaltunnelsyndrom verhindern.<\/p>\n<p>Heben Sie Ihre Fahrt auf ein neues Level und erobern Sie jedes Gel\u00e4nde mit Vertrauen. Unsere Lenker \u2013 die ultimative L\u00f6sung f\u00fcr Komfort, Kontrolle und Leistung im Radfahren.<\/p>\n","protected":false},"excerpt":{"rendered":"<p>Diese Lenker sind darauf ausgelegt, St\u00f6\u00dfe zu absorbieren und Vibrationen zu gl\u00e4tten, was un\u00fcbertroffenen Komfort und pr\u00e4zise Fahrradkontrolle selbst auf den rauhesten Stra\u00dfen und holprigsten Wegen sicherstellt.<\/p>\n","protected":false},"featured_media":987525231,"comment_status":"open","ping_status":"closed","template":"","meta":[],"product_brand":[],"product_cat":[68],"product_tag":[],"class_list":{"0":"post-987533668","1":"product","2":"type-product","3":"status-publish","4":"has-post-thumbnail","6":"product_cat-zubehoer","8":"first","9":"instock","10":"shipping-taxable","11":"purchasable","12":"product-type-variable"},"_links":{"self":[{"href":"https:\/\/nokobike.com\/de\/wp-json\/wp\/v2\/product\/987533668","targetHints":{"allow":["GET"]}}],"collection":[{"href":"https:\/\/nokobike.com\/de\/wp-json\/wp\/v2\/product"}],"about":[{"href":"https:\/\/nokobike.com\/de\/wp-json\/wp\/v2\/types\/product"}],"replies":[{"embeddable":true,"href":"https:\/\/nokobike.com\/de\/wp-json\/wp\/v2\/comments?post=987533668"}],"wp:featuredmedia":[{"embeddable":true,"href":"https:\/\/nokobike.com\/de\/wp-json\/wp\/v2\/media\/987525231"}],"wp:attachment":[{"href":"https:\/\/nokobike.com\/de\/wp-json\/wp\/v2\/media?parent=987533668"}],"wp:term":[{"taxonomy":"product_brand","embeddable":true,"href":"https:\/\/nokobike.com\/de\/wp-json\/wp\/v2\/product_brand?post=987533668"},{"taxonomy":"product_cat","embeddable":true,"href":"https:\/\/nokobike.com\/de\/wp-json\/wp\/v2\/product_cat?post=987533668"},{"taxonomy":"product_tag","embeddable":true,"href":"https:\/\/nokobike.com\/de\/wp-json\/wp\/v2\/product_tag?post=987533668"}],"curies":[{"name":"wp","href":"https:\/\/api.w.org\/{rel}","templated":true}]}}