{"id":987534395,"date":"2024-06-28T08:41:31","date_gmt":"2024-06-28T08:41:31","guid":{"rendered":"https:\/\/nuovosito.kinsta.cloud\/?post_type=product&#038;p=987534395"},"modified":"2024-11-11T15:43:50","modified_gmt":"2024-11-11T15:43:50","slug":"range-extender","status":"publish","type":"product","link":"https:\/\/nokobike.com\/de\/range-extender\/","title":{"rendered":"RANGE EXTENDER"},"content":{"rendered":"<p>Mit zus\u00e4tzlichen 252 Wh erweitert dieser schlanke Extender Ihre Reise um bis zu 100 km, sodass Sie ohne Sorgen weiter erkunden k\u00f6nnen. In Kombination mit der vorhandenen Batterie Ihres Fahrrads genie\u00dfen Sie eine Gesamtkapazit\u00e4t von 504 Wh, was bis zu 200 km mit einer einzigen Ladung erm\u00f6glicht.<\/p>\n<p><strong>Nahtloses und elegantes Design<\/strong><\/p>\n<p>Entworfen, um wie eine kleine Wasserflasche in den Flaschenhalter Ihres Fahrrads zu passen, integriert er sich m\u00fchelos ohne zus\u00e4tzliches Volumen. Die Installation ist schnell und einfach mit dem beiliegenden Befestigungs-Support und Verbindungskabel.<\/p>\n<p><strong>Der ultimative Fahrbegleiter<\/strong><\/p>\n<p>Perfekt f\u00fcr Pendler, Abenteurer und Wochenendkrieger, stellt der NOKO Range Extender sicher, dass Sie l\u00e4nger fahren, Grenzen \u00fcberschreiten und neue Horizonte entdecken k\u00f6nnen.<\/p>\n<p><strong>Gehen Sie \u00fcber Grenzen hinaus<\/strong><\/p>\n<p>Lassen Sie sich von nichts aufhalten. R\u00fcsten Sie Ihr NOKO E-Bike mit dem Range Extender aus und schalten Sie eine Welt voller endloser M\u00f6glichkeiten frei. Das Abenteuer wartet \u2013 fahren Sie weiter, erkunden Sie mehr und erleben Sie ultimative Freiheit mit NOKO.<\/p>\n","protected":false},"excerpt":{"rendered":"<p>Erh\u00f6hen Sie Ihr NOKOBIKE-Erlebnis mit dem bahnbrechenden FSA Range Extender. Diese kompakte, externe Li-Ionen-Batterie, kompatibel mit dem FSA System HM 1.0, ist Ihr Schl\u00fcssel zur Verdoppelung der Leistung und Reichweite Ihrer Fahrt. Bitte beachten Sie, dass NOKOLIGHT und NOKOBLAZE nicht mit diesem Extender kompatibel sind.<\/p>\n","protected":false},"featured_media":987525188,"comment_status":"open","ping_status":"closed","template":"","meta":[],"product_brand":[],"product_cat":[68],"product_tag":[],"class_list":{"0":"post-987534395","1":"product","2":"type-product","3":"status-publish","4":"has-post-thumbnail","6":"product_cat-zubehoer","8":"first","9":"instock","10":"shipping-taxable","11":"purchasable","12":"product-type-simple"},"_links":{"self":[{"href":"https:\/\/nokobike.com\/de\/wp-json\/wp\/v2\/product\/987534395","targetHints":{"allow":["GET"]}}],"collection":[{"href":"https:\/\/nokobike.com\/de\/wp-json\/wp\/v2\/product"}],"about":[{"href":"https:\/\/nokobike.com\/de\/wp-json\/wp\/v2\/types\/product"}],"replies":[{"embeddable":true,"href":"https:\/\/nokobike.com\/de\/wp-json\/wp\/v2\/comments?post=987534395"}],"wp:featuredmedia":[{"embeddable":true,"href":"https:\/\/nokobike.com\/de\/wp-json\/wp\/v2\/media\/987525188"}],"wp:attachment":[{"href":"https:\/\/nokobike.com\/de\/wp-json\/wp\/v2\/media?parent=987534395"}],"wp:term":[{"taxonomy":"product_brand","embeddable":true,"href":"https:\/\/nokobike.com\/de\/wp-json\/wp\/v2\/product_brand?post=987534395"},{"taxonomy":"product_cat","embeddable":true,"href":"https:\/\/nokobike.com\/de\/wp-json\/wp\/v2\/product_cat?post=987534395"},{"taxonomy":"product_tag","embeddable":true,"href":"https:\/\/nokobike.com\/de\/wp-json\/wp\/v2\/product_tag?post=987534395"}],"curies":[{"name":"wp","href":"https:\/\/api.w.org\/{rel}","templated":true}]}}