{"id":987534403,"date":"2024-06-28T08:14:00","date_gmt":"2024-06-28T08:14:00","guid":{"rendered":"https:\/\/nuovosito.kinsta.cloud\/?post_type=product&#038;p=987534403"},"modified":"2024-07-15T09:42:52","modified_gmt":"2024-07-15T09:42:52","slug":"abus-folding-lock","status":"publish","type":"product","link":"https:\/\/nokobike.com\/de\/abus-folding-lock\/","title":{"rendered":"ABUS FOLDING LOCK\u2122"},"content":{"rendered":"<p><b>SICHERES FALTSCHLOSS MIT ZAHLENKOMBINATION<\/b><\/p>\n<p>Das klassische Modell als Kombinationsschloss: Der Schl\u00fcssel zum BORDO Combo\u2122 Faltschloss wird im Kopf getragen. Ben\u00f6tigen Sie ein Fahrradschloss, das von mehreren Personen, zum Beispiel verschiedenen Familienmitgliedern, genutzt werden kann? Das BORDO Combo\u2122 Faltschloss erspart Ihnen den Aufwand, Schl\u00fcssel auszutauschen und herauszufinden, wer sie zuletzt hatte. Das Schloss kann bequem mit einem vierstelligen Zahlencode Ihrer Wahl anstelle eines Schl\u00fcssels ge\u00f6ffnet werden. Die gewohnte ABUS-Qualit\u00e4t ist selbstverst\u00e4ndlich: Fahrraddiebe haben keine Chance, egal ob das Schloss einen Zahlencode oder einen Schl\u00fcssel verwendet.<\/p>\n<h3><b>Technologie:<\/b><\/h3>\n<ul>\n<li aria-level=\"1\">5 mm St\u00e4be mit extraweicher Zweikomponenten-Ummantelung zum Schutz vor Lacksch\u00e4den<\/li>\n<li aria-level=\"1\">Die St\u00e4be und das Geh\u00e4use sind aus speziell geh\u00e4rtetem Stahl gefertigt<\/li>\n<li aria-level=\"1\">St\u00e4be sind mit speziellen Nieten verbunden<\/li>\n<li aria-level=\"1\">Zweikomponenten-Zahlencodierwerk f\u00fcr dauerhafte Lesbarkeit<\/li>\n<li aria-level=\"1\">Individuell konfigurierbarer Code<\/li>\n<\/ul>\n","protected":false},"excerpt":{"rendered":"<p><em>Das Ultimative in Sachen Stabilit\u00e4t und Flexibilit\u00e4t<\/em>: Finden Sie einen zuverl\u00e4ssigen Begleiter im BORDO Combo\u2122 Faltschloss, das anstelle eines Schl\u00fcssels einen Zahlencode verwendet.<\/p>\n","protected":false},"featured_media":987525152,"comment_status":"open","ping_status":"closed","template":"","meta":[],"product_brand":[],"product_cat":[68],"product_tag":[],"class_list":{"0":"post-987534403","1":"product","2":"type-product","3":"status-publish","4":"has-post-thumbnail","6":"product_cat-zubehoer","8":"first","9":"instock","10":"shipping-taxable","11":"purchasable","12":"product-type-simple"},"_links":{"self":[{"href":"https:\/\/nokobike.com\/de\/wp-json\/wp\/v2\/product\/987534403","targetHints":{"allow":["GET"]}}],"collection":[{"href":"https:\/\/nokobike.com\/de\/wp-json\/wp\/v2\/product"}],"about":[{"href":"https:\/\/nokobike.com\/de\/wp-json\/wp\/v2\/types\/product"}],"replies":[{"embeddable":true,"href":"https:\/\/nokobike.com\/de\/wp-json\/wp\/v2\/comments?post=987534403"}],"wp:featuredmedia":[{"embeddable":true,"href":"https:\/\/nokobike.com\/de\/wp-json\/wp\/v2\/media\/987525152"}],"wp:attachment":[{"href":"https:\/\/nokobike.com\/de\/wp-json\/wp\/v2\/media?parent=987534403"}],"wp:term":[{"taxonomy":"product_brand","embeddable":true,"href":"https:\/\/nokobike.com\/de\/wp-json\/wp\/v2\/product_brand?post=987534403"},{"taxonomy":"product_cat","embeddable":true,"href":"https:\/\/nokobike.com\/de\/wp-json\/wp\/v2\/product_cat?post=987534403"},{"taxonomy":"product_tag","embeddable":true,"href":"https:\/\/nokobike.com\/de\/wp-json\/wp\/v2\/product_tag?post=987534403"}],"curies":[{"name":"wp","href":"https:\/\/api.w.org\/{rel}","templated":true}]}}