{"id":987534404,"date":"2024-06-28T08:02:22","date_gmt":"2024-06-28T08:02:22","guid":{"rendered":"https:\/\/nuovosito.kinsta.cloud\/?post_type=product&#038;p=987534404"},"modified":"2025-04-16T13:16:59","modified_gmt":"2025-04-16T13:16:59","slug":"garmin-remote-shifter","status":"publish","type":"product","link":"https:\/\/nokobike.com\/de\/garmin-remote-shifter\/","title":{"rendered":"GARMIN REMOTE SHIFTER"},"content":{"rendered":"<p class=\"\" data-start=\"1370\" data-end=\"1823\"><strong data-start=\"1370\" data-end=\"1404\">Machen Sie mehr aus Ihrem NOKO<\/strong> \u2013 mit dieser robusten, kompakten und leichten Fernbedienung, die sich nahtlos in Ihre Fahrt integriert. Wechseln Sie m\u00fchelos per Knopfdruck zwischen den Unterst\u00fctzungsstufen. \u00dcber das kreisf\u00f6rmige 3-Tasten-Interface lassen sich Unterst\u00fctzungslevel anpassen, die Datenbildschirme Ihres Edge\u00ae-Fahrradcomputers durchbl\u00e4ttern oder eine benutzerdefinierte Funktion aktivieren \u2013 alles via zuverl\u00e4ssiger ANT+\u00ae-Funkverbindung.<\/p>\n<p class=\"\" data-start=\"1825\" data-end=\"2170\">Die NOKO-Fernbedienung wurde f\u00fcr Vielseitigkeit und Langlebigkeit entwickelt und wird von einer austauschbaren CR2032-Batterie betrieben, die eine Laufzeit von bis zu einem Jahr bietet. Ein automatischer Ruhemodus spart Energie, w\u00e4hrend eine zentrale LED den Betriebsstatus sowie niedrige Batteriest\u00e4nde der Fernbedienung und Ihres NOKO anzeigt.<\/p>\n<p class=\"\" data-start=\"2172\" data-end=\"2481\">Die Montage ist einfach und flexibel: Befestigen Sie die Fernbedienung mit den zwei mitgelieferten Lenkerhalterungen oder tragen Sie sie mit dem Karabinerband an G\u00fcrtel, Rucksack oder Jacke. Wohin auch immer Ihre Fahrt f\u00fchrt \u2013 die NOKO-Fernbedienung ist Ihr unverzichtbarer Begleiter f\u00fcr Leistung und Komfort.<\/p>\n<p class=\"\" data-start=\"2483\" data-end=\"2587\"><strong data-start=\"2483\" data-end=\"2506\">Bitte beachten Sie:<\/strong> Diese Fernbedienung ist ausschlie\u00dflich mit dem <strong data-start=\"2554\" data-end=\"2575\">FSA HM 1.0 System<\/strong> kompatibel.<\/p>\n","protected":false},"excerpt":{"rendered":"<p>Machen Sie Ihr NOKO mit dieser robusten, kompakten und leichten Fernbedienung zu Ihrem perfekten Begleiter. \u00c4ndern Sie m\u00fchelos die Leistungsstufe Ihres Fahrrads mit nur einem Knopfdruck.<\/p>\n","protected":false},"featured_media":987525148,"comment_status":"open","ping_status":"closed","template":"","meta":[],"product_brand":[],"product_cat":[68],"product_tag":[],"class_list":{"0":"post-987534404","1":"product","2":"type-product","3":"status-publish","4":"has-post-thumbnail","6":"product_cat-zubehoer","8":"first","9":"instock","10":"shipping-taxable","11":"purchasable","12":"product-type-simple"},"_links":{"self":[{"href":"https:\/\/nokobike.com\/de\/wp-json\/wp\/v2\/product\/987534404","targetHints":{"allow":["GET"]}}],"collection":[{"href":"https:\/\/nokobike.com\/de\/wp-json\/wp\/v2\/product"}],"about":[{"href":"https:\/\/nokobike.com\/de\/wp-json\/wp\/v2\/types\/product"}],"replies":[{"embeddable":true,"href":"https:\/\/nokobike.com\/de\/wp-json\/wp\/v2\/comments?post=987534404"}],"wp:featuredmedia":[{"embeddable":true,"href":"https:\/\/nokobike.com\/de\/wp-json\/wp\/v2\/media\/987525148"}],"wp:attachment":[{"href":"https:\/\/nokobike.com\/de\/wp-json\/wp\/v2\/media?parent=987534404"}],"wp:term":[{"taxonomy":"product_brand","embeddable":true,"href":"https:\/\/nokobike.com\/de\/wp-json\/wp\/v2\/product_brand?post=987534404"},{"taxonomy":"product_cat","embeddable":true,"href":"https:\/\/nokobike.com\/de\/wp-json\/wp\/v2\/product_cat?post=987534404"},{"taxonomy":"product_tag","embeddable":true,"href":"https:\/\/nokobike.com\/de\/wp-json\/wp\/v2\/product_tag?post=987534404"}],"curies":[{"name":"wp","href":"https:\/\/api.w.org\/{rel}","templated":true}]}}