{"id":987534405,"date":"2024-06-28T07:56:38","date_gmt":"2024-06-28T07:56:38","guid":{"rendered":"https:\/\/nuovosito.kinsta.cloud\/?post_type=product&#038;p=987534405"},"modified":"2024-07-15T09:42:47","modified_gmt":"2024-07-15T09:42:47","slug":"protective-bike-cover","status":"publish","type":"product","link":"https:\/\/nokobike.com\/de\/protective-bike-cover\/","title":{"rendered":"PROTECTIVE BIKE COVER"},"content":{"rendered":"<p><strong>Vollst\u00e4ndiger Schutz f\u00fcr Ihr Fahrrad \u2013 f\u00fcr die Lagerung im Innenbereich oder den Transport!<\/strong><\/p>\n<ul>\n<li>Sch\u00fctzt das Fahrrad vor Schmutz, Sand und Salz w\u00e4hrend des Transports<\/li>\n<li>Sichere Aufbewahrung in der Garage oder Wohnung<\/li>\n<li>Vollst\u00e4ndige Fahrradabdeckung kann mit Wandhalterungen verwendet werden<\/li>\n<li>Passt zu 99% der Fahrr\u00e4der<\/li>\n<li>Seitenrei\u00dfverschluss L\u00e4nge 30 cm<\/li>\n<li>Flexibler, maschinenwaschbarer Stoff<\/li>\n<\/ul>\n<p><strong>KANN F\u00dcR DEN TRANSPORT VERWENDET WERDEN<\/strong> Die Abdeckung kann dank der Rei\u00dfverschl\u00fcsse an den Seiten und am Boden mit Heckgep\u00e4cktr\u00e4gern am Auto verwendet werden. Geschwindigkeitsbegrenzungen sind zu beachten.<\/p>\n<p><strong>H\u00c4LT IHR ZUHAUSE SAUBER<\/strong> Sch\u00fctzt Ihr Zuhause, B\u00fcro und Auto vor Schmutz und Reifenspuren. Umschlie\u00dft 100% Ihres Fahrrads und sch\u00fctzt es vor Staub im Innenbereich, der seine beweglichen Teile besch\u00e4digen kann, sowie vor Schmutz, Sand und Salz w\u00e4hrend Kurzstreckentransporten.<\/p>\n<p><strong>EINFACH ANZUBRINGEN<\/strong> Dank des dehnbaren Stoffs und eines Rei\u00dfverschlusses, der l\u00e4ngs entlang der Oberseite des Fahrrads verl\u00e4uft, dauert das Anbringen der Abdeckung weniger als 30 Sekunden.<\/p>\n","protected":false},"excerpt":{"rendered":"<p>Halten Sie Ihr Fahrrad sauber und gesch\u00fctzt mit unserer vielseitigen Fahrradabdeckung, die sowohl f\u00fcr die Lagerung im Innenbereich als auch f\u00fcr den Transport entwickelt wurde.<\/p>\n","protected":false},"featured_media":987525144,"comment_status":"open","ping_status":"closed","template":"","meta":[],"product_brand":[],"product_cat":[68],"product_tag":[],"class_list":{"0":"post-987534405","1":"product","2":"type-product","3":"status-publish","4":"has-post-thumbnail","6":"product_cat-zubehoer","8":"first","9":"instock","10":"shipping-taxable","11":"purchasable","12":"product-type-simple"},"_links":{"self":[{"href":"https:\/\/nokobike.com\/de\/wp-json\/wp\/v2\/product\/987534405","targetHints":{"allow":["GET"]}}],"collection":[{"href":"https:\/\/nokobike.com\/de\/wp-json\/wp\/v2\/product"}],"about":[{"href":"https:\/\/nokobike.com\/de\/wp-json\/wp\/v2\/types\/product"}],"replies":[{"embeddable":true,"href":"https:\/\/nokobike.com\/de\/wp-json\/wp\/v2\/comments?post=987534405"}],"wp:featuredmedia":[{"embeddable":true,"href":"https:\/\/nokobike.com\/de\/wp-json\/wp\/v2\/media\/987525144"}],"wp:attachment":[{"href":"https:\/\/nokobike.com\/de\/wp-json\/wp\/v2\/media?parent=987534405"}],"wp:term":[{"taxonomy":"product_brand","embeddable":true,"href":"https:\/\/nokobike.com\/de\/wp-json\/wp\/v2\/product_brand?post=987534405"},{"taxonomy":"product_cat","embeddable":true,"href":"https:\/\/nokobike.com\/de\/wp-json\/wp\/v2\/product_cat?post=987534405"},{"taxonomy":"product_tag","embeddable":true,"href":"https:\/\/nokobike.com\/de\/wp-json\/wp\/v2\/product_tag?post=987534405"}],"curies":[{"name":"wp","href":"https:\/\/api.w.org\/{rel}","templated":true}]}}