{"id":987534407,"date":"2024-06-28T07:39:58","date_gmt":"2024-06-28T07:39:58","guid":{"rendered":"https:\/\/nuovosito.kinsta.cloud\/?post_type=product&#038;p=987534407"},"modified":"2024-07-15T09:44:35","modified_gmt":"2024-07-15T09:44:35","slug":"adjustable-stem","status":"publish","type":"product","link":"https:\/\/nokobike.com\/de\/adjustable-stem\/","title":{"rendered":"ADJUSTABLE STEM"},"content":{"rendered":"<p>Dank der M\u00f6glichkeit, den Neigungswinkel von <strong>-40\u00b0 bis +40\u00b0<\/strong> anzupassen, k\u00f6nnen Sie Ihre Fahrposition ganz einfach an Ihre Bed\u00fcrfnisse anpassen. Dieser Vorbau ist so konzipiert, dass er mit den meisten Lenkern kompatibel ist, was bedeutet, dass Sie Ihre Fahrradlenker nicht unbedingt austauschen m\u00fcssen, um eine bequemere Fahrposition zu erreichen.<\/p>\n<p>Zus\u00e4tzlich ist der Vorbau aus hochwertigen Materialien gefertigt, um maximale Festigkeit und Haltbarkeit zu gew\u00e4hrleisten. Mit unserem verstellbaren Vorbau k\u00f6nnen Sie ein <strong>komfortableres und sichereres Fahrerlebnis<\/strong> genie\u00dfen, egal ob Sie eine kurze Fahrt durch die Stadt machen oder einen Berg erklimmen.<\/p>\n<p>Warten Sie nicht l\u00e4nger, f\u00fcgen Sie noch heute unseren verstellbaren Vorbau zu Ihrem Fahrrad hinzu und entdecken Sie den Unterschied, den er f\u00fcr Ihren Fahrkomfort ausmachen kann.<\/p>\n","protected":false},"excerpt":{"rendered":"<p>Wenn Sie nach einem Vorbau suchen, mit dem Sie die Fahrposition Ihres Fahrrads ganz einfach anpassen k\u00f6nnen, ist unser verstellbarer Vorbau die perfekte L\u00f6sung f\u00fcr Sie.<\/p>\n","protected":false},"featured_media":987525134,"comment_status":"open","ping_status":"closed","template":"","meta":[],"product_brand":[],"product_cat":[68],"product_tag":[],"class_list":{"0":"post-987534407","1":"product","2":"type-product","3":"status-publish","4":"has-post-thumbnail","6":"product_cat-zubehoer","8":"first","9":"instock","10":"shipping-taxable","11":"purchasable","12":"product-type-simple"},"_links":{"self":[{"href":"https:\/\/nokobike.com\/de\/wp-json\/wp\/v2\/product\/987534407","targetHints":{"allow":["GET"]}}],"collection":[{"href":"https:\/\/nokobike.com\/de\/wp-json\/wp\/v2\/product"}],"about":[{"href":"https:\/\/nokobike.com\/de\/wp-json\/wp\/v2\/types\/product"}],"replies":[{"embeddable":true,"href":"https:\/\/nokobike.com\/de\/wp-json\/wp\/v2\/comments?post=987534407"}],"wp:featuredmedia":[{"embeddable":true,"href":"https:\/\/nokobike.com\/de\/wp-json\/wp\/v2\/media\/987525134"}],"wp:attachment":[{"href":"https:\/\/nokobike.com\/de\/wp-json\/wp\/v2\/media?parent=987534407"}],"wp:term":[{"taxonomy":"product_brand","embeddable":true,"href":"https:\/\/nokobike.com\/de\/wp-json\/wp\/v2\/product_brand?post=987534407"},{"taxonomy":"product_cat","embeddable":true,"href":"https:\/\/nokobike.com\/de\/wp-json\/wp\/v2\/product_cat?post=987534407"},{"taxonomy":"product_tag","embeddable":true,"href":"https:\/\/nokobike.com\/de\/wp-json\/wp\/v2\/product_tag?post=987534407"}],"curies":[{"name":"wp","href":"https:\/\/api.w.org\/{rel}","templated":true}]}}