{"id":987534408,"date":"2024-06-28T07:28:00","date_gmt":"2024-06-28T07:28:00","guid":{"rendered":"https:\/\/nuovosito.kinsta.cloud\/?post_type=product&#038;p=987534408"},"modified":"2024-07-15T09:47:14","modified_gmt":"2024-07-15T09:47:14","slug":"beeline-display-gps","status":"publish","type":"product","link":"https:\/\/nokobike.com\/de\/beeline-display-gps\/","title":{"rendered":"BEELINE \u2013 DISPLAY GPS"},"content":{"rendered":"<p>Das <strong>kompakte Design<\/strong> sieht an jedem Fahrrad gro\u00dfartig aus, und die \u00fcbersichtliche Benutzeroberfl\u00e4che bietet Ihnen alle Informationen auf einen Blick. Die Routenplanung in der Beeline-App k\u00f6nnte nicht einfacher sein, egal ob Sie Ihre eigene Route erstellen oder eine GPX-Datei von einer anderen Quelle importieren. Mit Beeline Smart Routing profitieren Sie von den Tausenden von Fahrern, die vor Ihnen die propriet\u00e4re Stra\u00dfenbewertung von Beeline genutzt haben.<\/p>\n<p><strong>Routen<\/strong><\/p>\n<ul>\n<li>Erstellen Sie m\u00fchelos die beste Route mit der Beeline-App und beginnen Sie in Sekunden zu fahren.<\/li>\n<li>Planen Sie unbegrenzt viele Routen mit Beeline Smart Routing\u2122.<\/li>\n<li>Importieren Sie eine Lieblingsroute von anderen Planern \u00fcber GPX.<\/li>\n<li>Greifen Sie auf Ihre Strava-Routen zu.<\/li>\n<\/ul>\n<p><strong>Navigation<\/strong><\/p>\n<ul>\n<li>Bleiben Sie auf Kurs mit einfachen, intuitiven Abbiegehinweisen.<\/li>\n<li>Schnelles Neurouting bringt Sie in Sekunden zur\u00fcck auf den richtigen Weg. Selbst ohne GPS-Signal des Telefons weist Ihnen Velo 2 den Weg zur\u00fcck zu Ihrer Route.<\/li>\n<li>Nutzen Sie den Kompassmodus, um abseits der ausgetretenen Pfade zu fahren. Ein Pfeil zeigt zu Ihrem Ziel und gibt Ihnen v\u00f6llige Freiheit bei der Wahl des Weges dorthin.<\/li>\n<\/ul>\n<p><strong>Tracking &#038; Analyse<\/strong> &#8212; \u00dcberwachen Sie alle wichtigen Live-Metriken w\u00e4hrend Ihrer Fahrten, einschlie\u00dflich:<\/p>\n<ul>\n<li>Geschwindigkeit<\/li>\n<li>Durchschnittsgeschwindigkeit<\/li>\n<li>Zur\u00fcckgelegte Strecke<\/li>\n<li>Verbleibende Strecke, verbleibende Zeit und voraussichtliche Ankunftszeit (ETA)<\/li>\n<li>Und mehr\u2026<\/li>\n<\/ul>\n<p>Von Ihrer Durchschnittsgeschwindigkeit bis zu den Orten, die Sie im letzten Jahr besucht haben, wird alles automatisch in der Beeline-App zur Analyse gespeichert.<\/p>\n<ul>\n<li>Laden Sie alle Ihre Fahrten ganz einfach zu Strava hoch.<\/li>\n<li>Teilen Sie Fahrten mit Freunden\/Familie \u00fcber GPX.<\/li>\n<\/ul>\n","protected":false},"excerpt":{"rendered":"<p>Das Beeline Velo 2 Navigationsger\u00e4t ist Ihr einfacher, eleganter Begleiter f\u00fcr bessere Fahrradtouren.<\/p>\n<p>Die Planung Ihrer <em><strong>Route<\/strong><\/em> in der <em><strong>Beeline-App<\/strong><\/em> k\u00f6nnte nicht einfacher sein, egal ob Sie Ihre eigene Route erstellen oder eine GPX-Datei von einer anderen Quelle importieren.<\/p>\n","protected":false},"featured_media":987525121,"comment_status":"open","ping_status":"closed","template":"","meta":[],"product_brand":[],"product_cat":[68],"product_tag":[],"class_list":{"0":"post-987534408","1":"product","2":"type-product","3":"status-publish","4":"has-post-thumbnail","6":"product_cat-zubehoer","8":"first","9":"instock","10":"shipping-taxable","11":"purchasable","12":"product-type-simple"},"_links":{"self":[{"href":"https:\/\/nokobike.com\/de\/wp-json\/wp\/v2\/product\/987534408","targetHints":{"allow":["GET"]}}],"collection":[{"href":"https:\/\/nokobike.com\/de\/wp-json\/wp\/v2\/product"}],"about":[{"href":"https:\/\/nokobike.com\/de\/wp-json\/wp\/v2\/types\/product"}],"replies":[{"embeddable":true,"href":"https:\/\/nokobike.com\/de\/wp-json\/wp\/v2\/comments?post=987534408"}],"wp:featuredmedia":[{"embeddable":true,"href":"https:\/\/nokobike.com\/de\/wp-json\/wp\/v2\/media\/987525121"}],"wp:attachment":[{"href":"https:\/\/nokobike.com\/de\/wp-json\/wp\/v2\/media?parent=987534408"}],"wp:term":[{"taxonomy":"product_brand","embeddable":true,"href":"https:\/\/nokobike.com\/de\/wp-json\/wp\/v2\/product_brand?post=987534408"},{"taxonomy":"product_cat","embeddable":true,"href":"https:\/\/nokobike.com\/de\/wp-json\/wp\/v2\/product_cat?post=987534408"},{"taxonomy":"product_tag","embeddable":true,"href":"https:\/\/nokobike.com\/de\/wp-json\/wp\/v2\/product_tag?post=987534408"}],"curies":[{"name":"wp","href":"https:\/\/api.w.org\/{rel}","templated":true}]}}