{"id":987534414,"date":"2024-06-19T14:41:26","date_gmt":"2024-06-19T14:41:26","guid":{"rendered":"https:\/\/nuovosito.kinsta.cloud\/?post_type=product&#038;p=987534414"},"modified":"2026-01-19T07:54:50","modified_gmt":"2026-01-19T07:54:50","slug":"nokolight","status":"publish","type":"product","link":"https:\/\/nokobike.com\/de\/nokolight\/","title":{"rendered":"NOKOLIGHT"},"content":{"rendered":"<p><span style=\"font-weight: 400;\">Das raffinierte, ultraleichte und vollst\u00e4ndig anpassbare NOKOLIGHT verbindet minimalistisches italienisches Design mit der Freiheit eines herausnehmbaren Akkus. Seine neu entwickelte Rahmengeometrie sorgt f\u00fcr au\u00dfergew\u00f6hnlichen Komfort und Agilit\u00e4t, damit Sie mit Leichtigkeit und Stil durch die Stadt fahren k\u00f6nnen. F\u00fcr Fahrer, die Eleganz, Leistung und das ultimative urbane Fahrraderlebnis suchen: das ist Ihr Fahrrad.<\/span><\/p>\n","protected":false},"excerpt":{"rendered":"<p>Erleben Sie wahre Freiheit mit dem innovativen herausnehmbaren Akku von NOKOLIGHT, der f\u00fcr Stil, Komfort und Leistung entwickelt wurde.<br \/>\n<strong>W\u00e4hlen Sie Ihren perfekten Partner:<\/strong><\/p>\n<ul>\n<li>250Wh &#8211; ultraleicht und effizient, ideal f\u00fcr den t\u00e4glichen Arbeitsweg.<\/li>\n<li>378Wh &#8211; erweiterte Reichweite f\u00fcr Fahrer, die weiter fahren.<\/li>\n<\/ul>\n<p>Minimalistisch in der Form, aber leistungsstark in der Funktion, f\u00fcgt sich der Akku nahtlos in das raffinierte Design von NOKO ein und erh\u00f6ht sowohl die \u00c4sthetik als auch die Funktionalit\u00e4t. Er ist leicht und kompakt und passt m\u00fchelos in Ihre Tasche, damit Sie ihn \u00fcberall aufladen k\u00f6nnen, wo Sie gerade sind, oder damit Sie ihn sicher bei sich haben, wenn Ihr Fahrrad geparkt ist.<br \/>\nMit NOKOLIGHT kommt die Energie mit Ihnen.<\/p>\n","protected":false},"featured_media":987524459,"comment_status":"closed","ping_status":"closed","template":"","meta":[],"product_brand":[],"product_cat":[69,72],"product_tag":[],"class_list":{"0":"post-987534414","1":"product","2":"type-product","3":"status-publish","4":"has-post-thumbnail","6":"product_cat-e-bikes","7":"product_cat-urban","9":"first","10":"instock","11":"sale","12":"purchasable","13":"product-type-variable","14":"has-default-attributes"},"_links":{"self":[{"href":"https:\/\/nokobike.com\/de\/wp-json\/wp\/v2\/product\/987534414","targetHints":{"allow":["GET"]}}],"collection":[{"href":"https:\/\/nokobike.com\/de\/wp-json\/wp\/v2\/product"}],"about":[{"href":"https:\/\/nokobike.com\/de\/wp-json\/wp\/v2\/types\/product"}],"replies":[{"embeddable":true,"href":"https:\/\/nokobike.com\/de\/wp-json\/wp\/v2\/comments?post=987534414"}],"wp:featuredmedia":[{"embeddable":true,"href":"https:\/\/nokobike.com\/de\/wp-json\/wp\/v2\/media\/987524459"}],"wp:attachment":[{"href":"https:\/\/nokobike.com\/de\/wp-json\/wp\/v2\/media?parent=987534414"}],"wp:term":[{"taxonomy":"product_brand","embeddable":true,"href":"https:\/\/nokobike.com\/de\/wp-json\/wp\/v2\/product_brand?post=987534414"},{"taxonomy":"product_cat","embeddable":true,"href":"https:\/\/nokobike.com\/de\/wp-json\/wp\/v2\/product_cat?post=987534414"},{"taxonomy":"product_tag","embeddable":true,"href":"https:\/\/nokobike.com\/de\/wp-json\/wp\/v2\/product_tag?post=987534414"}],"curies":[{"name":"wp","href":"https:\/\/api.w.org\/{rel}","templated":true}]}}