{"id":987536614,"date":"2024-06-12T08:47:46","date_gmt":"2024-06-12T08:47:46","guid":{"rendered":"https:\/\/nuovosito.kinsta.cloud\/?post_type=product&#038;p=987536614"},"modified":"2025-08-13T06:51:48","modified_gmt":"2025-08-13T06:51:48","slug":"nokomagma","status":"publish","type":"product","link":"https:\/\/nokobike.com\/de\/nokomagma\/","title":{"rendered":"NOKOMAGMA"},"content":{"rendered":"<p>Schnell auf Asphalt und robust f\u00fcr die h\u00e4rtesten Offroad-Herausforderungen bietet NOKOMAGMA un\u00fcbertroffenen Komfort und Stabilit\u00e4t f\u00fcr all Ihre Abenteuer. Verbinden Sie sich mit der Natur, \u00fcberschreiten Sie Ihre Grenzen und leben Sie im Moment \u2013 das ist die Essenz von NOKOMAGMA. Mit Rennkomponenten genie\u00dfen Sie die perfekte Kombination aus Komfort, Kontrolle und Leistung auf jedem Gel\u00e4nde, jeden Tag.<\/p>\n","protected":false},"excerpt":{"rendered":"<p>Machen Sie sich bereit, neue Horizonte mit <strong>SHIMANO GRX<\/strong> zu erobern, dem ersten speziell f\u00fcr Schotter entwickelten Gruppenset der Branche. Mit schottergerechter Ergonomie, optimierter \u00dcbersetzung, robuster Zuverl\u00e4ssigkeit und einem fl\u00fcsterleisen Antrieb ist SHIMANO GRX Ihr Tor zu unerforschten Gebieten.<\/p>\n<p>Nicht nur ein umgestaltetes Stra\u00dfenset \u2013 dieses <em>revolution\u00e4re<\/em> Design ist f\u00fcr Abenteuerlustige gemacht. Ob Sie neu im Schotterfahren sind oder ein erfahrener Profi, SHIMANO GRX beseitigt Ausreden und befeuert Ihre Leidenschaft f\u00fcr das Unbekannte.<\/p>\n<p>Erleben Sie pr\u00e4zises <strong>11-Gang-Schalten<\/strong> und schotteroptimierte \u00dcbersetzungen f\u00fcr sanfte \u00dcberg\u00e4nge und zuverl\u00e4ssiges Bremsen auf den h\u00e4rtesten Trails. Mit hoher Leistung und au\u00dfergew\u00f6hnlichem Wert sorgt das <em>ergonomische Design<\/em> von SHIMANO GRX daf\u00fcr, dass Sie komfortabel und in Kontrolle bleiben, egal auf welchem Terrain.<\/p>\n","protected":false},"featured_media":987525306,"comment_status":"closed","ping_status":"closed","template":"","meta":[],"product_brand":[],"product_cat":[69,71],"product_tag":[],"class_list":{"0":"post-987536614","1":"product","2":"type-product","3":"status-publish","4":"has-post-thumbnail","6":"product_cat-e-bikes","7":"product_cat-gravel","9":"first","10":"instock","11":"sale","12":"purchasable","13":"product-type-variable","14":"has-default-attributes"},"_links":{"self":[{"href":"https:\/\/nokobike.com\/de\/wp-json\/wp\/v2\/product\/987536614","targetHints":{"allow":["GET"]}}],"collection":[{"href":"https:\/\/nokobike.com\/de\/wp-json\/wp\/v2\/product"}],"about":[{"href":"https:\/\/nokobike.com\/de\/wp-json\/wp\/v2\/types\/product"}],"replies":[{"embeddable":true,"href":"https:\/\/nokobike.com\/de\/wp-json\/wp\/v2\/comments?post=987536614"}],"wp:featuredmedia":[{"embeddable":true,"href":"https:\/\/nokobike.com\/de\/wp-json\/wp\/v2\/media\/987525306"}],"wp:attachment":[{"href":"https:\/\/nokobike.com\/de\/wp-json\/wp\/v2\/media?parent=987536614"}],"wp:term":[{"taxonomy":"product_brand","embeddable":true,"href":"https:\/\/nokobike.com\/de\/wp-json\/wp\/v2\/product_brand?post=987536614"},{"taxonomy":"product_cat","embeddable":true,"href":"https:\/\/nokobike.com\/de\/wp-json\/wp\/v2\/product_cat?post=987536614"},{"taxonomy":"product_tag","embeddable":true,"href":"https:\/\/nokobike.com\/de\/wp-json\/wp\/v2\/product_tag?post=987536614"}],"curies":[{"name":"wp","href":"https:\/\/api.w.org\/{rel}","templated":true}]}}