{"id":987539026,"date":"2024-06-12T08:30:44","date_gmt":"2024-06-12T08:30:44","guid":{"rendered":"https:\/\/nuovosito.kinsta.cloud\/?post_type=product&#038;p=987539026"},"modified":"2025-04-01T06:22:35","modified_gmt":"2025-04-01T06:22:35","slug":"nokoblaze","status":"publish","type":"product","link":"https:\/\/nokobike.com\/de\/nokoblaze\/","title":{"rendered":"NOKOBLAZE"},"content":{"rendered":"<p><i><span style=\"font-weight: 400;\">Sp\u00fcren Sie den Nervenkitzel un\u00fcbertroffener Leistung mit NOKOBLAZE, wo Innovation und Adrenalin aufeinandertreffen. Entworfen mit einer Mischung aus Stil und Kraft, ist es geschaffen, jedes Gel\u00e4nde zu erobern!<\/span><\/i><\/p>\n","protected":false},"excerpt":{"rendered":"<p><span style=\"font-weight: 400;\">Die integrierten vorderen und hinteren LED-Leuchten, die von der Batterie des E-Bikes gespeist werden, gew\u00e4hrleisten unschlagbare Sichtbarkeit selbst unter dunkelsten Bedingungen.<\/span><\/p>\n<p><span style=\"font-weight: 400;\">Das dynamische integrierte Beleuchtungssystem bietet vollst\u00e4ndige Kontrolle vom Lenker aus und erm\u00f6glicht es Ihnen, m\u00fchelos alle Lichter zu verwalten und das Fernlicht f\u00fcr schnelle Signale in Notf\u00e4llen oder sofortige Warnungen zu aktivieren.<\/span><\/p>\n<p><span style=\"font-weight: 400;\">Dieses au\u00dfergew\u00f6hnliche System beleuchtet nicht nur Ihre n\u00e4chtlichen Fahrten, sondern erh\u00f6ht auch Ihre Sichtbarkeit f\u00fcr andere Verkehrsteilnehmer mit integrierten R\u00fccklichtern und vorderen Positionsleuchten. Erobern Sie jede Reise mit dem Vertrauen, immer gesehen zu werden, und vereinen Sie Sicherheit, Praktikabilit\u00e4t und modernes Design in einem revolution\u00e4ren Paket.<\/span><\/p>\n","protected":false},"featured_media":987540313,"comment_status":"closed","ping_status":"closed","template":"","meta":[],"product_brand":[],"product_cat":[69,72],"product_tag":[262],"class_list":{"0":"post-987539026","1":"product","2":"type-product","3":"status-publish","4":"has-post-thumbnail","6":"product_cat-e-bikes","7":"product_cat-urban","8":"product_tag-sales-de","10":"first","11":"instock","12":"sale","13":"purchasable","14":"product-type-variable","15":"has-default-attributes"},"_links":{"self":[{"href":"https:\/\/nokobike.com\/de\/wp-json\/wp\/v2\/product\/987539026","targetHints":{"allow":["GET"]}}],"collection":[{"href":"https:\/\/nokobike.com\/de\/wp-json\/wp\/v2\/product"}],"about":[{"href":"https:\/\/nokobike.com\/de\/wp-json\/wp\/v2\/types\/product"}],"replies":[{"embeddable":true,"href":"https:\/\/nokobike.com\/de\/wp-json\/wp\/v2\/comments?post=987539026"}],"wp:featuredmedia":[{"embeddable":true,"href":"https:\/\/nokobike.com\/de\/wp-json\/wp\/v2\/media\/987540313"}],"wp:attachment":[{"href":"https:\/\/nokobike.com\/de\/wp-json\/wp\/v2\/media?parent=987539026"}],"wp:term":[{"taxonomy":"product_brand","embeddable":true,"href":"https:\/\/nokobike.com\/de\/wp-json\/wp\/v2\/product_brand?post=987539026"},{"taxonomy":"product_cat","embeddable":true,"href":"https:\/\/nokobike.com\/de\/wp-json\/wp\/v2\/product_cat?post=987539026"},{"taxonomy":"product_tag","embeddable":true,"href":"https:\/\/nokobike.com\/de\/wp-json\/wp\/v2\/product_tag?post=987539026"}],"curies":[{"name":"wp","href":"https:\/\/api.w.org\/{rel}","templated":true}]}}