{"id":987540757,"date":"2024-07-18T09:57:01","date_gmt":"2024-07-18T09:57:01","guid":{"rendered":"https:\/\/nuovosito.kinsta.cloud\/?post_type=product&#038;p=987540757"},"modified":"2025-03-26T10:50:40","modified_gmt":"2025-03-26T10:50:40","slug":"nokovulcano-x-treme","status":"publish","type":"product","link":"https:\/\/nokobike.com\/de\/nokovulcano-x-treme\/","title":{"rendered":"NOKOVULCANO X-TREME"},"content":{"rendered":"<p><span style=\"font-weight: 400;\">Rase \u00fcber den Asphalt mit der ungez\u00e4hmten Kraft des NOKOVULCANO X-TREME, dem ersten von NOKO entwickelten E-Road-Bike. Es ist ein vulkanischer Ausbruch aus St\u00e4rke, Energie und Innovation, der unsere Vision perfekt verk\u00f6rpert. Der Carbonrahmen, kombiniert mit hochwertigen Rennkomponenten, garantiert Spitzenleistungen selbst auf den anspruchsvollsten Strecken. Bist du bereit, es auszuprobieren?<\/span><\/p>\n","protected":false},"excerpt":{"rendered":"<p><span style=\"font-weight: 400;\"><strong>SHIMANO 105 Di2<\/strong> bringt das elektronische Schalten an die Spitze im Leistungsradsport. Mit der renommierten Di2-Technologie von Shimano genie\u00dft du pr\u00e4zise und schnelle Gangwechsel auf Knopfdruck, was eine nahtlose Effizienz bei jedem Schaltvorgang gew\u00e4hrleistet. Die 1<em>05er Serie<\/em> wird f\u00fcr ihre Zuverl\u00e4ssigkeit und Langlebigkeit gefeiert und ist die bevorzugte Wahl f\u00fcr Radfahrer, die kompromisslose Leistung suchen.<\/span><\/p>\n<p><span style=\"font-weight: 400;\">Auf der anderen Seite setzt <strong>FSA K-Force WE<\/strong> einen neuen Standard im drahtlosen elektronischen Schalten. Durch die Verwendung modernster Technologie erm\u00f6glicht <em>K-Force WE<\/em> blitzschnelle Gangwechsel mit minimalem Aufwand und verbessert dein Fahrerlebnis mit un\u00fcbertroffener Reaktionsf\u00e4higkeit und Kontrolle. Das elegante Design und die intuitive Bedienung definieren das Radsporterlebnis neu und bieten eine anpassbare Konfiguration, die auf deine Vorlieben zugeschnitten ist.<\/span><\/p>\n","protected":false},"featured_media":987541696,"comment_status":"closed","ping_status":"closed","template":"","meta":[],"product_brand":[],"product_cat":[69,71],"product_tag":[],"class_list":{"0":"post-987540757","1":"product","2":"type-product","3":"status-publish","4":"has-post-thumbnail","6":"product_cat-e-bikes","7":"product_cat-gravel","9":"first","10":"instock","11":"purchasable","12":"product-type-variable","13":"has-default-attributes"},"_links":{"self":[{"href":"https:\/\/nokobike.com\/de\/wp-json\/wp\/v2\/product\/987540757","targetHints":{"allow":["GET"]}}],"collection":[{"href":"https:\/\/nokobike.com\/de\/wp-json\/wp\/v2\/product"}],"about":[{"href":"https:\/\/nokobike.com\/de\/wp-json\/wp\/v2\/types\/product"}],"replies":[{"embeddable":true,"href":"https:\/\/nokobike.com\/de\/wp-json\/wp\/v2\/comments?post=987540757"}],"wp:featuredmedia":[{"embeddable":true,"href":"https:\/\/nokobike.com\/de\/wp-json\/wp\/v2\/media\/987541696"}],"wp:attachment":[{"href":"https:\/\/nokobike.com\/de\/wp-json\/wp\/v2\/media?parent=987540757"}],"wp:term":[{"taxonomy":"product_brand","embeddable":true,"href":"https:\/\/nokobike.com\/de\/wp-json\/wp\/v2\/product_brand?post=987540757"},{"taxonomy":"product_cat","embeddable":true,"href":"https:\/\/nokobike.com\/de\/wp-json\/wp\/v2\/product_cat?post=987540757"},{"taxonomy":"product_tag","embeddable":true,"href":"https:\/\/nokobike.com\/de\/wp-json\/wp\/v2\/product_tag?post=987540757"}],"curies":[{"name":"wp","href":"https:\/\/api.w.org\/{rel}","templated":true}]}}