{"id":987541874,"date":"2024-10-10T13:36:29","date_gmt":"2024-10-10T13:36:29","guid":{"rendered":"https:\/\/nokobike.com\/?post_type=product&#038;p=987541874"},"modified":"2024-12-05T10:41:09","modified_gmt":"2024-12-05T10:41:09","slug":"seitenstaender","status":"publish","type":"product","link":"https:\/\/nokobike.com\/de\/seitenstaender\/","title":{"rendered":"SEITENST\u00c4NDER"},"content":{"rendered":"<p>Verbessern Sie Ihre NOKOBIKE mit diesem hochwertigen, verstellbaren hinteren Seitenst\u00e4nder, der f\u00fcr eine perfekte Passform entwickelt wurde. Aus hochwertigem Aluminium gefertigt, kombiniert dieser schlanke schwarze Seitenst\u00e4nder Langlebigkeit mit einem leichten Design und macht ihn zu einem zuverl\u00e4ssigen Zubeh\u00f6r f\u00fcr den t\u00e4glichen Gebrauch. Die verstellbare L\u00e4nge sorgt f\u00fcr die Kompatibilit\u00e4t mit einer Vielzahl von NOKOBIKE-Modellen und erm\u00f6glicht es Ihnen, Ihr Fahrrad sicher auf jeder Oberfl\u00e4che zu parken.<\/p>\n<p><strong>Hauptmerkmale:<\/strong><\/p>\n<ul>\n<li><strong>Entwickelt f\u00fcr NOKOBIKE:<\/strong> Perfekte Passform f\u00fcr NOKOBIKE-Modelle<\/li>\n<li><strong>Verstellbare H\u00f6he:<\/strong> Die L\u00e4nge l\u00e4sst sich leicht an verschiedene Fahrradgr\u00f6\u00dfen anpassen<\/li>\n<li><strong>Material:<\/strong> Robuste Aluminiumkonstruktion f\u00fcr Langlebigkeit und leichtes Handling<\/li>\n<li><strong>Farbe:<\/strong> Stilvolle schwarze Oberfl\u00e4che, die Ihre NOKOBIKE erg\u00e4nzt<\/li>\n<li><strong>Einfache Installation:<\/strong> Wird mit allem notwendigen Montagematerial f\u00fcr eine schnelle und einfache Einrichtung geliefert<\/li>\n<\/ul>\n<p>Dieser verstellbare Seitenst\u00e4nder ist das perfekte Zubeh\u00f6r f\u00fcr Ihre NOKOBIKE und bietet sowohl Funktionalit\u00e4t als auch Stil f\u00fcr unterwegs.<\/p>\n","protected":false},"excerpt":{"rendered":"<p>Verbessern Sie Ihre NOKOBIKE mit diesem hochwertigen, verstellbaren hinteren Seitenst\u00e4nder. Hergestellt aus robustem und leichtem Aluminium, sorgt sein elegantes schwarzes Design f\u00fcr eine zuverl\u00e4ssige Nutzung im Alltag. Die verstellbare L\u00e4nge bietet eine perfekte Kompatibilit\u00e4t mit verschiedenen NOKOBIKE-Modellen und gew\u00e4hrleistet sicheres Parken auf jeder Oberfl\u00e4che. <em>City- und Urban-E-Bikes sind serienm\u00e4\u00dfig mit diesem Zubeh\u00f6r ausgestattet.<\/em><\/p>\n","protected":false},"featured_media":987541869,"comment_status":"open","ping_status":"closed","template":"","meta":[],"product_brand":[],"product_cat":[68],"product_tag":[],"class_list":{"0":"post-987541874","1":"product","2":"type-product","3":"status-publish","4":"has-post-thumbnail","6":"product_cat-zubehoer","8":"first","9":"instock","10":"shipping-taxable","11":"purchasable","12":"product-type-simple"},"_links":{"self":[{"href":"https:\/\/nokobike.com\/de\/wp-json\/wp\/v2\/product\/987541874","targetHints":{"allow":["GET"]}}],"collection":[{"href":"https:\/\/nokobike.com\/de\/wp-json\/wp\/v2\/product"}],"about":[{"href":"https:\/\/nokobike.com\/de\/wp-json\/wp\/v2\/types\/product"}],"replies":[{"embeddable":true,"href":"https:\/\/nokobike.com\/de\/wp-json\/wp\/v2\/comments?post=987541874"}],"wp:featuredmedia":[{"embeddable":true,"href":"https:\/\/nokobike.com\/de\/wp-json\/wp\/v2\/media\/987541869"}],"wp:attachment":[{"href":"https:\/\/nokobike.com\/de\/wp-json\/wp\/v2\/media?parent=987541874"}],"wp:term":[{"taxonomy":"product_brand","embeddable":true,"href":"https:\/\/nokobike.com\/de\/wp-json\/wp\/v2\/product_brand?post=987541874"},{"taxonomy":"product_cat","embeddable":true,"href":"https:\/\/nokobike.com\/de\/wp-json\/wp\/v2\/product_cat?post=987541874"},{"taxonomy":"product_tag","embeddable":true,"href":"https:\/\/nokobike.com\/de\/wp-json\/wp\/v2\/product_tag?post=987541874"}],"curies":[{"name":"wp","href":"https:\/\/api.w.org\/{rel}","templated":true}]}}