{"id":987561210,"date":"2025-04-03T14:37:02","date_gmt":"2025-04-03T14:37:02","guid":{"rendered":"https:\/\/nokobike.com\/?post_type=product&#038;p=987561210"},"modified":"2025-08-05T13:55:26","modified_gmt":"2025-08-05T13:55:26","slug":"nokolight-akkus","status":"publish","type":"product","link":"https:\/\/nokobike.com\/de\/nokolight-akkus\/","title":{"rendered":"NOKOLIGHT AKKUS"},"content":{"rendered":"<p class=\"\" data-start=\"125\" data-end=\"405\">Verbessern Sie Ihr Fahrerlebnis mit den <strong data-start=\"165\" data-end=\"216\">exklusiven, herausnehmbaren Akkus von NOKOLIGHT<\/strong>, die <strong data-start=\"222\" data-end=\"265\">ausschlie\u00dflich f\u00fcr das Modell NOKOLIGHT<\/strong> entwickelt wurden. Ihr Flaschenformat f\u00fcgt sich nahtlos in das Design ein, ist jedoch <strong data-start=\"352\" data-end=\"404\">nicht mit anderen Produkten der Serie kompatibel<\/strong>.<\/p>\n<p class=\"\" data-start=\"407\" data-end=\"457\">W\u00e4hlen Sie je nach Bedarf zwischen zwei Varianten:<\/p>\n<ul data-start=\"459\" data-end=\"901\">\n<li class=\"\" data-start=\"459\" data-end=\"683\">\n<p class=\"\" data-start=\"461\" data-end=\"683\"><strong data-start=\"461\" data-end=\"480\">36V 7Ah (252Wh)<\/strong> \u2013 Kompakt und leicht mit einem Gewicht von nur <strong data-start=\"528\" data-end=\"538\">1,4 kg<\/strong> und einer L\u00e4nge von <strong data-start=\"559\" data-end=\"570\">19 cm<\/strong>. Ideal f\u00fcr k\u00fcrzere Stadtfahrten oder als handlicher Zweitakku, der einfach zu transportieren und aufzuladen ist.<\/p>\n<\/li>\n<li class=\"\" data-start=\"685\" data-end=\"901\">\n<p class=\"\" data-start=\"687\" data-end=\"901\"><strong data-start=\"687\" data-end=\"709\">36V 10.5Ah (378Wh)<\/strong> \u2013 Mit gr\u00f6\u00dferer Kapazit\u00e4t f\u00fcr eine l\u00e4ngere Reichweite, bleibt dennoch handlich mit <strong data-start=\"792\" data-end=\"802\">1,9 kg<\/strong> Gewicht und einer L\u00e4nge von <strong data-start=\"831\" data-end=\"840\">25,5 cm<\/strong>. Perfekt f\u00fcr l\u00e4ngere Strecken oder den regelm\u00e4\u00dfigen Einsatz.<\/p>\n<\/li>\n<\/ul>\n<p class=\"\" data-start=\"903\" data-end=\"1062\">Beide Akkus sind <strong data-start=\"920\" data-end=\"937\">herausnehmbar<\/strong>, <strong data-start=\"939\" data-end=\"957\">flaschenf\u00f6rmig<\/strong> und f\u00fcgen sich perfekt in das NOKOLIGHT-System ein \u2013 f\u00fcr maximale Flexibilit\u00e4t, Reichweite und Leistung.<\/p>\n","protected":false},"excerpt":{"rendered":"<p class=\"\" data-start=\"1118\" data-end=\"1389\">Die exklusiven, herausnehmbaren Flaschen-Akkus von NOKOLIGHT wurden <strong data-start=\"1186\" data-end=\"1233\">ausschlie\u00dflich f\u00fcr dieses Modell entwickelt<\/strong> und sind <strong data-start=\"1243\" data-end=\"1294\">mit keinem anderen Produkt der Serie kompatibel<\/strong>. Erh\u00e4ltlich in zwei Varianten: <strong data-start=\"1326\" data-end=\"1353\">36V 7Ah (252Wh, 1,4 kg)<\/strong> und <strong data-start=\"1358\" data-end=\"1388\">36V 10.5Ah (378Wh, 1,9 kg)<\/strong>.<\/p>\n","protected":false},"featured_media":987561203,"comment_status":"open","ping_status":"closed","template":"","meta":[],"product_brand":[],"product_cat":[68],"product_tag":[],"class_list":{"0":"post-987561210","1":"product","2":"type-product","3":"status-publish","4":"has-post-thumbnail","6":"product_cat-zubehoer","8":"first","9":"instock","10":"sale","11":"shipping-taxable","12":"purchasable","13":"product-type-variable"},"_links":{"self":[{"href":"https:\/\/nokobike.com\/de\/wp-json\/wp\/v2\/product\/987561210","targetHints":{"allow":["GET"]}}],"collection":[{"href":"https:\/\/nokobike.com\/de\/wp-json\/wp\/v2\/product"}],"about":[{"href":"https:\/\/nokobike.com\/de\/wp-json\/wp\/v2\/types\/product"}],"replies":[{"embeddable":true,"href":"https:\/\/nokobike.com\/de\/wp-json\/wp\/v2\/comments?post=987561210"}],"wp:featuredmedia":[{"embeddable":true,"href":"https:\/\/nokobike.com\/de\/wp-json\/wp\/v2\/media\/987561203"}],"wp:attachment":[{"href":"https:\/\/nokobike.com\/de\/wp-json\/wp\/v2\/media?parent=987561210"}],"wp:term":[{"taxonomy":"product_brand","embeddable":true,"href":"https:\/\/nokobike.com\/de\/wp-json\/wp\/v2\/product_brand?post=987561210"},{"taxonomy":"product_cat","embeddable":true,"href":"https:\/\/nokobike.com\/de\/wp-json\/wp\/v2\/product_cat?post=987561210"},{"taxonomy":"product_tag","embeddable":true,"href":"https:\/\/nokobike.com\/de\/wp-json\/wp\/v2\/product_tag?post=987561210"}],"curies":[{"name":"wp","href":"https:\/\/api.w.org\/{rel}","templated":true}]}}