{"id":2660,"date":"2024-03-27T14:10:00","date_gmt":"2024-03-27T14:10:00","guid":{"rendered":"https:\/\/nuovosito.kinsta.cloud\/?page_id=2660"},"modified":"2024-09-18T07:32:48","modified_gmt":"2024-09-18T07:32:48","slug":"noko","status":"publish","type":"page","link":"https:\/\/nokobike.com\/it\/noko\/","title":{"rendered":"Chi Siamo"},"content":{"rendered":"\t\t<div data-elementor-type=\"wp-page\" data-elementor-id=\"2660\" class=\"elementor elementor-2660 elementor-2023\" data-elementor-post-type=\"page\">\n\t\t\t\t\t\t<section class=\"elementor-section elementor-top-section elementor-element elementor-element-08fa0e3 elementor-section-boxed elementor-section-height-default elementor-section-height-default\" data-id=\"08fa0e3\" data-element_type=\"section\" data-settings=\"{&quot;background_background&quot;:&quot;classic&quot;,&quot;shape_divider_bottom&quot;:&quot;curve&quot;,&quot;shape_divider_bottom_negative&quot;:&quot;yes&quot;}\">\n\t\t\t\t\t\t\t<div class=\"elementor-background-overlay\"><\/div>\n\t\t\t\t\t\t<div class=\"elementor-shape elementor-shape-bottom\" aria-hidden=\"true\" data-negative=\"true\">\n\t\t\t<svg xmlns=\"http:\/\/www.w3.org\/2000\/svg\" viewBox=\"0 0 1000 100\" preserveAspectRatio=\"none\">\n\t<path class=\"elementor-shape-fill\" d=\"M500,97C126.7,96.3,0.8,19.8,0,0v100l1000,0V1C1000,19.4,873.3,97.8,500,97z\"\/>\n<\/svg>\t\t<\/div>\n\t\t\t\t\t<div class=\"elementor-container elementor-column-gap-default\">\n\t\t\t\t\t<div class=\"elementor-column elementor-col-100 elementor-top-column elementor-element elementor-element-05bfb16\" data-id=\"05bfb16\" data-element_type=\"column\">\n\t\t\t<div class=\"elementor-widget-wrap elementor-element-populated\">\n\t\t\t\t\t\t<section class=\"elementor-section elementor-inner-section elementor-element elementor-element-3ff8e86 elementor-section-boxed elementor-section-height-default elementor-section-height-default\" data-id=\"3ff8e86\" data-element_type=\"section\">\n\t\t\t\t\t\t<div class=\"elementor-container elementor-column-gap-default\">\n\t\t\t\t\t<div class=\"elementor-column elementor-col-50 elementor-inner-column elementor-element elementor-element-6561100\" data-id=\"6561100\" data-element_type=\"column\">\n\t\t\t<div class=\"elementor-widget-wrap elementor-element-populated\">\n\t\t\t\t\t\t<div class=\"elementor-element elementor-element-0631e98 elementor-widget elementor-widget-text-editor\" data-id=\"0631e98\" data-element_type=\"widget\" data-widget_type=\"text-editor.default\">\n\t\t\t\t<div class=\"elementor-widget-container\">\n\t\t\t\t\t\t\t\t\t<p>Noko<\/p>\t\t\t\t\t\t\t\t<\/div>\n\t\t\t\t<\/div>\n\t\t\t\t<div class=\"elementor-element elementor-element-f81d953 elementor-widget elementor-widget-text-editor\" data-id=\"f81d953\" data-element_type=\"widget\" data-widget_type=\"text-editor.default\">\n\t\t\t\t<div class=\"elementor-widget-container\">\n\t\t\t\t\t\t\t\t\t<p>MADE IN ITALY<\/p>\t\t\t\t\t\t\t\t<\/div>\n\t\t\t\t<\/div>\n\t\t\t\t<div class=\"elementor-element elementor-element-82e68cf elementor-widget elementor-widget-text-editor\" data-id=\"82e68cf\" data-element_type=\"widget\" data-widget_type=\"text-editor.default\">\n\t\t\t\t<div class=\"elementor-widget-container\">\n\t\t\t\t\t\t\t\t\t<p>NOKO, ispirata alla filosofia del &#8220;<strong>No Compromise<\/strong>&#8220;, \u00e8 l&#8217;e-bike italiana progettata per superare anche le aspettative pi\u00f9 alte.<\/p>\t\t\t\t\t\t\t\t<\/div>\n\t\t\t\t<\/div>\n\t\t\t\t<div class=\"elementor-element elementor-element-87cb83f elementor-widget elementor-widget-text-editor\" data-id=\"87cb83f\" data-element_type=\"widget\" data-widget_type=\"text-editor.default\">\n\t\t\t\t<div class=\"elementor-widget-container\">\n\t\t\t\t\t\t\t\t\t<p>Radicato nella rinomata tradizione italiana di artigianato e eccellenza nel design, NOKO fonde perfettamente l&#8217;arte Italiana con componenti di altissima qualit\u00e0.<\/p>\t\t\t\t\t\t\t\t<\/div>\n\t\t\t\t<\/div>\n\t\t\t\t\t<\/div>\n\t\t<\/div>\n\t\t\t\t<div class=\"elementor-column elementor-col-50 elementor-inner-column elementor-element elementor-element-77e878e\" data-id=\"77e878e\" data-element_type=\"column\">\n\t\t\t<div class=\"elementor-widget-wrap elementor-element-populated\">\n\t\t\t\t\t\t<div class=\"elementor-element elementor-element-91329ac elementor-widget elementor-widget-image\" data-id=\"91329ac\" data-element_type=\"widget\" data-widget_type=\"image.default\">\n\t\t\t\t<div class=\"elementor-widget-container\">\n\t\t\t\t\t\t\t\t\t\t\t\t\t\t\t<img decoding=\"async\" src=\"https:\/\/nokobike.com\/wp-content\/uploads\/noko-stand-1.webp\" title=\"noko-stand.webp\" alt=\"noko-stand.webp\" loading=\"lazy\" \/>\t\t\t\t\t\t\t\t\t\t\t\t\t\t\t<\/div>\n\t\t\t\t<\/div>\n\t\t\t\t\t<\/div>\n\t\t<\/div>\n\t\t\t\t\t<\/div>\n\t\t<\/section>\n\t\t\t\t\t<\/div>\n\t\t<\/div>\n\t\t\t\t\t<\/div>\n\t\t<\/section>\n\t\t<div class=\"elementor-element elementor-element-d9146df e-flex e-con-boxed e-con e-parent\" data-id=\"d9146df\" data-element_type=\"container\">\n\t\t\t\t\t<div class=\"e-con-inner\">\n\t\t<div class=\"elementor-element elementor-element-2255314 e-flex e-con-boxed e-con e-child\" data-id=\"2255314\" data-element_type=\"container\">\n\t\t\t\t\t<div class=\"e-con-inner\">\n\t\t<div class=\"elementor-element elementor-element-1d7e37c e-con-full e-flex e-con e-child\" data-id=\"1d7e37c\" data-element_type=\"container\" data-settings=\"{&quot;background_background&quot;:&quot;classic&quot;}\">\n\t\t\t\t<div class=\"elementor-element elementor-element-3bbcd20 elementor-widget elementor-widget-image\" data-id=\"3bbcd20\" data-element_type=\"widget\" data-widget_type=\"image.default\">\n\t\t\t\t<div class=\"elementor-widget-container\">\n\t\t\t\t\t\t\t\t\t\t\t\t\t\t\t<img decoding=\"async\" src=\"https:\/\/nokobike.com\/wp-content\/uploads\/logo.svg\" title=\"logo.svg\" alt=\"logo.svg\" loading=\"lazy\" \/>\t\t\t\t\t\t\t\t\t\t\t\t\t\t\t<\/div>\n\t\t\t\t<\/div>\n\t\t\t\t<div class=\"elementor-element elementor-element-e9715b9 elementor-widget elementor-widget-heading\" data-id=\"e9715b9\" data-element_type=\"widget\" data-widget_type=\"heading.default\">\n\t\t\t\t<div class=\"elementor-widget-container\">\n\t\t\t\t\t<h2 class=\"elementor-heading-title elementor-size-default\">Mission &amp; Vision<\/h2>\t\t\t\t<\/div>\n\t\t\t\t<\/div>\n\t\t\t\t<div class=\"elementor-element elementor-element-410cdf2 elementor-widget elementor-widget-text-editor\" data-id=\"410cdf2\" data-element_type=\"widget\" data-widget_type=\"text-editor.default\">\n\t\t\t\t<div class=\"elementor-widget-container\">\n\t\t\t\t\t\t\t\t\t<strong>MISSION<\/strong><br>\nMigliorare la qualit\u00e0 di vita dei nostri clienti rivoluzionando la mobilit\u00e0 urbana e outdoor con le nostre e-bike dalla qualit\u00e0 eccezionale e dal design italiano ineguagliabile!\n<br><br>\n<strong>VISION<\/strong><br>\nSuperare le aspettative anche dei ciclisti pi\u00f9 esigenti con un prodotto all&#8217;avanguardia in continua evoluzione\t\t\t\t\t\t\t\t<\/div>\n\t\t\t\t<\/div>\n\t\t\t\t<\/div>\n\t\t<div class=\"elementor-element elementor-element-b48bfc3 e-con-full e-flex e-con e-child\" data-id=\"b48bfc3\" data-element_type=\"container\" data-settings=\"{&quot;background_background&quot;:&quot;classic&quot;}\">\n\t\t\t\t<div class=\"elementor-element elementor-element-730fc90 elementor-widget elementor-widget-video\" data-id=\"730fc90\" data-element_type=\"widget\" data-settings=\"{&quot;youtube_url&quot;:&quot;https:\\\/\\\/www.youtube.com\\\/watch?v=Xf_26dLBK4o&quot;,&quot;video_type&quot;:&quot;youtube&quot;,&quot;controls&quot;:&quot;yes&quot;}\" data-widget_type=\"video.default\">\n\t\t\t\t<div class=\"elementor-widget-container\">\n\t\t\t\t\t\t\t<div class=\"elementor-wrapper elementor-open-inline\">\n\t\t\t<div class=\"elementor-video\"><\/div>\t\t<\/div>\n\t\t\t\t\t\t<\/div>\n\t\t\t\t<\/div>\n\t\t\t\t<\/div>\n\t\t\t\t\t<\/div>\n\t\t\t\t<\/div>\n\t\t\t\t\t<\/div>\n\t\t\t\t<\/div>\n\t\t\t\t<section class=\"elementor-section elementor-top-section elementor-element elementor-element-096f9a1 elementor-section-boxed elementor-section-height-default elementor-section-height-default\" data-id=\"096f9a1\" data-element_type=\"section\" data-settings=\"{&quot;background_background&quot;:&quot;classic&quot;}\">\n\t\t\t\t\t\t<div class=\"elementor-container elementor-column-gap-wider\">\n\t\t\t\t\t<div class=\"elementor-column elementor-col-50 elementor-top-column elementor-element elementor-element-5ee03ff\" data-id=\"5ee03ff\" data-element_type=\"column\">\n\t\t\t<div class=\"elementor-widget-wrap elementor-element-populated\">\n\t\t\t\t\t\t<div class=\"elementor-element elementor-element-b65dc7c elementor-widget elementor-widget-image\" data-id=\"b65dc7c\" data-element_type=\"widget\" data-widget_type=\"image.default\">\n\t\t\t\t<div class=\"elementor-widget-container\">\n\t\t\t\t\t\t\t\t\t\t\t\t\t\t\t<img decoding=\"async\" src=\"https:\/\/nokobike.com\/wp-content\/uploads\/icona-bike-white-1.png\" title=\"icona-bike-white.png\" alt=\"icona-bike-white.png\" loading=\"lazy\" \/>\t\t\t\t\t\t\t\t\t\t\t\t\t\t\t<\/div>\n\t\t\t\t<\/div>\n\t\t\t\t<div class=\"elementor-element elementor-element-c9adcfc elementor-widget elementor-widget-heading\" data-id=\"c9adcfc\" data-element_type=\"widget\" data-widget_type=\"heading.default\">\n\t\t\t\t<div class=\"elementor-widget-container\">\n\t\t\t\t\t<h2 class=\"elementor-heading-title elementor-size-default\">L'ESSENZA DELL'ARTIGIANATO ITALIANO<\/h2>\t\t\t\t<\/div>\n\t\t\t\t<\/div>\n\t\t\t\t<div class=\"elementor-element elementor-element-67cfc11 elementor-widget elementor-widget-text-editor\" data-id=\"67cfc11\" data-element_type=\"widget\" data-widget_type=\"text-editor.default\">\n\t\t\t\t<div class=\"elementor-widget-container\">\n\t\t\t\t\t\t\t\t\t<p>NOKO combina perfettamente il DNA sportivo con l&#8217;eleganza del design italiano. Le nostre e-bike non sono solo mezzi di trasporto; sono una fusione di stile, prestazioni e sostenibilit\u00e0. Vivi la mobilit\u00e0 urbana ridefinita grazie all&#8217;incomparabile qualit\u00e0 e innovazione delle e-bike NOKO.<\/p><p>Unendo il design italiano, la tradizione ciclistica e la maestria artigianale con la tecnologia da corsa all&#8217;avanguardia, permettiamo ai ciclisti di pedalare pi\u00f9 a lungo, pi\u00f9 velocemente e in maggiore sicurezza.<\/p><p>Ogni fase, dalla ricerca e sviluppo alla progettazione del telaio e all&#8217;assemblaggio, viene eseguita meticolosamente nelle nostre strutture in Italia sotto rigorosi controlli di qualit\u00e0. Questo impegno per l&#8217;eccellenza garantisce che ogni e-bike NOKO offra prestazioni senza pari in tutta Europa.<\/p>\t\t\t\t\t\t\t\t<\/div>\n\t\t\t\t<\/div>\n\t\t\t\t\t<\/div>\n\t\t<\/div>\n\t\t\t\t<div class=\"elementor-column elementor-col-50 elementor-top-column elementor-element elementor-element-26a6d1e\" data-id=\"26a6d1e\" data-element_type=\"column\">\n\t\t\t<div class=\"elementor-widget-wrap elementor-element-populated\">\n\t\t\t\t\t\t<div class=\"elementor-element elementor-element-908fcba elementor-widget elementor-widget-image\" data-id=\"908fcba\" data-element_type=\"widget\" data-widget_type=\"image.default\">\n\t\t\t\t<div class=\"elementor-widget-container\">\n\t\t\t\t\t\t\t\t\t\t\t\t\t\t\t<img decoding=\"async\" src=\"https:\/\/nokobike.com\/wp-content\/uploads\/f2f2-1.jpg\" title=\"f2f2.jpg\" alt=\"f2f2.jpg\" loading=\"lazy\" \/>\t\t\t\t\t\t\t\t\t\t\t\t\t\t\t<\/div>\n\t\t\t\t<\/div>\n\t\t\t\t\t<\/div>\n\t\t<\/div>\n\t\t\t\t\t<\/div>\n\t\t<\/section>\n\t\t\t\t<section class=\"elementor-section elementor-top-section elementor-element elementor-element-4be2694 elementor-section-boxed elementor-section-height-default elementor-section-height-default\" data-id=\"4be2694\" data-element_type=\"section\">\n\t\t\t\t\t\t<div class=\"elementor-container elementor-column-gap-default\">\n\t\t\t\t\t<div class=\"elementor-column elementor-col-100 elementor-top-column elementor-element elementor-element-c52527f\" data-id=\"c52527f\" data-element_type=\"column\">\n\t\t\t<div class=\"elementor-widget-wrap elementor-element-populated\">\n\t\t\t\t\t\t<section class=\"elementor-section elementor-inner-section elementor-element elementor-element-2fafd14 elementor-section-boxed elementor-section-height-default elementor-section-height-default\" data-id=\"2fafd14\" data-element_type=\"section\">\n\t\t\t\t\t\t<div class=\"elementor-container elementor-column-gap-default\">\n\t\t\t\t\t<div class=\"elementor-column elementor-col-50 elementor-inner-column elementor-element elementor-element-8a4c98c\" data-id=\"8a4c98c\" data-element_type=\"column\" data-settings=\"{&quot;background_background&quot;:&quot;classic&quot;}\">\n\t\t\t<div class=\"elementor-widget-wrap elementor-element-populated\">\n\t\t\t\t\t\t<div class=\"elementor-element elementor-element-6f37024 elementor-widget elementor-widget-spacer\" data-id=\"6f37024\" data-element_type=\"widget\" data-widget_type=\"spacer.default\">\n\t\t\t\t<div class=\"elementor-widget-container\">\n\t\t\t\t\t\t\t<div class=\"elementor-spacer\">\n\t\t\t<div class=\"elementor-spacer-inner\"><\/div>\n\t\t<\/div>\n\t\t\t\t\t\t<\/div>\n\t\t\t\t<\/div>\n\t\t\t\t\t<\/div>\n\t\t<\/div>\n\t\t\t\t<div class=\"elementor-column elementor-col-50 elementor-inner-column elementor-element elementor-element-43673b8\" data-id=\"43673b8\" data-element_type=\"column\" data-settings=\"{&quot;background_background&quot;:&quot;classic&quot;}\">\n\t\t\t<div class=\"elementor-widget-wrap elementor-element-populated\">\n\t\t\t\t\t<div class=\"elementor-background-overlay\"><\/div>\n\t\t\t\t\t\t<div class=\"elementor-element elementor-element-fa07aae elementor-widget elementor-widget-text-editor\" data-id=\"fa07aae\" data-element_type=\"widget\" data-widget_type=\"text-editor.default\">\n\t\t\t\t<div class=\"elementor-widget-container\">\n\t\t\t\t\t\t\t\t\t<p>Il Progetto NOKO promuove la <strong>mobilit\u00e0 sostenibile<\/strong>, ponendo al centro l&#8217;attenzione per l&#8217;ambiente, la riduzione dell&#8217;inquinamento e la conservazione dell&#8217;energia. Offre una mobilit\u00e0 migliorata, consentendo viaggi pi\u00f9 rapidi e su maggiori distanze, promuovendo al contempo l&#8217;esercizio fisico.<\/p><p>Inoltre, il progetto crea opportunit\u00e0 di lavoro in Italia, impegnandosi a espandere la propria forza lavoro e a favorire la crescita aziendale attraverso continui investimenti nelle risorse umane.<\/p>\t\t\t\t\t\t\t\t<\/div>\n\t\t\t\t<\/div>\n\t\t\t\t<div class=\"elementor-element elementor-element-22b7822 elementor-absolute elementor-widget__width-initial elementor-widget elementor-widget-image\" data-id=\"22b7822\" data-element_type=\"widget\" data-settings=\"{&quot;_position&quot;:&quot;absolute&quot;}\" data-widget_type=\"image.default\">\n\t\t\t\t<div class=\"elementor-widget-container\">\n\t\t\t\t\t\t\t\t\t\t\t\t\t\t\t<img decoding=\"async\" src=\"https:\/\/nokobike.com\/wp-content\/uploads\/Logo-Noko-Bianco-1.svg\" title=\"Logo-Noko-Bianco.svg\" alt=\"Logo-Noko-Bianco.svg\" loading=\"lazy\" \/>\t\t\t\t\t\t\t\t\t\t\t\t\t\t\t<\/div>\n\t\t\t\t<\/div>\n\t\t\t\t\t<\/div>\n\t\t<\/div>\n\t\t\t\t\t<\/div>\n\t\t<\/section>\n\t\t\t\t\t<\/div>\n\t\t<\/div>\n\t\t\t\t\t<\/div>\n\t\t<\/section>\n\t\t<div class=\"elementor-element elementor-element-70bba44 e-flex e-con-boxed e-con e-parent\" data-id=\"70bba44\" data-element_type=\"container\">\n\t\t\t\t\t<div class=\"e-con-inner\">\n\t\t<div class=\"elementor-element elementor-element-df0226e e-flex e-con-boxed e-con e-child\" data-id=\"df0226e\" data-element_type=\"container\" data-settings=\"{&quot;background_background&quot;:&quot;classic&quot;}\">\n\t\t\t\t\t<div class=\"e-con-inner\">\n\t\t\t\t<div class=\"elementor-element elementor-element-bb05d02 elementor-widget elementor-widget-text-editor\" data-id=\"bb05d02\" data-element_type=\"widget\" data-widget_type=\"text-editor.default\">\n\t\t\t\t<div class=\"elementor-widget-container\">\n\t\t\t\t\t\t\t\t\t<p>Il <strong>team NOKO<\/strong> \u00e8 composto da giovani professionisti che hanno scelto di tornare in Italia dopo esperienze internazionali, guidati da una profonda convinzione nel nostro progetto e dal desiderio di superare ogni sfida. Siamo uniti da una travolgente passione per il ciclismo, l&#8217;innovazione e il design, con l&#8217;ambizione di creare e-bike di altissima qualit\u00e0 che incarnino l&#8217;eccellenza dell&#8217;artigianato italiano.<\/p><p>Con un mix esplosivo di talento e determinazione, affrontiamo ogni sfida con entusiasmo contagioso, crescendo insieme come una squadra affiatata e portando avanti il marchio NOKO con inarrestabile passione e dedizione. Ogni nostra e-bike \u00e8 il risultato di un impegno senza pari per l&#8217;innovazione e la qualit\u00e0, destinata a ridefinire gli standard del settore.<\/p>\t\t\t\t\t\t\t\t<\/div>\n\t\t\t\t<\/div>\n\t\t\t\t\t<\/div>\n\t\t\t\t<\/div>\n\t\t\t\t\t<\/div>\n\t\t\t\t<\/div>\n\t\t<div class=\"elementor-element elementor-element-f3a23bb e-flex e-con-boxed e-con e-parent\" data-id=\"f3a23bb\" data-element_type=\"container\" data-settings=\"{&quot;background_background&quot;:&quot;classic&quot;,&quot;shape_divider_top&quot;:&quot;curve&quot;,&quot;shape_divider_top_negative&quot;:&quot;yes&quot;}\">\n\t\t\t\t\t<div class=\"e-con-inner\">\n\t\t\t\t<div class=\"elementor-shape elementor-shape-top\" aria-hidden=\"true\" data-negative=\"true\">\n\t\t\t<svg xmlns=\"http:\/\/www.w3.org\/2000\/svg\" viewBox=\"0 0 1000 100\" preserveAspectRatio=\"none\">\n\t<path class=\"elementor-shape-fill\" d=\"M500,97C126.7,96.3,0.8,19.8,0,0v100l1000,0V1C1000,19.4,873.3,97.8,500,97z\"\/>\n<\/svg>\t\t<\/div>\n\t\t\t\t<div class=\"elementor-element elementor-element-39092e2 elementor-widget elementor-widget-heading\" data-id=\"39092e2\" data-element_type=\"widget\" data-widget_type=\"heading.default\">\n\t\t\t\t<div class=\"elementor-widget-container\">\n\t\t\t\t\t<h2 class=\"elementor-heading-title elementor-size-default\">LE NOSTRE RADICI<\/h2>\t\t\t\t<\/div>\n\t\t\t\t<\/div>\n\t\t<div class=\"elementor-element elementor-element-24e6e5d e-flex e-con-boxed e-con e-child\" data-id=\"24e6e5d\" data-element_type=\"container\">\n\t\t\t\t\t<div class=\"e-con-inner\">\n\t\t\t\t<div class=\"elementor-element elementor-element-e13409f elementor-widget elementor-widget-text-editor\" data-id=\"e13409f\" data-element_type=\"widget\" data-widget_type=\"text-editor.default\">\n\t\t\t\t<div class=\"elementor-widget-container\">\n\t\t\t\t\t\t\t\t\t<p><span style=\"font-weight: 400;\"><strong>NOKO<\/strong> \u00e8 una startup interna di un&#8217;azienda pi\u00f9 grande e rinomata, <strong>Tra.Fi.Me. S.p.A.<\/strong>, che rappresenta la pi\u00f9 importante entit\u00e0 industriale italiana nel settore della stampatura di precisione. Fondata nel <em><strong>1967<\/strong><\/em>, l&#8217;espansione industriale di <strong>Tra.Fi.Me.<\/strong> ha coinvolto vari settori: dal settore telefonico, a quello elettronico, fino al settore automobilistico.<\/span><\/p><p><span style=\"font-weight: 400;\">Oggi l&#8217;azienda \u00e8 specializzata nel settore automobilistico e \u00e8 diventata fornitore di importanti gruppi OEM mondiali e direttamente di produttori di veicoli. Grazie alla sua vasta esperienza quarantennale, <strong>Tra.Fi.Me.<\/strong> ha continuato la sua attivit\u00e0 di ricerca e sviluppo, servendo ora una variet\u00e0 di industrie.<\/span><\/p>\t\t\t\t\t\t\t\t<\/div>\n\t\t\t\t<\/div>\n\t\t\t\t\t<\/div>\n\t\t\t\t<\/div>\n\t\t\t\t\t<\/div>\n\t\t\t\t<\/div>\n\t\t\t\t<\/div>\n\t\t","protected":false},"excerpt":{"rendered":"<p>Noko MADE IN ITALY NOKO, ispirata alla filosofia del &#8220;No Compromise&#8220;, \u00e8 l&#8217;e-bike italiana progettata per superare anche le aspettative pi\u00f9 alte. Radicato nella rinomata tradizione italiana di artigianato e eccellenza nel design, NOKO fonde perfettamente l&#8217;arte Italiana con componenti di altissima qualit\u00e0. Mission &#038; Vision MISSION Migliorare la qualit\u00e0 di vita dei nostri clienti [&hellip;]<\/p>\n","protected":false},"author":1,"featured_media":0,"parent":0,"menu_order":0,"comment_status":"closed","ping_status":"closed","template":"","meta":{"footnotes":""},"class_list":["post-2660","page","type-page","status-publish","hentry"],"_links":{"self":[{"href":"https:\/\/nokobike.com\/it\/wp-json\/wp\/v2\/pages\/2660","targetHints":{"allow":["GET"]}}],"collection":[{"href":"https:\/\/nokobike.com\/it\/wp-json\/wp\/v2\/pages"}],"about":[{"href":"https:\/\/nokobike.com\/it\/wp-json\/wp\/v2\/types\/page"}],"author":[{"embeddable":true,"href":"https:\/\/nokobike.com\/it\/wp-json\/wp\/v2\/users\/1"}],"replies":[{"embeddable":true,"href":"https:\/\/nokobike.com\/it\/wp-json\/wp\/v2\/comments?post=2660"}],"version-history":[{"count":19,"href":"https:\/\/nokobike.com\/it\/wp-json\/wp\/v2\/pages\/2660\/revisions"}],"predecessor-version":[{"id":987541822,"href":"https:\/\/nokobike.com\/it\/wp-json\/wp\/v2\/pages\/2660\/revisions\/987541822"}],"wp:attachment":[{"href":"https:\/\/nokobike.com\/it\/wp-json\/wp\/v2\/media?parent=2660"}],"curies":[{"name":"wp","href":"https:\/\/api.w.org\/{rel}","templated":true}]}}