{"id":2722,"date":"2023-06-05T12:29:22","date_gmt":"2023-06-05T12:29:22","guid":{"rendered":"https:\/\/nuovosito.kinsta.cloud\/?page_id=2722"},"modified":"2025-01-08T10:12:52","modified_gmt":"2025-01-08T10:12:52","slug":"privacy-policy","status":"publish","type":"page","link":"https:\/\/nokobike.com\/it\/privacy-policy\/","title":{"rendered":"Privacy Policy"},"content":{"rendered":"\t\t<div data-elementor-type=\"wp-page\" data-elementor-id=\"2722\" class=\"elementor elementor-2722 elementor-3\" data-elementor-post-type=\"page\">\n\t\t\t\t\t\t<section class=\"elementor-section elementor-top-section elementor-element elementor-element-6587648 elementor-section-boxed elementor-section-height-default elementor-section-height-default\" data-id=\"6587648\" data-element_type=\"section\" data-settings=\"{&quot;background_background&quot;:&quot;classic&quot;,&quot;shape_divider_bottom&quot;:&quot;curve&quot;,&quot;shape_divider_bottom_negative&quot;:&quot;yes&quot;}\">\n\t\t\t\t\t\t\t<div class=\"elementor-background-overlay\"><\/div>\n\t\t\t\t\t\t<div class=\"elementor-shape elementor-shape-bottom\" aria-hidden=\"true\" data-negative=\"true\">\n\t\t\t<svg xmlns=\"http:\/\/www.w3.org\/2000\/svg\" viewBox=\"0 0 1000 100\" preserveAspectRatio=\"none\">\n\t<path class=\"elementor-shape-fill\" d=\"M500,97C126.7,96.3,0.8,19.8,0,0v100l1000,0V1C1000,19.4,873.3,97.8,500,97z\"\/>\n<\/svg>\t\t<\/div>\n\t\t\t\t\t<div class=\"elementor-container elementor-column-gap-default\">\n\t\t\t\t\t<div class=\"elementor-column elementor-col-100 elementor-top-column elementor-element elementor-element-622e9ba\" data-id=\"622e9ba\" data-element_type=\"column\">\n\t\t\t<div class=\"elementor-widget-wrap elementor-element-populated\">\n\t\t\t\t\t\t<section class=\"elementor-section elementor-inner-section elementor-element elementor-element-32e4786 elementor-section-boxed elementor-section-height-default elementor-section-height-default\" data-id=\"32e4786\" data-element_type=\"section\">\n\t\t\t\t\t\t<div class=\"elementor-container elementor-column-gap-default\">\n\t\t\t\t\t<div class=\"elementor-column elementor-col-100 elementor-inner-column elementor-element elementor-element-0f4d90b\" data-id=\"0f4d90b\" data-element_type=\"column\">\n\t\t\t<div class=\"elementor-widget-wrap elementor-element-populated\">\n\t\t\t\t\t\t<div class=\"elementor-element elementor-element-a8ba1b2 elementor-widget elementor-widget-text-editor\" data-id=\"a8ba1b2\" data-element_type=\"widget\" data-widget_type=\"text-editor.default\">\n\t\t\t\t<div class=\"elementor-widget-container\">\n\t\t\t\t\t\t\t\t\t<p>Privacy policy<\/p>\t\t\t\t\t\t\t\t<\/div>\n\t\t\t\t<\/div>\n\t\t\t\t\t<\/div>\n\t\t<\/div>\n\t\t\t\t\t<\/div>\n\t\t<\/section>\n\t\t\t\t\t<\/div>\n\t\t<\/div>\n\t\t\t\t\t<\/div>\n\t\t<\/section>\n\t\t<div class=\"elementor-element elementor-element-34ed14b e-flex e-con-boxed e-con e-parent\" data-id=\"34ed14b\" data-element_type=\"container\">\n\t\t\t\t\t<div class=\"e-con-inner\">\n\t\t\t\t<div class=\"elementor-element elementor-element-e4acb2b elementor-widget elementor-widget-spacer\" data-id=\"e4acb2b\" data-element_type=\"widget\" data-widget_type=\"spacer.default\">\n\t\t\t\t<div class=\"elementor-widget-container\">\n\t\t\t\t\t\t\t<div class=\"elementor-spacer\">\n\t\t\t<div class=\"elementor-spacer-inner\"><\/div>\n\t\t<\/div>\n\t\t\t\t\t\t<\/div>\n\t\t\t\t<\/div>\n\t\t\t\t\t<\/div>\n\t\t\t\t<\/div>\n\t\t\t\t<section class=\"elementor-section elementor-top-section elementor-element elementor-element-cc8c06e elementor-section-boxed elementor-section-height-default elementor-section-height-default\" data-id=\"cc8c06e\" data-element_type=\"section\">\n\t\t\t\t\t\t<div class=\"elementor-container elementor-column-gap-default\">\n\t\t\t\t\t<div class=\"elementor-column elementor-col-100 elementor-top-column elementor-element elementor-element-611af02\" data-id=\"611af02\" data-element_type=\"column\">\n\t\t\t<div class=\"elementor-widget-wrap elementor-element-populated\">\n\t\t\t\t\t\t<div class=\"elementor-element elementor-element-4651fbd elementor-widget elementor-widget-text-editor\" data-id=\"4651fbd\" data-element_type=\"widget\" data-widget_type=\"text-editor.default\">\n\t\t\t\t<div class=\"elementor-widget-container\">\n\t\t\t\t\t\t\t\t\t<p><strong>In conformit\u00e0 con il Regolamento UE 679\/2016 (GDPR), \u00e8 obbligatorio informare i clienti sui metodi di trattamento dei dati da noi effettuati e sui diritti a cui, in qualit\u00e0 di interessati, hanno diritto. I Titolari del trattamento sono, ciascuno per quanto di propria competenza:<\/strong><\/p><p><strong>TRA. FI. ME SPA<\/strong>, Contrada Pezzamandra snc, 95045 Misterbianco, CT (NOKO), rappresentata dal suo legale rappresentante<br \/><strong>Stripe<\/strong><\/p><p>Tutti i dati personali forniti dai clienti a NOKO, o acquisiti in anticipo e durante il rapporto contrattuale (ad esempio, quelli relativi all&#8217;accesso al sito web di NOKO, alla quantit\u00e0 di dati trasferiti, ai messaggi di stato e agli accessi, numeri ID di sessione, indirizzi IP, URL, ecc.), sono trattati nel seguente modo: in formato elettronico e\/o cartaceo, anche tramite responsabili e incaricati debitamente autorizzati, nella misura necessaria per la gestione dei relativi diritti.<\/p><p>In particolare, il trattamento dei tuoi dati personali sar\u00e0 effettuato mediante le operazioni indicate all\u2019art. 4, n. 2) del GDPR, e specificamente: raccolta, registrazione, organizzazione, conservazione, consultazione, elaborazione, modifica, selezione, estrazione, raffronto, utilizzo, interconnessione, blocco, comunicazione, cancellazione e distruzione dei dati. Il trattamento dei tuoi dati sar\u00e0 improntato ai principi di correttezza, liceit\u00e0 e trasparenza da parte di NOKO e potr\u00e0 essere effettuato anche con mezzi automatizzati in grado di memorizzarli, gestirli e trasmetterli, utilizzando strumenti idonei a garantire sicurezza e riservatezza, attraverso l\u2019adozione di adeguate procedure per prevenire il rischio di perdita, accesso non autorizzato, uso illecito e diffusione.<\/p><p>Le finalit\u00e0 del trattamento includono l\u2019adempimento degli obblighi previsti da leggi, regolamenti interni e comunitari (per i quali il conferimento \u00e8 obbligatorio) e lo svolgimento di attivit\u00e0 strettamente connesse e strumentali alla gestione del rapporto contrattuale (per i quali il conferimento \u00e8 facoltativo, ma necessario per la conclusione e il proseguimento del rapporto, che in caso di rifiuto non potr\u00e0 essere instaurato o proseguito).<\/p><p>I dati potranno essere comunicati da NOKO a soggetti ai quali la legge, i regolamenti o la normativa comunitaria riconoscono il diritto di accesso; a societ\u00e0, terzi o consorzi che svolgono operazioni connesse, strumentali o di supporto alle attivit\u00e0 correlate, in particolare quelle che forniscono servizi di trasporto. Questi soggetti agiscono come responsabili o titolari autonomi e un elenco aggiornato sar\u00e0 disponibile presso la nostra sede.<\/p><p>Con la sottoscrizione del presente Contratto Generale di Vendita, il cliente autorizza espressamente NOKO a trattare i propri dati personali ai sensi dell\u2019art. 6 lett. b) ed e) del GDPR, nonch\u00e9 quelli considerati dalla normativa vigente come &#8220;sensibili&#8221; e\/o &#8220;particolari&#8221; ai sensi dell\u2019art. 6, co. 2, del GDPR, anche per l&#8217;invio di newsletter, comunicazioni commerciali e\/o materiale pubblicitario su prodotti e\/o servizi, anche diversi da quelli gi\u00e0 acquistati, per finalit\u00e0 connesse alla vendita dei beni.<\/p><p>NOKO tratter\u00e0 i tuoi dati personali per il tempo strettamente necessario a raggiungere le finalit\u00e0 sopra indicate, nel rispetto dei principi di minimizzazione e limitazione della conservazione di cui all\u2019art. 5, paragrafo 1, lettere c) ed e), GDPR. I dati personali saranno trattati comunque per non pi\u00f9 di 10 anni dalla cessazione del rapporto contrattuale per le finalit\u00e0 contrattuali. Decorso tale periodo, i dati saranno distrutti o resi anonimi e, in ogni caso, resi inutilizzabili per le finalit\u00e0 per cui i periodi di conservazione sono scaduti. Il Titolare tratter\u00e0 i dati personali per il tempo necessario a soddisfare le finalit\u00e0 sopra indicate e per non pi\u00f9 di 2 anni dalla raccolta dei dati per Finalit\u00e0 di Marketing. Dopo tale periodo, i dati saranno distrutti o resi anonimi.<\/p><p><strong>Diritti degli interessati<\/strong><br \/>I diritti dei clienti (art. 7 CP) includono l\u2019accesso, l\u2019aggiornamento e l\u2019integrazione dei loro dati, nonch\u00e9 la loro cancellazione o blocco in caso di trattamenti effettuati in violazione di legge. Per esercitare tali diritti, puoi contattare il Titolare del trattamento dei dati di NOKO inviando un&#8217;e-mail al Servizio Clienti all\u2019indirizzo <a rel=\"noopener\">customercare@nokobike.com<\/a>.<\/p><p><strong>Cookies<\/strong><br \/>Questo sito utilizza i cookie. Usiamo i cookie per personalizzare i contenuti e gli annunci, fornire funzionalit\u00e0 dei social media e analizzare il nostro traffico. Condividiamo inoltre informazioni sul tuo utilizzo del nostro sito con i nostri partner di social media, pubblicit\u00e0 e analisi, che possono combinarle con altre informazioni che hai fornito loro o che hanno raccolto dal tuo utilizzo dei loro servizi.<\/p><p>I cookie sono piccoli file di testo che possono essere utilizzati dai siti web per rendere l\u2019esperienza dell\u2019utente pi\u00f9 efficiente.<\/p><p>La legge afferma che possiamo memorizzare i cookie sul tuo dispositivo solo se strettamente necessari per il funzionamento di questo sito. Per tutti gli altri tipi di cookie abbiamo bisogno del tuo permesso.<\/p><p>Questo sito utilizza diversi tipi di cookie. Alcuni cookie sono posizionati da servizi di terzi che compaiono sulle nostre pagine.<\/p><p>Puoi modificare o ritirare il tuo consenso in qualsiasi momento dalla Dichiarazione sui Cookie sul nostro sito web.<\/p><p>Per ulteriori dettagli, puoi consultare la nostra Informativa sulla Privacy.<\/p><p><strong>Si prega di indicare l&#8217;ID del consenso e la data quando ci contattate in merito al vostro consenso.<\/strong><\/p><p>Il vostro consenso si applica ai seguenti domini: <strong>nokobike.com<\/strong><\/p><p><strong>Dichiarazione sui cookie aggiornata il 15\/05\/24 da Cookiebot:<\/strong><\/p><h3><strong>Necessari (11)<\/strong><\/h3><p>I cookie necessari aiutano a rendere un sito web utilizzabile abilitando funzioni di base come la navigazione tra le pagine e l&#8217;accesso alle aree protette del sito. Il sito non pu\u00f2 funzionare correttamente senza questi cookie.<\/p><table><thead><tr><th><strong>Nome<\/strong><\/th><th><strong>Fornitore<\/strong><\/th><th><strong>Scopo<\/strong><\/th><th><strong>Durata<\/strong><\/th><th><strong>Tipo<\/strong><\/th><\/tr><\/thead><tbody><tr><td>__cf_bm<\/td><td>Vimeo<\/td><td>Questo cookie \u00e8 utilizzato per distinguere tra umani e bot. \u00c8 utile per la validit\u00e0 dei report.<\/td><td>1 giorno<\/td><td>Cookie HTTP<\/td><\/tr><tr><td>_cfuvid<\/td><td>Vimeo<\/td><td>Parte dei servizi di Cloudflare: bilanciamento carico, contenuti e connessione DNS.<\/td><td>Sessione<\/td><td>Cookie HTTP<\/td><\/tr><tr><td>CookieConsent<\/td><td>nokobike.com<\/td><td>Memorizza lo stato di consenso dei cookie per il dominio corrente.<\/td><td>1 anno<\/td><td>Cookie HTTP<\/td><\/tr><tr><td>elementor<\/td><td>nokobike.com<\/td><td>Usato per modifiche in tempo reale al contenuto del sito.<\/td><td>Persistente<\/td><td>Archiviazione HTML Locale<\/td><\/tr><tr><td>PHPSESSID<\/td><td>nokobike.com<\/td><td>Preserva lo stato della sessione dell\u2019utente.<\/td><td>Sessione<\/td><td>Cookie HTTP<\/td><\/tr><tr><td>rc::a<\/td><td>Google<\/td><td>Distingue tra umani e bot. Utile per report validi sull\u2019uso del sito.<\/td><td>Persistente<\/td><td>Archiviazione HTML Locale<\/td><\/tr><tr><td>rc::c<\/td><td>Google<\/td><td>Distingue tra umani e bot.<\/td><td>Sessione<\/td><td>Archiviazione HTML Locale<\/td><\/tr><tr><td>test_cookie<\/td><td>Google<\/td><td>Verifica il supporto dei cookie nel browser.<\/td><td>1 giorno<\/td><td>Cookie HTTP<\/td><\/tr><tr><td>wc_cart_hash_#<\/td><td>nokobike.com<\/td><td>In sospeso.<\/td><td>Persistente<\/td><td>Archiviazione HTML Locale<\/td><\/tr><tr><td>wc_fragments_#<\/td><td>nokobike.com<\/td><td>In sospeso.<\/td><td>Sessione<\/td><td>Archiviazione HTML Locale<\/td><\/tr><tr><td>wpEmojiSettingsSupports<\/td><td>nokobike.com<\/td><td>Mantiene lo stato corretto di temi e impostazioni del sito.<\/td><td>Sessione<\/td><td>Archiviazione HTML Locale<\/td><\/tr><\/tbody><\/table><h3><strong>Preferenze (3)<\/strong><\/h3><p>I cookie di preferenze consentono a un sito di ricordare informazioni come la lingua o la regione preferita dall&#8217;utente.<\/p><table><thead><tr><th><strong>Nome<\/strong><\/th><th><strong>Fornitore<\/strong><\/th><th><strong>Scopo<\/strong><\/th><th><strong>Durata<\/strong><\/th><th><strong>Tipo<\/strong><\/th><\/tr><\/thead><tbody><tr><td>last_pys_utm_campaign<\/td><td>nokobike.com<\/td><td>Traccia visitatori su pi\u00f9 siti per annunci personalizzati.<\/td><td>Sessione<\/td><td>Cookie HTTP<\/td><\/tr><tr><td>last_pys_utm_medium<\/td><td>nokobike.com<\/td><td>Traccia visitatori su pi\u00f9 siti per annunci personalizzati.<\/td><td>Sessione<\/td><td>Cookie HTTP<\/td><\/tr><tr><td>wp-wpml_current_language<\/td><td>nokobike.com<\/td><td>Determina la lingua preferita calcolando il codice del paese dall&#8217;indirizzo IP.<\/td><td>Sessione<\/td><td>Cookie HTTP<\/td><\/tr><\/tbody><\/table><h3><strong>Statistiche (21)<\/strong><\/h3><p>I cookie statistici aiutano i proprietari di siti web a capire come i visitatori interagiscono con il sito raccogliendo e segnalando informazioni in forma anonima.<\/p><p><em>(Vedi lista completa nella versione originale)<\/em><\/p><h3><strong>Marketing (42)<\/strong><\/h3><p>I cookie di marketing tracciano i visitatori attraverso i siti web per mostrare annunci rilevanti e coinvolgenti.<\/p><p><em>(Vedi lista completa nella versione originale)<\/em><\/p><h3><strong>Non classificati (1)<\/strong><\/h3><p>I cookie non classificati sono in fase di classificazione con i fornitori dei rispettivi cookie.<\/p><table><thead><tr><th><strong>Nome<\/strong><\/th><th><strong>Fornitore<\/strong><\/th><th><strong>Scopo<\/strong><\/th><th><strong>Durata<\/strong><\/th><th><strong>Tipo<\/strong><\/th><\/tr><\/thead><tbody><tr><td>pbid<\/td><td>nokobike.com<\/td><td>In sospeso.<\/td><td>180 giorni<\/td><td>Cookie HTTP<\/td><\/tr><\/tbody><\/table><div><div dir=\"ltr\" lang=\"en\">\u00a0<\/div><\/div>\t\t\t\t\t\t\t\t<\/div>\n\t\t\t\t<\/div>\n\t\t\t\t\t<\/div>\n\t\t<\/div>\n\t\t\t\t\t<\/div>\n\t\t<\/section>\n\t\t<div class=\"elementor-element elementor-element-d874760 e-flex e-con-boxed e-con e-parent\" data-id=\"d874760\" data-element_type=\"container\">\n\t\t\t\t\t<div class=\"e-con-inner\">\n\t\t\t\t<div class=\"elementor-element elementor-element-a891a61 elementor-widget elementor-widget-spacer\" data-id=\"a891a61\" data-element_type=\"widget\" data-widget_type=\"spacer.default\">\n\t\t\t\t<div class=\"elementor-widget-container\">\n\t\t\t\t\t\t\t<div class=\"elementor-spacer\">\n\t\t\t<div class=\"elementor-spacer-inner\"><\/div>\n\t\t<\/div>\n\t\t\t\t\t\t<\/div>\n\t\t\t\t<\/div>\n\t\t\t\t\t<\/div>\n\t\t\t\t<\/div>\n\t\t\t\t<\/div>\n\t\t","protected":false},"excerpt":{"rendered":"<p>Privacy policy In conformit\u00e0 con il Regolamento UE 679\/2016 (GDPR), \u00e8 obbligatorio informare i clienti sui metodi di trattamento dei dati da noi effettuati e sui diritti a cui, in qualit\u00e0 di interessati, hanno diritto. I Titolari del trattamento sono, ciascuno per quanto di propria competenza: TRA. FI. ME SPA, Contrada Pezzamandra snc, 95045 Misterbianco, [&hellip;]<\/p>\n","protected":false},"author":1,"featured_media":0,"parent":0,"menu_order":0,"comment_status":"closed","ping_status":"open","template":"","meta":{"footnotes":""},"class_list":["post-2722","page","type-page","status-publish","hentry"],"_links":{"self":[{"href":"https:\/\/nokobike.com\/it\/wp-json\/wp\/v2\/pages\/2722","targetHints":{"allow":["GET"]}}],"collection":[{"href":"https:\/\/nokobike.com\/it\/wp-json\/wp\/v2\/pages"}],"about":[{"href":"https:\/\/nokobike.com\/it\/wp-json\/wp\/v2\/types\/page"}],"author":[{"embeddable":true,"href":"https:\/\/nokobike.com\/it\/wp-json\/wp\/v2\/users\/1"}],"replies":[{"embeddable":true,"href":"https:\/\/nokobike.com\/it\/wp-json\/wp\/v2\/comments?post=2722"}],"version-history":[{"count":19,"href":"https:\/\/nokobike.com\/it\/wp-json\/wp\/v2\/pages\/2722\/revisions"}],"predecessor-version":[{"id":987543710,"href":"https:\/\/nokobike.com\/it\/wp-json\/wp\/v2\/pages\/2722\/revisions\/987543710"}],"wp:attachment":[{"href":"https:\/\/nokobike.com\/it\/wp-json\/wp\/v2\/media?parent=2722"}],"curies":[{"name":"wp","href":"https:\/\/api.w.org\/{rel}","templated":true}]}}