{"id":2762,"date":"2024-03-27T14:52:13","date_gmt":"2024-03-27T14:52:13","guid":{"rendered":"https:\/\/nuovosito.kinsta.cloud\/?page_id=2762"},"modified":"2025-02-06T09:00:13","modified_gmt":"2025-02-06T09:00:13","slug":"resi","status":"publish","type":"page","link":"https:\/\/nokobike.com\/it\/resi\/","title":{"rendered":"Resi"},"content":{"rendered":"\t\t<div data-elementor-type=\"wp-page\" data-elementor-id=\"2762\" class=\"elementor elementor-2762 elementor-2076\" data-elementor-post-type=\"page\">\n\t\t\t\t\t\t<section class=\"elementor-section elementor-top-section elementor-element elementor-element-570fef7 elementor-section-boxed elementor-section-height-default elementor-section-height-default\" data-id=\"570fef7\" data-element_type=\"section\" data-settings=\"{&quot;background_background&quot;:&quot;classic&quot;,&quot;shape_divider_bottom&quot;:&quot;curve&quot;,&quot;shape_divider_bottom_negative&quot;:&quot;yes&quot;}\">\n\t\t\t\t\t\t\t<div class=\"elementor-background-overlay\"><\/div>\n\t\t\t\t\t\t<div class=\"elementor-shape elementor-shape-bottom\" aria-hidden=\"true\" data-negative=\"true\">\n\t\t\t<svg xmlns=\"http:\/\/www.w3.org\/2000\/svg\" viewBox=\"0 0 1000 100\" preserveAspectRatio=\"none\">\n\t<path class=\"elementor-shape-fill\" d=\"M500,97C126.7,96.3,0.8,19.8,0,0v100l1000,0V1C1000,19.4,873.3,97.8,500,97z\"\/>\n<\/svg>\t\t<\/div>\n\t\t\t\t\t<div class=\"elementor-container elementor-column-gap-default\">\n\t\t\t\t\t<div class=\"elementor-column elementor-col-100 elementor-top-column elementor-element elementor-element-ee305c8\" data-id=\"ee305c8\" data-element_type=\"column\">\n\t\t\t<div class=\"elementor-widget-wrap elementor-element-populated\">\n\t\t\t\t\t\t<section class=\"elementor-section elementor-inner-section elementor-element elementor-element-5b81c9c elementor-section-boxed elementor-section-height-default elementor-section-height-default\" data-id=\"5b81c9c\" data-element_type=\"section\">\n\t\t\t\t\t\t<div class=\"elementor-container elementor-column-gap-default\">\n\t\t\t\t\t<div class=\"elementor-column elementor-col-100 elementor-inner-column elementor-element elementor-element-5831bbd\" data-id=\"5831bbd\" data-element_type=\"column\">\n\t\t\t<div class=\"elementor-widget-wrap elementor-element-populated\">\n\t\t\t\t\t\t<div class=\"elementor-element elementor-element-3b43627 elementor-widget elementor-widget-text-editor\" data-id=\"3b43627\" data-element_type=\"widget\" data-widget_type=\"text-editor.default\">\n\t\t\t\t<div class=\"elementor-widget-container\">\n\t\t\t\t\t\t\t\t\t<p>Annullamento e Reso<\/p>\t\t\t\t\t\t\t\t<\/div>\n\t\t\t\t<\/div>\n\t\t\t\t\t<\/div>\n\t\t<\/div>\n\t\t\t\t\t<\/div>\n\t\t<\/section>\n\t\t\t\t\t<\/div>\n\t\t<\/div>\n\t\t\t\t\t<\/div>\n\t\t<\/section>\n\t\t\t\t<section class=\"elementor-section elementor-top-section elementor-element elementor-element-ed93ba4 elementor-section-boxed elementor-section-height-default elementor-section-height-default\" data-id=\"ed93ba4\" data-element_type=\"section\">\n\t\t\t\t\t\t<div class=\"elementor-container elementor-column-gap-default\">\n\t\t\t\t\t<div class=\"elementor-column elementor-col-100 elementor-top-column elementor-element elementor-element-22e0796\" data-id=\"22e0796\" data-element_type=\"column\">\n\t\t\t<div class=\"elementor-widget-wrap elementor-element-populated\">\n\t\t\t\t\t\t<div class=\"elementor-element elementor-element-883e5cf elementor-widget elementor-widget-spacer\" data-id=\"883e5cf\" data-element_type=\"widget\" data-widget_type=\"spacer.default\">\n\t\t\t\t<div class=\"elementor-widget-container\">\n\t\t\t\t\t\t\t<div class=\"elementor-spacer\">\n\t\t\t<div class=\"elementor-spacer-inner\"><\/div>\n\t\t<\/div>\n\t\t\t\t\t\t<\/div>\n\t\t\t\t<\/div>\n\t\t\t\t\t<\/div>\n\t\t<\/div>\n\t\t\t\t\t<\/div>\n\t\t<\/section>\n\t\t\t\t<section class=\"elementor-section elementor-top-section elementor-element elementor-element-b0b0a59 elementor-section-boxed elementor-section-height-default elementor-section-height-default\" data-id=\"b0b0a59\" data-element_type=\"section\">\n\t\t\t\t\t\t<div class=\"elementor-container elementor-column-gap-default\">\n\t\t\t\t\t<div class=\"elementor-column elementor-col-100 elementor-top-column elementor-element elementor-element-3fa79f3\" data-id=\"3fa79f3\" data-element_type=\"column\">\n\t\t\t<div class=\"elementor-widget-wrap elementor-element-populated\">\n\t\t\t\t\t\t<div class=\"elementor-element elementor-element-39d0596 elementor-widget elementor-widget-text-editor\" data-id=\"39d0596\" data-element_type=\"widget\" data-widget_type=\"text-editor.default\">\n\t\t\t\t<div class=\"elementor-widget-container\">\n\t\t\t\t\t\t\t\t\t<p>La nostra mission \u00e8 semplice ma fondamentale, essere il brand di riferimento per i nostri consumatori. Per questo motivo, ti offriamo la possibilit\u00e0 di restituire\u00a0<b>GRATUITAMENTE\u00a0<\/b>qualsiasi articolo nuovo (non usato)\u00a0<b>entro 20 giorni dalla data di consegna<\/b>. Se hai riconsiderato il tuo acquisto o hai ordinato la taglia sbagliata, ti baster\u00e0 seguire le indicazioni per i resi che trovi sotto per restituirci il tuo articolo gratuitamente. Il diritto di recesso \u00e8 soggetto alle seguenti condizioni: i prodotti non devono essere stati utilizzati, sporcati o indossati e non devono presentare alcun segno di uso o, peggio ancora, di usura, abrasioni o graffi che potrebbero compromettere la rivendita della merce in condizioni \u201cNuove\u201d.\u00a0<b>I prodotti dovranno essere restituiti a NOKO completi in tutte le loro parti<\/b>. Come previsto dalla normativa vigente, il diritto di recesso \u00e8 escluso e non potr\u00e0 quindi essere esercitato nel caso in cui il bene acquistato sia stato personalizzato su esplicita richiesta del Cliente al momento dell\u2019ordine. Il reso dovr\u00e0 essere effettuato in un\u2019unica spedizione e mai in spedizioni separate a pena di decadenza del diritto stesso. Il termine s\u2019intende rispettato se l\u2019acquirente decide di usufruire del diritto di recesso dei beni prima della scadenza del periodo di 20 giorni. Come previsto dalla legge italiana, terminati i 20 giorni di diritto di recesso, la merce oggetto di reso viaggia a rischio e spese del Cliente, che \u00e8 pertanto pregato di concordare via email o telefono con NOKO la scelta del mezzo di consegna pi\u00f9 idoneo al caso. Le spese di spedizione del reso saranno interamente a carico del Cliente che intende avvalersi del diritto di recesso, salvo il caso di errore riconosciuto da parte di NOKO. Verr\u00e0 rifiutato qualunque pacco per il quale il corriere richieda un pagamento, sia per contrassegno, per spese di spedizione o qualsiasi altra tipologia di spesa. Una volta approvata la sua richiesta di reso, tramite il nostro servizio clienti, ricever\u00e0 le istruzioni di spedizione via e-mail. La confezione o la busta gommata deve essere opportunamente sigillata con nastro adesivo firmato in tutte le parti potenzialmente violabili al fine di rendere la confezione unica e irripetibile. In caso di evidente manomissione del pacco al momento del ricevimento come reso, lo stesso verr\u00e0 rifiutato per dare al Cliente la possibilit\u00e0 di rivalsa nei confronti del vettore e avviare cos\u00ec la procedura assicurativa del corriere o dell\u2019ufficio postale. Il rimborso del prezzo pagato al Cliente avverr\u00e0 entro 5-7 giorni lavorativi dall\u2019accettazione e avvenuta consegna a NOKO del bene reso, attraverso il metodo di pagamento utilizzato in fase di acquisto. \u00a0<\/p><ul><li aria-level=\"1\"><b>Come posso annullare un ordine?<\/b><\/li><\/ul><p>Prima della spedizione, hai il diritto* di annullare uno o pi\u00f9 articoli inclusi nel tuo ordine. Ti baster\u00e0 selezionare ciascuno degli articoli da annullare all\u2019interno del pannello\u00a0<a href=\"https:\/\/www.nokobike.com\/it\/il-mio-account\/\">Ordini<\/a>, e confermare l\u2019annullamento facendo clic sul pulsante Conferma.\u00a0\u00a0*Tale diritto pu\u00f2 essere esercitato esclusivamente nel caso in cui lo stato di elaborazione del suo ordine non sia gi\u00e0 Completato, in quel caso non sar\u00e0 pi\u00f9 possibile apportare alcuna modifica all\u2019ordine.\u00a0\u00a0Una volta terminato il processo di annullamento procederemo al rimborso, che avverr\u00e0 entro 5-7 giorni lavorativi tramite il metodo di pagamento utilizzato in fase di acquisto.\u00a0<\/p><ul><li aria-level=\"1\"><b>Quali sono le Condizioni di Reso?<\/b><\/li><\/ul><p>Le condizioni di reso non sono sempre le stesse. Per qualsiasi reso \u00e8 necessario avviare un reclamo associato all\u2019ordine.\u00a0Dovrai contattarci allegando tutti i dati richiesti ed eventuali foto e\/o video attestanti il reale motivo del reso.<\/p><ul><li aria-level=\"1\"><b>Ho gi\u00e0 ricevuto l\u2019ordine, come devo procedere?<\/b><\/li><\/ul><p>Se l\u2019ordine ti \u00e8 gi\u00e0 stato consegnato, il prodotto potr\u00e0 essere restituito\u00a0<i>GRATUITAMENTE\u00a0<\/i>entro 20 giorni dalla data di consegna senza alcun vincolo. Il prodotto dovr\u00e0 essere nelle stesse identiche condizioni nelle quali \u00e8 stato consegnato, non utilizzato e con l\u2019imballaggio e tutte le sue componenti originali a corredo.\u00a0<\/p><ul><li aria-level=\"1\"><b>Restituisci il tuo ordine in 6 semplici passaggi!<\/b><\/li><\/ul><p>\u00c8 possibile restituire l\u2019articolo ordinato presso il negozio online entro 20 giorni (dalla consegna). Per restituire\u00a0<b>gratuitamente\u00a0<\/b>i tuoi articoli, segui le istruzioni presenti sulla nota di reso:<\/p><ul><li aria-level=\"1\">Invia la tua richiesta di reso cliccando il\u00a0<a href=\"https:\/\/www.nokobike.com\/it\/supporto\/\">link<\/a>\u00a0seguente\u00a0o inviando una mail dettagliata all\u2019indirizzo customercare@nokobike.com.\u00a0<\/li><li aria-level=\"1\">Da questo momento un membro del nostro team verificher\u00e0 i tuoi dati. In caso di domande sul tuo reso, verrai contattato dal nostro Servizio Clienti. Dopo aver verificato e approvato la tua richiesta, ti invieremo noi tutte le specifiche per poter effettuare la spedizione o l\u2019eventuale consegna diretta al corriere in fase di ritiro.<\/li><li aria-level=\"1\">Invia gli articoli nella confezione originale, inclusi tutti i documenti, nell\u2019esatto modo in cui li hai ricevuti.<\/li><li aria-level=\"1\">Incolla l\u2019etichetta di reso con l\u2019indirizzo al pacco (preferibilmente sopra l\u2019etichetta di spedizione) fornita dal nostro team di Assistenza tramite e-mail.<\/li><li aria-level=\"1\">Consegna il pacco al corriere o al centro di ritiro CORRIERE pi\u00f9 vicino a te.<\/li><li aria-level=\"1\">Conserva la bolla di consegna rilasciata dal corriere.<\/li><\/ul><p>Ti informeremo non appena la spedizione arriver\u00e0 presso il nostro magazzino. Tutti i dati forniti saranno verificati e, se tutto corretto, rimborseremo al pi\u00f9 presto l\u2019intero importo degli articoli specificati. Ti ricordiamo che utilizzeremo i dettagli di pagamento del tuo ordine per effettuare il rimborso. L\u2019elaborazione e il rimborso del reso possono richiedere tra i\u00a07-14 giorni lavorativi.\u00a0<\/p><ul><li aria-level=\"1\"><b>L\u2019articolo che ho ricevuto \u00e8 errato<\/b>\u00a0<\/li><\/ul><p>Se per errore viene consegnato un articolo che non corrisponde a quanto ordinato, l\u2019acquirente dovr\u00e0 contattarci tramite il form Contattaci al seguente\u00a0<a href=\"https:\/\/www.nokobike.com\/it\/supporto\/\">link<\/a>, provvederemo in maniera immediata alla sostituzione tempestiva dell\u2019articolo.\u00a0<\/p><ul><li aria-level=\"1\"><b>L\u2019articolo che ho ricevuto \u00e8 danneggiato<\/b><\/li><\/ul><p>Al fine di far valere eventuali danneggiamenti dei colli verificatisi in fase di trasporto, il Cliente dovr\u00e0 accettare ogni collo con riserva e verificare in modo immediato l\u2019integrit\u00e0 del contenuto, segnalandoci eventuali danneggiamenti riscontrati entro 24 ore dalla consegna.<\/p><ul><li aria-level=\"1\"><b>Posso restituire un prodotto personalizzato?<\/b><\/li><\/ul><p>Come previsto dalla normativa vigente, il diritto di recesso \u00e8 escluso e non potr\u00e0 quindi essere esercitato nel caso in cui il bene acquistato sia stato personalizzato su esplicita richiesta del Cliente al momento dell\u2019ordine.<\/p>\t\t\t\t\t\t\t\t<\/div>\n\t\t\t\t<\/div>\n\t\t\t\t\t<\/div>\n\t\t<\/div>\n\t\t\t\t\t<\/div>\n\t\t<\/section>\n\t\t\t\t<section class=\"elementor-section elementor-top-section elementor-element elementor-element-00c6898 elementor-section-boxed elementor-section-height-default elementor-section-height-default\" data-id=\"00c6898\" data-element_type=\"section\">\n\t\t\t\t\t\t<div class=\"elementor-container elementor-column-gap-default\">\n\t\t\t\t\t<div class=\"elementor-column elementor-col-100 elementor-top-column elementor-element elementor-element-ec81c00\" data-id=\"ec81c00\" data-element_type=\"column\">\n\t\t\t<div class=\"elementor-widget-wrap elementor-element-populated\">\n\t\t\t\t\t\t<div class=\"elementor-element elementor-element-26f88f9 elementor-widget elementor-widget-spacer\" data-id=\"26f88f9\" data-element_type=\"widget\" data-widget_type=\"spacer.default\">\n\t\t\t\t<div class=\"elementor-widget-container\">\n\t\t\t\t\t\t\t<div class=\"elementor-spacer\">\n\t\t\t<div class=\"elementor-spacer-inner\"><\/div>\n\t\t<\/div>\n\t\t\t\t\t\t<\/div>\n\t\t\t\t<\/div>\n\t\t\t\t\t<\/div>\n\t\t<\/div>\n\t\t\t\t\t<\/div>\n\t\t<\/section>\n\t\t\t\t<\/div>\n\t\t","protected":false},"excerpt":{"rendered":"<p>Annullamento e Reso La nostra mission \u00e8 semplice ma fondamentale, essere il brand di riferimento per i nostri consumatori. Per questo motivo, ti offriamo la possibilit\u00e0 di restituire\u00a0GRATUITAMENTE\u00a0qualsiasi articolo nuovo (non usato)\u00a0entro 20 giorni dalla data di consegna. Se hai riconsiderato il tuo acquisto o hai ordinato la taglia sbagliata, ti baster\u00e0 seguire le indicazioni [&hellip;]<\/p>\n","protected":false},"author":1,"featured_media":0,"parent":0,"menu_order":0,"comment_status":"closed","ping_status":"closed","template":"","meta":{"footnotes":""},"class_list":["post-2762","page","type-page","status-publish","hentry"],"_links":{"self":[{"href":"https:\/\/nokobike.com\/it\/wp-json\/wp\/v2\/pages\/2762","targetHints":{"allow":["GET"]}}],"collection":[{"href":"https:\/\/nokobike.com\/it\/wp-json\/wp\/v2\/pages"}],"about":[{"href":"https:\/\/nokobike.com\/it\/wp-json\/wp\/v2\/types\/page"}],"author":[{"embeddable":true,"href":"https:\/\/nokobike.com\/it\/wp-json\/wp\/v2\/users\/1"}],"replies":[{"embeddable":true,"href":"https:\/\/nokobike.com\/it\/wp-json\/wp\/v2\/comments?post=2762"}],"version-history":[{"count":25,"href":"https:\/\/nokobike.com\/it\/wp-json\/wp\/v2\/pages\/2762\/revisions"}],"predecessor-version":[{"id":987544128,"href":"https:\/\/nokobike.com\/it\/wp-json\/wp\/v2\/pages\/2762\/revisions\/987544128"}],"wp:attachment":[{"href":"https:\/\/nokobike.com\/it\/wp-json\/wp\/v2\/media?parent=2762"}],"curies":[{"name":"wp","href":"https:\/\/api.w.org\/{rel}","templated":true}]}}