{"id":987528446,"date":"2024-06-28T08:14:00","date_gmt":"2024-06-28T08:14:00","guid":{"rendered":"https:\/\/nuovosito.kinsta.cloud\/?post_type=product&#038;p=987528446"},"modified":"2024-07-15T10:35:47","modified_gmt":"2024-07-15T10:35:47","slug":"abus-folding-lock","status":"publish","type":"product","link":"https:\/\/nokobike.com\/it\/abus-folding-lock\/","title":{"rendered":"ABUS FOLDING LOCK\u2122"},"content":{"rendered":"<p><b>UN LUCCHETTO PIEGHEVOLE SICURO CON COMBINAZIONE NUMERICA<\/b><\/p>\n<p>Il classico modello del lucchetto ABUS nella variante a combinazione: la chiave per il BORDO Combo\u2122 Folding Lock \u00e8 memorizzata nella tua testa. Hai bisogno di un lucchetto per biciclette che possa essere utilizzato da diverse persone, ad esempio dai membri della tua famiglia? Il BORDO Combo\u2122 Folding Lock ti risparmia la fatica di scambiare le chiavi e cercare di capire chi le aveva l&#8217;ultima volta. Il lucchetto pu\u00f2 essere comodamente aperto usando il tuo codice numerico a quattro cifre preferito invece di una chiave. La qualit\u00e0 ABUS \u00e8 garantita: i ladri di biciclette non hanno alcuna possibilit\u00e0, che si tratti di un lucchetto a combinazione numerica o a chiave.<\/p>\n<h3><b>Tecnologia:<\/b><\/h3>\n<ul>\n<li aria-level=\"1\">Barre da 5 mm con guaina a due componenti extra-morbida per evitare danni alla vernice<\/li>\n<li aria-level=\"1\">Le barre e il corpo sono realizzati in acciaio speciale temprato<\/li>\n<li aria-level=\"1\">Le barre sono collegate con rivetti speciali<\/li>\n<li aria-level=\"1\">Cilindro a due componenti garantisce una leggibilit\u00e0 a lungo termine<\/li>\n<li aria-level=\"1\">Codice configurabile individualmente<\/li>\n<\/ul>\n","protected":false},"excerpt":{"rendered":"<p><em>Il massimo in robustezza e flessibilit\u00e0<\/em>: trova un compagno affidabile nel BORDO Combo\u2122 Folding Lock, che utilizza un codice numerico al posto della chiave.<\/p>\n<p>&nbsp;<\/p>\n","protected":false},"featured_media":987525152,"comment_status":"open","ping_status":"closed","template":"","meta":[],"product_brand":[],"product_cat":[65],"product_tag":[],"class_list":{"0":"post-987528446","1":"product","2":"type-product","3":"status-publish","4":"has-post-thumbnail","6":"product_cat-accessori","8":"first","9":"instock","10":"shipping-taxable","11":"purchasable","12":"product-type-simple"},"_links":{"self":[{"href":"https:\/\/nokobike.com\/it\/wp-json\/wp\/v2\/product\/987528446","targetHints":{"allow":["GET"]}}],"collection":[{"href":"https:\/\/nokobike.com\/it\/wp-json\/wp\/v2\/product"}],"about":[{"href":"https:\/\/nokobike.com\/it\/wp-json\/wp\/v2\/types\/product"}],"replies":[{"embeddable":true,"href":"https:\/\/nokobike.com\/it\/wp-json\/wp\/v2\/comments?post=987528446"}],"wp:featuredmedia":[{"embeddable":true,"href":"https:\/\/nokobike.com\/it\/wp-json\/wp\/v2\/media\/987525152"}],"wp:attachment":[{"href":"https:\/\/nokobike.com\/it\/wp-json\/wp\/v2\/media?parent=987528446"}],"wp:term":[{"taxonomy":"product_brand","embeddable":true,"href":"https:\/\/nokobike.com\/it\/wp-json\/wp\/v2\/product_brand?post=987528446"},{"taxonomy":"product_cat","embeddable":true,"href":"https:\/\/nokobike.com\/it\/wp-json\/wp\/v2\/product_cat?post=987528446"},{"taxonomy":"product_tag","embeddable":true,"href":"https:\/\/nokobike.com\/it\/wp-json\/wp\/v2\/product_tag?post=987528446"}],"curies":[{"name":"wp","href":"https:\/\/api.w.org\/{rel}","templated":true}]}}