{"id":987528450,"date":"2024-06-28T07:39:58","date_gmt":"2024-06-28T07:39:58","guid":{"rendered":"https:\/\/nuovosito.kinsta.cloud\/?post_type=product&#038;p=987528450"},"modified":"2024-07-15T10:53:16","modified_gmt":"2024-07-15T10:53:16","slug":"adjustable-stem","status":"publish","type":"product","link":"https:\/\/nokobike.com\/it\/adjustable-stem\/","title":{"rendered":"ADJUSTABLE STEM"},"content":{"rendered":"<p>Grazie alla sua capacit\u00e0 di regolare l&#8217;angolo di inclinazione <strong>da -40\u00b0 a +40\u00b0<\/strong>, puoi facilmente personalizzare la posizione di guida secondo le tue esigenze. Questo attacco manubrio \u00e8 progettato per funzionare con la maggior parte dei manubri, il che significa che non \u00e8 necessario sostituire necessariamente il manubrio della tua bici per ottenere una posizione di guida pi\u00f9 confortevole.<\/p>\n<p>Inoltre, l&#8217;attacco \u00e8 realizzato con materiali di alta qualit\u00e0 per garantire massima resistenza e durata. Con il nostro attacco manubrio regolabile, puoi godere di <strong>un&#8217;esperienza di guida pi\u00f9 confortevole e sicura<\/strong>, che tu stia facendo una breve pedalata in citt\u00e0 o scalando una montagna.<\/p>\n<p>Non aspettare oltre, aggiungi oggi il nostro attacco manubrio regolabile alla tua bici e scopri la differenza che pu\u00f2 fare per il tuo comfort di guida.<\/p>\n","protected":false},"excerpt":{"rendered":"<p>Se stai cercando un attacco manubrio che ti permetta di regolare facilmente la posizione di guida della tua bicicletta, il nostro attacco manubrio regolabile \u00e8 la soluzione perfetta per te.<\/p>\n","protected":false},"featured_media":987525134,"comment_status":"open","ping_status":"closed","template":"","meta":[],"product_brand":[],"product_cat":[65],"product_tag":[],"class_list":{"0":"post-987528450","1":"product","2":"type-product","3":"status-publish","4":"has-post-thumbnail","6":"product_cat-accessori","8":"first","9":"instock","10":"shipping-taxable","11":"purchasable","12":"product-type-simple"},"_links":{"self":[{"href":"https:\/\/nokobike.com\/it\/wp-json\/wp\/v2\/product\/987528450","targetHints":{"allow":["GET"]}}],"collection":[{"href":"https:\/\/nokobike.com\/it\/wp-json\/wp\/v2\/product"}],"about":[{"href":"https:\/\/nokobike.com\/it\/wp-json\/wp\/v2\/types\/product"}],"replies":[{"embeddable":true,"href":"https:\/\/nokobike.com\/it\/wp-json\/wp\/v2\/comments?post=987528450"}],"wp:featuredmedia":[{"embeddable":true,"href":"https:\/\/nokobike.com\/it\/wp-json\/wp\/v2\/media\/987525134"}],"wp:attachment":[{"href":"https:\/\/nokobike.com\/it\/wp-json\/wp\/v2\/media?parent=987528450"}],"wp:term":[{"taxonomy":"product_brand","embeddable":true,"href":"https:\/\/nokobike.com\/it\/wp-json\/wp\/v2\/product_brand?post=987528450"},{"taxonomy":"product_cat","embeddable":true,"href":"https:\/\/nokobike.com\/it\/wp-json\/wp\/v2\/product_cat?post=987528450"},{"taxonomy":"product_tag","embeddable":true,"href":"https:\/\/nokobike.com\/it\/wp-json\/wp\/v2\/product_tag?post=987528450"}],"curies":[{"name":"wp","href":"https:\/\/api.w.org\/{rel}","templated":true}]}}