{"id":987528457,"date":"2024-06-19T14:41:26","date_gmt":"2024-06-19T14:41:26","guid":{"rendered":"https:\/\/nuovosito.kinsta.cloud\/?post_type=product&#038;p=987528457"},"modified":"2026-01-29T13:46:39","modified_gmt":"2026-01-29T13:46:39","slug":"nokolight","status":"publish","type":"product","link":"https:\/\/nokobike.com\/it\/nokolight\/","title":{"rendered":"NOKOLIGHT"},"content":{"rendered":"<p><span style=\"font-weight: 400;\">Sofisticato, ultraleggero e completamente personalizzabile, NOKOLIGHT fonde il design minimalista italiano con la libert\u00e0 di una batteria rimovibile. La geometria del telaio di nuova concezione offre un comfort e un&#8217;agilit\u00e0 eccezionali, permettendoti di navigare in citt\u00e0 con facilit\u00e0 e stile. Per i ciclisti che esigono eleganza, prestazioni e un&#8217;esperienza di ciclismo urbano all&#8217;avanguardia: questa \u00e8 la tua bicicletta.<\/span><\/p>\n","protected":false},"excerpt":{"rendered":"<p>Prova la vera libert\u00e0 con l&#8217;innovativa batteria rimovibile di NOKOLIGHT, progettata per garantire stile, comodit\u00e0 e prestazioni.<br \/>\n<strong>Scegli il tuo abbinamento perfetto:<\/strong><\/p>\n<ul>\n<li>250Wh &#8211; ultraleggero ed efficiente, ideale per gli spostamenti quotidiani.<\/li>\n<li>378Wh &#8211; autonomia estesa per i motociclisti che si spingono oltre.<\/li>\n<\/ul>\n<p>Minimalista nella forma ma potente nella funzione, la batteria si integra perfettamente nel design raffinato di NOKO, elevando sia l&#8217;estetica che la praticit\u00e0. Leggero e compatto, si infila senza fatica nella tua borsa, pronto a ricaricarsi ovunque tu sia o da tenere sempre con te quando la tua bici \u00e8 parcheggiata.<br \/>\nCon NOKOLIGHT, l&#8217;energia si muove con te.<\/p>\n","protected":false},"featured_media":987524460,"comment_status":"closed","ping_status":"closed","template":"","meta":[],"product_brand":[],"product_cat":[56,67],"product_tag":[],"class_list":{"0":"post-987528457","1":"product","2":"type-product","3":"status-publish","4":"has-post-thumbnail","6":"product_cat-bici-elettriche","7":"product_cat-urban","9":"first","10":"instock","11":"sale","12":"purchasable","13":"product-type-variable","14":"has-default-attributes"},"_links":{"self":[{"href":"https:\/\/nokobike.com\/it\/wp-json\/wp\/v2\/product\/987528457","targetHints":{"allow":["GET"]}}],"collection":[{"href":"https:\/\/nokobike.com\/it\/wp-json\/wp\/v2\/product"}],"about":[{"href":"https:\/\/nokobike.com\/it\/wp-json\/wp\/v2\/types\/product"}],"replies":[{"embeddable":true,"href":"https:\/\/nokobike.com\/it\/wp-json\/wp\/v2\/comments?post=987528457"}],"wp:featuredmedia":[{"embeddable":true,"href":"https:\/\/nokobike.com\/it\/wp-json\/wp\/v2\/media\/987524460"}],"wp:attachment":[{"href":"https:\/\/nokobike.com\/it\/wp-json\/wp\/v2\/media?parent=987528457"}],"wp:term":[{"taxonomy":"product_brand","embeddable":true,"href":"https:\/\/nokobike.com\/it\/wp-json\/wp\/v2\/product_brand?post=987528457"},{"taxonomy":"product_cat","embeddable":true,"href":"https:\/\/nokobike.com\/it\/wp-json\/wp\/v2\/product_cat?post=987528457"},{"taxonomy":"product_tag","embeddable":true,"href":"https:\/\/nokobike.com\/it\/wp-json\/wp\/v2\/product_tag?post=987528457"}],"curies":[{"name":"wp","href":"https:\/\/api.w.org\/{rel}","templated":true}]}}